{"id":4276,"date":"2020-12-16T09:46:32","date_gmt":"2020-12-16T09:46:32","guid":{"rendered":"https:\/\/www.stac.es\/politica-de-cookies\/"},"modified":"2021-05-25T07:08:40","modified_gmt":"2021-05-25T07:08:40","slug":"cerez-politikasi","status":"publish","type":"page","link":"https:\/\/www.stac.es\/tr\/cerez-politikasi\/","title":{"rendered":"\u00c7erez politikas\u0131"},"content":{"rendered":"<p>\u00c7erez, bilgisayar\u0131n\u0131z\u0131n taray\u0131c\u0131s\u0131nda veya mobil cihaz\u0131nda bir sayfay\u0131 ziyaret etti\u011finizde saklanan ve gezinmenizle ilgili belirli bilgileri saklamam\u0131za ve geri almam\u0131za veya belirli hizmetlere eri\u015fimi kolayla\u015ft\u0131rmak i\u00e7in sizi tan\u0131mam\u0131za olanak tan\u0131yan k\u00fc\u00e7\u00fck bir dosyad\u0131r. Baz\u0131 \u00e7erezler teknik olarak gereklidir; sat\u0131n alma i\u015flemi yapaca\u011f\u0131n\u0131zda veya e-postaya eri\u015fece\u011finizde her ad\u0131mda kullan\u0131c\u0131 ad\u0131n\u0131z\u0131 ve \u015fifrenizi girmenize gerek kalmamas\u0131 i\u00e7in kullan\u0131lanlar gibi. Bunlar &#8220;teknik \u00e7erezler&#8221; olarak adland\u0131r\u0131l\u0131r ve yaln\u0131zca siz web&#8217;deyken kullan\u0131l\u0131r. Bunlar devre d\u0131\u015f\u0131 b\u0131rak\u0131l\u0131rsa, bu web sitesinin t\u00fcm i\u00e7erik ve hizmetlerine do\u011fru bir \u015fekilde eri\u015femeyebilirsiz veya kimlik bilgilerinizin al\u0131nmas\u0131n\u0131 gerektiren bir alana eri\u015fti\u011finizde gezinmeniz yeterince rahat devam etmeyebilir. Di\u011ferler \u00e7erezler, size tercihlerinize ve ihtiya\u00e7lar\u0131n\u0131za daha uygun bir hizmet sunmak i\u00e7in ilgi alanlar\u0131n\u0131z\u0131 bilmemizi sa\u011flayan, g\u00f6z atman\u0131zla ilgili istatistik toplamay\u0131 m\u00fcmk\u00fcn k\u0131lan &#8220;analitik \u00e7erezlerdir&#8221;. Bu \u00e7erezlerin devre d\u0131\u015f\u0131 b\u0131rak\u0131lmas\u0131 sayfan\u0131n i\u015flevselli\u011fini etkilemez, ancak \u00f6zellikle size y\u00f6nelik ticari i\u00e7erik veya reklam i\u00e7eri\u011fi alamayabilirsiniz. Bu sayfa, ne bizim ne de \u00fc\u00e7\u00fcnc\u00fc \u015fah\u0131slar\u0131n &#8220;analitik \u00e7erezlerini&#8221; kullanmaz.<\/p>\n<h2>Stac SL&#8217;de hangi \u00e7erezler kullan\u0131l\u0131r?<\/h2>\n<h4>KEND\u0130 \u00c7EREZLER\u0130M\u0130Z:<\/h4>\n<ul>\n<li>Teknik \u00e7erezler:\n<ul>\n<li>PHPSESSID: Sayfada kullan\u0131lan programlamaya \u00f6zg\u00fc, otomatik ve ge\u00e7ici oturum de\u011fi\u015fkenlerini yap\u0131land\u0131rmak i\u00e7in kullan\u0131lan temel oturum \u00e7erezi. Ayr\u0131ca, ki\u015fisel bilgilere ya da bir y\u00f6netim alan\u0131na eri\u015fmek i\u00e7in \u00f6zel bir alana girerseniz veya kullan\u0131c\u0131n\u0131n kimlik bilgilerini girmesini gerektiren bir sat\u0131n alma i\u015flemi yapmak ya da hizmete eri\u015fmek i\u00e7in oturum a\u00e7arsan\u0131z sizi tan\u0131mak i\u00e7in.<\/li>\n<li>cc_cookie_accept, cc_cookie_decline: kullan\u0131c\u0131n\u0131n web&#8217;de tan\u0131mlama bilgilerinin kullan\u0131m\u0131na yetki verip vermedi\u011fini hat\u0131rlamak i\u00e7in kal\u0131c\u0131 \u00e7erezler.<\/li>\n<\/ul>\n<\/li>\n<li>Analitik:\n<ul>\n<li>Kendi analitik \u00e7erezlerimiz bu sayfada KULLANILMAZ.<\/li>\n<\/ul>\n<\/li>\n<\/ul>\n<h4>\u00dc\u00c7\u00dcNC\u00dc \u015eAHIS \u00c7EREZLER\u0130:<\/h4>\n<ul>\n<li>Teknik \u00e7erezler:\n<ul>\n<li>NID, PREF, khcookie: Oturumun i\u00e7in, Google&#8217;a ait. Harita i\u00e7eri\u011fi g\u00f6stermek i\u00e7in bir Google Maps haritas\u0131 eklememize izin veren \u00e7erezlerdir. Bu \u00e7erezler, ilgili sa\u011flay\u0131c\u0131lara aittir ve bu nedenle kendi \u00e7erez politikalar\u0131na tabidir.<\/li>\n<\/ul>\n<\/li>\n<li>Analitik:\n<ul>\n<li>__utma, __utmb, __utmc ve __utmz: Kal\u0131c\u0131d\u0131r ve Google&#8217;a aittir. Ka\u00e7 ziyaret\u00e7imiz oldu\u011funu, Stac SL&#8217;ye nas\u0131l ula\u015ft\u0131klar\u0131n\u0131, bir cep telefonu mu yoksa bilgisayar m\u0131 kulland\u0131klar\u0131n\u0131, trafi\u011fin kayna\u011f\u0131n\u0131, yeni ziyaretleri ve geri d\u00f6n\u00fc\u015fleri vb. bilmemizi sa\u011flayan Google Analytics \u00e7erezleridir. Dilerseniz taray\u0131c\u0131n\u0131zda Google Analytics&#8217;in bilgilerinizi toplayamamas\u0131 i\u00e7in kullanabilece\u011finiz ara\u00e7lar mevcuttur: https:\/\/tools.google.com\/dlpage\/gaoptout?<\/li>\n<li>Bu web sitesi reklam veya ticari ama\u00e7larla herhangi bir analitik \u00e7erez t\u00fcr\u00fc KULLANMAMAKTADIR.<\/li>\n<\/ul>\n<\/li>\n<\/ul>\n<p>Sayfada herhangi bir reklam veya ticari ileti\u015fim g\u00f6steriliyorsa, bu, kimlik bilgileri veya ki\u015fisel gezinmeleri dikkate al\u0131nmadan t\u00fcm ziyaret\u00e7iler i\u00e7in ayn\u0131 kriterlere g\u00f6re sabit, d\u00f6n\u00fc\u015f\u00fcml\u00fc veya rastgele yap\u0131l\u0131r. ELBETTE, H\u0130\u00c7B\u0130R DURUMDA K\u0130\u015e\u0130SEL VER\u0130LER TOPLANMAZ VEYA \u00dc\u00c7\u00dcNC\u00dc \u015eAHISLARA VER\u0130LMEZ.<\/p>\n<h2>Taray\u0131c\u0131m\u0131n \u00e7erezlerini nas\u0131l devre d\u0131\u015f\u0131 b\u0131rakabilirim veya yap\u0131land\u0131rabilirim?<\/h2>\n<p>Baz\u0131 durumlarda \u00e7erezleri devre d\u0131\u015f\u0131 b\u0131rak\u0131rsan\u0131z, i\u00e7erik y\u00f6netimi, e-postay\u0131 kontrol etme veya \u00e7evrimi\u00e7i sat\u0131n alma gibi konularda bir\u00e7ok sitede gezinmenizin zor olabilece\u011fini unutmay\u0131n. Bu i\u015flem, bilgisayar\u0131n\u0131zda veya mobil cihaz\u0131n\u0131zda kulland\u0131\u011f\u0131n\u0131z web taray\u0131c\u0131s\u0131na ba\u011fl\u0131 olarak farkl\u0131l\u0131k g\u00f6sterir, ancak b\u00fcy\u00fck \u00e7o\u011funlu\u011fu, uygulamay\u0131 kapatt\u0131\u011f\u0131n\u0131zda \u00e7erezlerin otomatik olarak silinmesini isteyip istemedi\u011finizi veya kal\u0131c\u0131 olarak devre d\u0131\u015f\u0131 b\u0131rakman\u0131z\u0131 isteyip istemedi\u011finizi yap\u0131land\u0131rman\u0131za olanak tan\u0131yan ara\u00e7lara sahiptir. Bu nedenle, size kolayl\u0131k sa\u011flamak i\u00e7in, en s\u0131k kullan\u0131lan taray\u0131c\u0131lar\u0131 nas\u0131l yap\u0131land\u0131raca\u011f\u0131n\u0131z\u0131 \u00f6\u011frenebilece\u011finiz baz\u0131 ba\u011flant\u0131lar\u0131 a\u015fa\u011f\u0131da sunuyoruz:<\/p>\n<p>Explorer &#8211; <a href=\"https:\/\/support.microsoft.com\/tr-tr\/windows\/tan%C4%B1mlama-bilgilerini-silme-ve-y%C3%B6netme-168dab11-0753-043d-7c16-ede5947fc64d\">https:\/\/support.microsoft.com\/tr-tr\/windows\/tan%C4%B1mlama-bilgilerini-silme-ve-y%C3%B6netme-168dab11-0753-043d-7c16-ede5947fc64d<\/a><\/p>\n<p>Firefox &#8211; <a href=\"https:\/\/support.mozilla.org\/tr\/kb\/cerezler-web-sitelerinin-bilgisayarinizda-depoladi\">https:\/\/support.mozilla.org\/tr\/kb\/cerezler-web-sitelerinin-bilgisayarinizda-depoladi<\/a><\/p>\n<p>Safari &#8211; <a href=\"https:\/\/support.apple.com\/tr-tr\/guide\/safari\/sfri11471\/mac\">https:\/\/support.apple.com\/tr-tr\/guide\/safari\/sfri11471\/mac<\/a><\/p>\n<p>Chrome &#8211; <a href=\"https:\/\/support.google.com\/chrome\/answer\/95647?hl=tr\">https:\/\/support.google.com\/chrome\/answer\/95647?hl=tr<\/a><\/p>\n<p>Opera \u2013 <a href=\"https:\/\/help.opera.com\/en\/latest\/web-preferences\/\">https:\/\/help.opera.com\/en\/latest\/web-preferences\/<\/a><\/p>\n\n\n<p><\/p>\n","protected":false},"excerpt":{"rendered":"<p>\u00c7erez, bilgisayar\u0131n\u0131z\u0131n taray\u0131c\u0131s\u0131nda veya mobil cihaz\u0131nda bir sayfay\u0131 ziyaret etti\u011finizde saklanan ve gezinmenizle ilgili belirli bilgileri saklamam\u0131za ve geri almam\u0131za veya belirli hizmetlere eri\u015fimi kolayla\u015ft\u0131rmak i\u00e7in sizi tan\u0131mam\u0131za olanak tan\u0131yan k\u00fc\u00e7\u00fck bir dosyad\u0131r. Baz\u0131 \u00e7erezler teknik olarak gereklidir; sat\u0131n alma i\u015flemi yapaca\u011f\u0131n\u0131zda veya e-postaya eri\u015fece\u011finizde her ad\u0131mda kullan\u0131c\u0131 ad\u0131n\u0131z\u0131 ve \u015fifrenizi girmenize gerek kalmamas\u0131 i\u00e7in [&hellip;]<\/p>\n","protected":false},"author":1,"featured_media":0,"parent":0,"menu_order":0,"comment_status":"closed","ping_status":"closed","template":"template-texto.php","meta":{"_acf_changed":false,"footnotes":""},"class_list":["post-4276","page","type-page","status-publish","hentry"],"acf":[],"yoast_head":"<!-- This site is optimized with the Yoast SEO plugin v27.5 - https:\/\/yoast.com\/product\/yoast-seo-wordpress\/ -->\n<title>\u00c7erez politikas\u0131 - STAC<\/title>\n<meta name=\"robots\" content=\"index, follow, max-snippet:-1, max-image-preview:large, max-video-preview:-1\" \/>\n<link rel=\"canonical\" href=\"https:\/\/www.stac.es\/tr\/cerez-politikasi\/\" \/>\n<meta property=\"og:locale\" content=\"tr_TR\" \/>\n<meta property=\"og:type\" content=\"article\" \/>\n<meta property=\"og:title\" content=\"\u00c7erez politikas\u0131 - STAC\" \/>\n<meta property=\"og:description\" content=\"\u00c7erez, bilgisayar\u0131n\u0131z\u0131n taray\u0131c\u0131s\u0131nda veya mobil cihaz\u0131nda bir sayfay\u0131 ziyaret etti\u011finizde saklanan ve gezinmenizle ilgili belirli bilgileri saklamam\u0131za ve geri almam\u0131za veya belirli hizmetlere eri\u015fimi kolayla\u015ft\u0131rmak i\u00e7in sizi tan\u0131mam\u0131za olanak tan\u0131yan k\u00fc\u00e7\u00fck bir dosyad\u0131r. Baz\u0131 \u00e7erezler teknik olarak gereklidir; sat\u0131n alma i\u015flemi yapaca\u011f\u0131n\u0131zda veya e-postaya eri\u015fece\u011finizde her ad\u0131mda kullan\u0131c\u0131 ad\u0131n\u0131z\u0131 ve \u015fifrenizi girmenize gerek kalmamas\u0131 i\u00e7in [&hellip;]\" \/>\n<meta property=\"og:url\" content=\"https:\/\/www.stac.es\/tr\/cerez-politikasi\/\" \/>\n<meta property=\"og:site_name\" content=\"STAC\" \/>\n<meta property=\"article:modified_time\" content=\"2021-05-25T07:08:40+00:00\" \/>\n<meta name=\"twitter:card\" content=\"summary_large_image\" \/>\n<meta name=\"twitter:label1\" content=\"Tahmini okuma s\u00fcresi\" \/>\n\t<meta name=\"twitter:data1\" content=\"3 dakika\" \/>\n<script type=\"application\/ld+json\" class=\"yoast-schema-graph\">{\"@context\":\"https:\\\/\\\/schema.org\",\"@graph\":[{\"@type\":\"WebPage\",\"@id\":\"https:\\\/\\\/www.stac.es\\\/tr\\\/cerez-politikasi\\\/\",\"url\":\"https:\\\/\\\/www.stac.es\\\/tr\\\/cerez-politikasi\\\/\",\"name\":\"\u00c7erez politikas\u0131 - STAC\",\"isPartOf\":{\"@id\":\"https:\\\/\\\/www.stac.es\\\/tr\\\/#website\"},\"datePublished\":\"2020-12-16T09:46:32+00:00\",\"dateModified\":\"2021-05-25T07:08:40+00:00\",\"breadcrumb\":{\"@id\":\"https:\\\/\\\/www.stac.es\\\/tr\\\/cerez-politikasi\\\/#breadcrumb\"},\"inLanguage\":\"tr\",\"potentialAction\":[{\"@type\":\"ReadAction\",\"target\":[\"https:\\\/\\\/www.stac.es\\\/tr\\\/cerez-politikasi\\\/\"]}]},{\"@type\":\"BreadcrumbList\",\"@id\":\"https:\\\/\\\/www.stac.es\\\/tr\\\/cerez-politikasi\\\/#breadcrumb\",\"itemListElement\":[{\"@type\":\"ListItem\",\"position\":1,\"name\":\"Portada\",\"item\":\"https:\\\/\\\/www.stac.es\\\/tr\\\/\"},{\"@type\":\"ListItem\",\"position\":2,\"name\":\"\u00c7erez politikas\u0131\"}]},{\"@type\":\"WebSite\",\"@id\":\"https:\\\/\\\/www.stac.es\\\/tr\\\/#website\",\"url\":\"https:\\\/\\\/www.stac.es\\\/tr\\\/\",\"name\":\"STAC\",\"description\":\"Soluciones para sistemas de aluminio\",\"potentialAction\":[{\"@type\":\"SearchAction\",\"target\":{\"@type\":\"EntryPoint\",\"urlTemplate\":\"https:\\\/\\\/www.stac.es\\\/tr\\\/?s={search_term_string}\"},\"query-input\":{\"@type\":\"PropertyValueSpecification\",\"valueRequired\":true,\"valueName\":\"search_term_string\"}}],\"inLanguage\":\"tr\"}]}<\/script>\n<!-- \/ Yoast SEO plugin. -->","yoast_head_json":{"title":"\u00c7erez politikas\u0131 - STAC","robots":{"index":"index","follow":"follow","max-snippet":"max-snippet:-1","max-image-preview":"max-image-preview:large","max-video-preview":"max-video-preview:-1"},"canonical":"https:\/\/www.stac.es\/tr\/cerez-politikasi\/","og_locale":"tr_TR","og_type":"article","og_title":"\u00c7erez politikas\u0131 - STAC","og_description":"\u00c7erez, bilgisayar\u0131n\u0131z\u0131n taray\u0131c\u0131s\u0131nda veya mobil cihaz\u0131nda bir sayfay\u0131 ziyaret etti\u011finizde saklanan ve gezinmenizle ilgili belirli bilgileri saklamam\u0131za ve geri almam\u0131za veya belirli hizmetlere eri\u015fimi kolayla\u015ft\u0131rmak i\u00e7in sizi tan\u0131mam\u0131za olanak tan\u0131yan k\u00fc\u00e7\u00fck bir dosyad\u0131r. Baz\u0131 \u00e7erezler teknik olarak gereklidir; sat\u0131n alma i\u015flemi yapaca\u011f\u0131n\u0131zda veya e-postaya eri\u015fece\u011finizde her ad\u0131mda kullan\u0131c\u0131 ad\u0131n\u0131z\u0131 ve \u015fifrenizi girmenize gerek kalmamas\u0131 i\u00e7in [&hellip;]","og_url":"https:\/\/www.stac.es\/tr\/cerez-politikasi\/","og_site_name":"STAC","article_modified_time":"2021-05-25T07:08:40+00:00","twitter_card":"summary_large_image","twitter_misc":{"Tahmini okuma s\u00fcresi":"3 dakika"},"schema":{"@context":"https:\/\/schema.org","@graph":[{"@type":"WebPage","@id":"https:\/\/www.stac.es\/tr\/cerez-politikasi\/","url":"https:\/\/www.stac.es\/tr\/cerez-politikasi\/","name":"\u00c7erez politikas\u0131 - STAC","isPartOf":{"@id":"https:\/\/www.stac.es\/tr\/#website"},"datePublished":"2020-12-16T09:46:32+00:00","dateModified":"2021-05-25T07:08:40+00:00","breadcrumb":{"@id":"https:\/\/www.stac.es\/tr\/cerez-politikasi\/#breadcrumb"},"inLanguage":"tr","potentialAction":[{"@type":"ReadAction","target":["https:\/\/www.stac.es\/tr\/cerez-politikasi\/"]}]},{"@type":"BreadcrumbList","@id":"https:\/\/www.stac.es\/tr\/cerez-politikasi\/#breadcrumb","itemListElement":[{"@type":"ListItem","position":1,"name":"Portada","item":"https:\/\/www.stac.es\/tr\/"},{"@type":"ListItem","position":2,"name":"\u00c7erez politikas\u0131"}]},{"@type":"WebSite","@id":"https:\/\/www.stac.es\/tr\/#website","url":"https:\/\/www.stac.es\/tr\/","name":"STAC","description":"Soluciones para sistemas de aluminio","potentialAction":[{"@type":"SearchAction","target":{"@type":"EntryPoint","urlTemplate":"https:\/\/www.stac.es\/tr\/?s={search_term_string}"},"query-input":{"@type":"PropertyValueSpecification","valueRequired":true,"valueName":"search_term_string"}}],"inLanguage":"tr"}]}},"_links":{"self":[{"href":"https:\/\/www.stac.es\/tr\/wp-json\/wp\/v2\/pages\/4276","targetHints":{"allow":["GET"]}}],"collection":[{"href":"https:\/\/www.stac.es\/tr\/wp-json\/wp\/v2\/pages"}],"about":[{"href":"https:\/\/www.stac.es\/tr\/wp-json\/wp\/v2\/types\/page"}],"author":[{"embeddable":true,"href":"https:\/\/www.stac.es\/tr\/wp-json\/wp\/v2\/users\/1"}],"replies":[{"embeddable":true,"href":"https:\/\/www.stac.es\/tr\/wp-json\/wp\/v2\/comments?post=4276"}],"version-history":[{"count":11,"href":"https:\/\/www.stac.es\/tr\/wp-json\/wp\/v2\/pages\/4276\/revisions"}],"predecessor-version":[{"id":6598,"href":"https:\/\/www.stac.es\/tr\/wp-json\/wp\/v2\/pages\/4276\/revisions\/6598"}],"wp:attachment":[{"href":"https:\/\/www.stac.es\/tr\/wp-json\/wp\/v2\/media?parent=4276"}],"curies":[{"name":"wp","href":"https:\/\/api.w.org\/{rel}","templated":true}]}}