{"id":4271,"date":"2020-12-16T09:46:41","date_gmt":"2020-12-16T09:46:41","guid":{"rendered":"https:\/\/www.stac.es\/aviso-legal\/"},"modified":"2025-03-18T09:36:44","modified_gmt":"2025-03-18T09:36:44","slug":"yasal-uyari","status":"publish","type":"page","link":"https:\/\/www.stac.es\/tr\/yasal-uyari\/","title":{"rendered":"Yasal uyar\u0131"},"content":{"rendered":"\n<div class=\"wp-block-group wrapper doble-separador-superior doble-separador-inferior\"><div class=\"wp-block-group__inner-container is-layout-flow wp-block-group-is-layout-flow\">\n<p><\/p>\n\n\n\n<p>Pol\u00edgono Industrial Picusa S\/N<br>15900 &#8211; (Padr\u00f3n) &#8211; A Coru\u00f1a &#8211; \u0130spanya<\/p>\n\n\n\n<p>Tlf. (+34) 981 81 70 36<br>Faks (+34) 981 81 70 37<br>rgpd@stac.es<\/p>\n\n\n\n<p>Santiago Ticaret Siciline Kay\u0131tl\u0131 \u015eirket, 2,499 say\u0131l\u0131 defter, 129 say\u0131l\u0131 klas\u00f6r, 4 say\u0131l\u0131 Giri\u015f, C-27,276 say\u0131l\u0131 Sayfa \u0130\u015flem Amac\u0131<\/p>\n\n\n\n<p><strong>\u0130\u015flem Amac\u0131:<\/strong><br>Bu web sitesinde yer alan formlar arac\u0131l\u0131\u011f\u0131yla toplanan veriler, kullan\u0131c\u0131 taraf\u0131ndan ifade edilen tercihlere g\u00f6re i\u015flemeden sorumlu ki\u015fiye ki\u015fiselle\u015ftirilmi\u015f bilgiler g\u00f6ndermek i\u00e7in kullan\u0131l\u0131r.<\/p>\n\n\n\n<p><strong>Me\u015fruiyet:<\/strong><br>Ki\u015fisel verilerin i\u015flenmesinin yasal dayana\u011f\u0131, web formunun kutular\u0131 veya &#8220;onay kutusu&#8221; arac\u0131l\u0131\u011f\u0131yla kullan\u0131c\u0131 taraf\u0131ndan verilen onay; veya taraflar aras\u0131nda s\u00f6zle\u015fmeye dayal\u0131 bir ili\u015fkinin varl\u0131\u011f\u0131; veya GDPR taraf\u0131ndan \u00f6ng\u00f6r\u00fclen durumlarda me\u015fru bir menfaatin varl\u0131\u011f\u0131 \u015feklindedir.<\/p>\n\n\n\n<p><strong>Kullan\u0131c\u0131 haklar\u0131:<\/strong><br>Kullan\u0131c\u0131, ki\u015fisel verilerine eri\u015fim talep etme, yanl\u0131\u015f verilerin d\u00fczeltilmesini talep etme, di\u011fer nedenlerin yan\u0131 s\u0131ra, verilerin topland\u0131klar\u0131 ama\u00e7lar i\u00e7in art\u0131k gerekli olmad\u0131\u011f\u0131nda silinmesini talep etme ve verileri i\u015flemenin s\u0131n\u0131rland\u0131r\u0131lmas\u0131n\u0131 talep etme (bu durumda verileri, yaln\u0131zca yasal isteklerin kar\u015f\u0131lanmas\u0131 veya savunulmas\u0131 i\u00e7in saklayaca\u011f\u0131z), verilerinin i\u015flenmesini reddetme (bu durumda verileri i\u015flemekten sorumlu taraf, olas\u0131 yasal isteklerin savunulmas\u0131 veya zorunlu me\u015fru nedenler haricinde verileri art\u0131k i\u015flemeyecektir) ve\/veya verilerin ta\u015f\u0131nmas\u0131n\u0131 talep etme hakk\u0131na sahiptir.<\/p>\n\n\n\n<p><strong>Saklama s\u00fcresi:<\/strong><br>Kullan\u0131c\u0131lar taraf\u0131ndan sa\u011flanan veriler, toplanmalar\u0131n\u0131 do\u011furan amac\u0131 ger\u00e7ekle\u015ftirmek i\u00e7in kesinlikle sadece gerekli olan s\u00fcre boyunca saklanacakt\u0131r. Kendi pay\u0131na, bu sayfadaki web formlar\u0131 arac\u0131l\u0131\u011f\u0131yla verilen onay geri al\u0131nabilir, b\u00f6ylece herhangi bir zamanda, verilerinizin silinmesini talep edebilir veya \u00f6nceki b\u00f6l\u00fcmde belirtilen haklardan herhangi birini, uygun ileti\u015fimi taraf\u0131m\u0131za bu belgede belirtilen posta veya e-posta adreslerine y\u00f6nlendirerek kullanabilirsiniz.<\/p>\n\n\n\n<p><strong>Veri ileti\u015fimi:<\/strong><br>Sa\u011flanan veriler, yasal zorunluluk d\u0131\u015f\u0131nda \u00fc\u00e7\u00fcnc\u00fc \u015fah\u0131slara aktar\u0131lmayacak veya devredilmeyecektir.<\/p>\n\n\n\n<p><strong>Uluslararas\u0131 veri aktar\u0131mlar\u0131:<\/strong><br>Ki\u015fisel verilerinizi yaln\u0131zca Genel Veri Koruma Y\u00f6netmeli\u011fi h\u00fck\u00fcmlerine uyan veri i\u015fleyici taraflarda sakl\u0131yoruz. Veri depolama i\u015fleminden sorumlu olan her taraf, Avrupa Ekonomik Alan\u0131&#8217;nda, GDPR&#8217;a g\u00f6re yeterli d\u00fczeyde koruma sa\u011flad\u0131\u011f\u0131n\u0131 garanti eden Devletler ve b\u00f6lgelerde veya Amerika Birle\u015fik Devletleri&#8217;nin &#8220;Privacy Shield&#8221; ya da &#8220;gizlilik kalkan\u0131na&#8221; ba\u011fl\u0131 kurulu\u015flarda bulunmaktad\u0131r.<\/p>\n\n\n\n<p><strong>Ge\u00e7erli yasa:<\/strong><br>2016\/679 say\u0131l\u0131 Veri Koruma ile ilgili Genel Y\u00f6netmelik (AB) ge\u00e7erlidir.<\/p>\n<\/div><\/div>\n\n\n\n<p><\/p>\n","protected":false},"excerpt":{"rendered":"<p>Pol\u00edgono Industrial Picusa S\/N15900 &#8211; (Padr\u00f3n) &#8211; A Coru\u00f1a &#8211; \u0130spanya Tlf. (+34) 981 81 70 36Faks (+34) 981 81 70 37rgpd@stac.es Santiago Ticaret Siciline Kay\u0131tl\u0131 \u015eirket, 2,499 say\u0131l\u0131 defter, 129 say\u0131l\u0131 klas\u00f6r, 4 say\u0131l\u0131 Giri\u015f, C-27,276 say\u0131l\u0131 Sayfa \u0130\u015flem Amac\u0131 \u0130\u015flem Amac\u0131:Bu web sitesinde yer alan formlar arac\u0131l\u0131\u011f\u0131yla toplanan veriler, kullan\u0131c\u0131 taraf\u0131ndan ifade edilen [&hellip;]<\/p>\n","protected":false},"author":1,"featured_media":0,"parent":0,"menu_order":0,"comment_status":"closed","ping_status":"closed","template":"","meta":{"_acf_changed":false,"footnotes":""},"class_list":["post-4271","page","type-page","status-publish","hentry"],"acf":[],"yoast_head":"<!-- This site is optimized with the Yoast SEO plugin v27.5 - https:\/\/yoast.com\/product\/yoast-seo-wordpress\/ -->\n<title>Yasal uyar\u0131 - STAC<\/title>\n<meta name=\"robots\" content=\"index, follow, max-snippet:-1, max-image-preview:large, max-video-preview:-1\" \/>\n<link rel=\"canonical\" href=\"https:\/\/www.stac.es\/tr\/yasal-uyari\/\" \/>\n<meta property=\"og:locale\" content=\"tr_TR\" \/>\n<meta property=\"og:type\" content=\"article\" \/>\n<meta property=\"og:title\" content=\"Yasal uyar\u0131 - STAC\" \/>\n<meta property=\"og:description\" content=\"Pol\u00edgono Industrial Picusa S\/N15900 &#8211; (Padr\u00f3n) &#8211; A Coru\u00f1a &#8211; \u0130spanya Tlf. (+34) 981 81 70 36Faks (+34) 981 81 70 37rgpd@stac.es Santiago Ticaret Siciline Kay\u0131tl\u0131 \u015eirket, 2,499 say\u0131l\u0131 defter, 129 say\u0131l\u0131 klas\u00f6r, 4 say\u0131l\u0131 Giri\u015f, C-27,276 say\u0131l\u0131 Sayfa \u0130\u015flem Amac\u0131 \u0130\u015flem Amac\u0131:Bu web sitesinde yer alan formlar arac\u0131l\u0131\u011f\u0131yla toplanan veriler, kullan\u0131c\u0131 taraf\u0131ndan ifade edilen [&hellip;]\" \/>\n<meta property=\"og:url\" content=\"https:\/\/www.stac.es\/tr\/yasal-uyari\/\" \/>\n<meta property=\"og:site_name\" content=\"STAC\" \/>\n<meta property=\"article:modified_time\" content=\"2025-03-18T09:36:44+00:00\" \/>\n<meta name=\"twitter:card\" content=\"summary_large_image\" \/>\n<meta name=\"twitter:label1\" content=\"Tahmini okuma s\u00fcresi\" \/>\n\t<meta name=\"twitter:data1\" content=\"2 dakika\" \/>\n<script type=\"application\/ld+json\" class=\"yoast-schema-graph\">{\"@context\":\"https:\\\/\\\/schema.org\",\"@graph\":[{\"@type\":\"WebPage\",\"@id\":\"https:\\\/\\\/www.stac.es\\\/tr\\\/yasal-uyari\\\/\",\"url\":\"https:\\\/\\\/www.stac.es\\\/tr\\\/yasal-uyari\\\/\",\"name\":\"Yasal uyar\u0131 - STAC\",\"isPartOf\":{\"@id\":\"https:\\\/\\\/www.stac.es\\\/tr\\\/#website\"},\"datePublished\":\"2020-12-16T09:46:41+00:00\",\"dateModified\":\"2025-03-18T09:36:44+00:00\",\"breadcrumb\":{\"@id\":\"https:\\\/\\\/www.stac.es\\\/tr\\\/yasal-uyari\\\/#breadcrumb\"},\"inLanguage\":\"tr\",\"potentialAction\":[{\"@type\":\"ReadAction\",\"target\":[\"https:\\\/\\\/www.stac.es\\\/tr\\\/yasal-uyari\\\/\"]}]},{\"@type\":\"BreadcrumbList\",\"@id\":\"https:\\\/\\\/www.stac.es\\\/tr\\\/yasal-uyari\\\/#breadcrumb\",\"itemListElement\":[{\"@type\":\"ListItem\",\"position\":1,\"name\":\"Portada\",\"item\":\"https:\\\/\\\/www.stac.es\\\/tr\\\/\"},{\"@type\":\"ListItem\",\"position\":2,\"name\":\"Yasal uyar\u0131\"}]},{\"@type\":\"WebSite\",\"@id\":\"https:\\\/\\\/www.stac.es\\\/tr\\\/#website\",\"url\":\"https:\\\/\\\/www.stac.es\\\/tr\\\/\",\"name\":\"STAC\",\"description\":\"Soluciones para sistemas de aluminio\",\"potentialAction\":[{\"@type\":\"SearchAction\",\"target\":{\"@type\":\"EntryPoint\",\"urlTemplate\":\"https:\\\/\\\/www.stac.es\\\/tr\\\/?s={search_term_string}\"},\"query-input\":{\"@type\":\"PropertyValueSpecification\",\"valueRequired\":true,\"valueName\":\"search_term_string\"}}],\"inLanguage\":\"tr\"}]}<\/script>\n<!-- \/ Yoast SEO plugin. -->","yoast_head_json":{"title":"Yasal uyar\u0131 - STAC","robots":{"index":"index","follow":"follow","max-snippet":"max-snippet:-1","max-image-preview":"max-image-preview:large","max-video-preview":"max-video-preview:-1"},"canonical":"https:\/\/www.stac.es\/tr\/yasal-uyari\/","og_locale":"tr_TR","og_type":"article","og_title":"Yasal uyar\u0131 - STAC","og_description":"Pol\u00edgono Industrial Picusa S\/N15900 &#8211; (Padr\u00f3n) &#8211; A Coru\u00f1a &#8211; \u0130spanya Tlf. (+34) 981 81 70 36Faks (+34) 981 81 70 37rgpd@stac.es Santiago Ticaret Siciline Kay\u0131tl\u0131 \u015eirket, 2,499 say\u0131l\u0131 defter, 129 say\u0131l\u0131 klas\u00f6r, 4 say\u0131l\u0131 Giri\u015f, C-27,276 say\u0131l\u0131 Sayfa \u0130\u015flem Amac\u0131 \u0130\u015flem Amac\u0131:Bu web sitesinde yer alan formlar arac\u0131l\u0131\u011f\u0131yla toplanan veriler, kullan\u0131c\u0131 taraf\u0131ndan ifade edilen [&hellip;]","og_url":"https:\/\/www.stac.es\/tr\/yasal-uyari\/","og_site_name":"STAC","article_modified_time":"2025-03-18T09:36:44+00:00","twitter_card":"summary_large_image","twitter_misc":{"Tahmini okuma s\u00fcresi":"2 dakika"},"schema":{"@context":"https:\/\/schema.org","@graph":[{"@type":"WebPage","@id":"https:\/\/www.stac.es\/tr\/yasal-uyari\/","url":"https:\/\/www.stac.es\/tr\/yasal-uyari\/","name":"Yasal uyar\u0131 - STAC","isPartOf":{"@id":"https:\/\/www.stac.es\/tr\/#website"},"datePublished":"2020-12-16T09:46:41+00:00","dateModified":"2025-03-18T09:36:44+00:00","breadcrumb":{"@id":"https:\/\/www.stac.es\/tr\/yasal-uyari\/#breadcrumb"},"inLanguage":"tr","potentialAction":[{"@type":"ReadAction","target":["https:\/\/www.stac.es\/tr\/yasal-uyari\/"]}]},{"@type":"BreadcrumbList","@id":"https:\/\/www.stac.es\/tr\/yasal-uyari\/#breadcrumb","itemListElement":[{"@type":"ListItem","position":1,"name":"Portada","item":"https:\/\/www.stac.es\/tr\/"},{"@type":"ListItem","position":2,"name":"Yasal uyar\u0131"}]},{"@type":"WebSite","@id":"https:\/\/www.stac.es\/tr\/#website","url":"https:\/\/www.stac.es\/tr\/","name":"STAC","description":"Soluciones para sistemas de aluminio","potentialAction":[{"@type":"SearchAction","target":{"@type":"EntryPoint","urlTemplate":"https:\/\/www.stac.es\/tr\/?s={search_term_string}"},"query-input":{"@type":"PropertyValueSpecification","valueRequired":true,"valueName":"search_term_string"}}],"inLanguage":"tr"}]}},"_links":{"self":[{"href":"https:\/\/www.stac.es\/tr\/wp-json\/wp\/v2\/pages\/4271","targetHints":{"allow":["GET"]}}],"collection":[{"href":"https:\/\/www.stac.es\/tr\/wp-json\/wp\/v2\/pages"}],"about":[{"href":"https:\/\/www.stac.es\/tr\/wp-json\/wp\/v2\/types\/page"}],"author":[{"embeddable":true,"href":"https:\/\/www.stac.es\/tr\/wp-json\/wp\/v2\/users\/1"}],"replies":[{"embeddable":true,"href":"https:\/\/www.stac.es\/tr\/wp-json\/wp\/v2\/comments?post=4271"}],"version-history":[{"count":9,"href":"https:\/\/www.stac.es\/tr\/wp-json\/wp\/v2\/pages\/4271\/revisions"}],"predecessor-version":[{"id":72049,"href":"https:\/\/www.stac.es\/tr\/wp-json\/wp\/v2\/pages\/4271\/revisions\/72049"}],"wp:attachment":[{"href":"https:\/\/www.stac.es\/tr\/wp-json\/wp\/v2\/media?parent=4271"}],"curies":[{"name":"wp","href":"https:\/\/api.w.org\/{rel}","templated":true}]}}