{"id":4231,"date":"2021-03-22T10:54:32","date_gmt":"2021-03-22T10:54:32","guid":{"rendered":"https:\/\/www.stac.es\/recuperar-contrasena-enviada\/"},"modified":"2021-05-14T07:17:15","modified_gmt":"2021-05-14T07:17:15","slug":"gonderilen-sifreyi-kurtar","status":"publish","type":"page","link":"https:\/\/www.stac.es\/tr\/gonderilen-sifreyi-kurtar\/","title":{"rendered":"G\u00f6nderilen \u015fifreyi kurtar"},"content":{"rendered":"\n<div class=\"wp-block-group wrapper doble-separador-superior doble-separador-inferior\"><div class=\"wp-block-group__inner-container is-layout-flow wp-block-group-is-layout-flow\">\n<h2 class=\"wp-block-heading\">G\u00f6nderilen \u015fifreyi kurtar<\/h2>\n\n\n\n<p>Hesab\u0131n\u0131za \u015fifrenizi kurtarma ba\u011flant\u0131s\u0131n\u0131 i\u00e7eren bir e-posta g\u00f6nderdik<\/p>\n<\/div><\/div>\n\n\n\n<p><\/p>\n","protected":false},"excerpt":{"rendered":"<p>G\u00f6nderilen \u015fifreyi kurtar Hesab\u0131n\u0131za \u015fifrenizi kurtarma ba\u011flant\u0131s\u0131n\u0131 i\u00e7eren bir e-posta g\u00f6nderdik<\/p>\n","protected":false},"author":1,"featured_media":0,"parent":0,"menu_order":0,"comment_status":"closed","ping_status":"closed","template":"","meta":{"_acf_changed":false,"footnotes":""},"class_list":["post-4231","page","type-page","status-publish","hentry"],"acf":[],"yoast_head":"<!-- This site is optimized with the Yoast SEO plugin v27.5 - https:\/\/yoast.com\/product\/yoast-seo-wordpress\/ -->\n<title>G\u00f6nderilen \u015fifreyi kurtar - STAC<\/title>\n<meta name=\"robots\" content=\"index, follow, max-snippet:-1, max-image-preview:large, max-video-preview:-1\" \/>\n<link rel=\"canonical\" href=\"https:\/\/www.stac.es\/tr\/gonderilen-sifreyi-kurtar\/\" \/>\n<meta property=\"og:locale\" content=\"tr_TR\" \/>\n<meta property=\"og:type\" content=\"article\" \/>\n<meta property=\"og:title\" content=\"G\u00f6nderilen \u015fifreyi kurtar - STAC\" \/>\n<meta property=\"og:description\" content=\"G\u00f6nderilen \u015fifreyi kurtar Hesab\u0131n\u0131za \u015fifrenizi kurtarma ba\u011flant\u0131s\u0131n\u0131 i\u00e7eren bir e-posta g\u00f6nderdik\" \/>\n<meta property=\"og:url\" content=\"https:\/\/www.stac.es\/tr\/gonderilen-sifreyi-kurtar\/\" \/>\n<meta property=\"og:site_name\" content=\"STAC\" \/>\n<meta property=\"article:modified_time\" content=\"2021-05-14T07:17:15+00:00\" \/>\n<meta name=\"twitter:card\" content=\"summary_large_image\" \/>\n<meta name=\"twitter:label1\" content=\"Tahmini okuma s\u00fcresi\" \/>\n\t<meta name=\"twitter:data1\" content=\"1 dakika\" \/>\n<script type=\"application\/ld+json\" class=\"yoast-schema-graph\">{\"@context\":\"https:\\\/\\\/schema.org\",\"@graph\":[{\"@type\":\"WebPage\",\"@id\":\"https:\\\/\\\/www.stac.es\\\/tr\\\/gonderilen-sifreyi-kurtar\\\/\",\"url\":\"https:\\\/\\\/www.stac.es\\\/tr\\\/gonderilen-sifreyi-kurtar\\\/\",\"name\":\"G\u00f6nderilen \u015fifreyi kurtar - STAC\",\"isPartOf\":{\"@id\":\"https:\\\/\\\/www.stac.es\\\/tr\\\/#website\"},\"datePublished\":\"2021-03-22T10:54:32+00:00\",\"dateModified\":\"2021-05-14T07:17:15+00:00\",\"breadcrumb\":{\"@id\":\"https:\\\/\\\/www.stac.es\\\/tr\\\/gonderilen-sifreyi-kurtar\\\/#breadcrumb\"},\"inLanguage\":\"tr\",\"potentialAction\":[{\"@type\":\"ReadAction\",\"target\":[\"https:\\\/\\\/www.stac.es\\\/tr\\\/gonderilen-sifreyi-kurtar\\\/\"]}]},{\"@type\":\"BreadcrumbList\",\"@id\":\"https:\\\/\\\/www.stac.es\\\/tr\\\/gonderilen-sifreyi-kurtar\\\/#breadcrumb\",\"itemListElement\":[{\"@type\":\"ListItem\",\"position\":1,\"name\":\"Portada\",\"item\":\"https:\\\/\\\/www.stac.es\\\/tr\\\/\"},{\"@type\":\"ListItem\",\"position\":2,\"name\":\"G\u00f6nderilen \u015fifreyi kurtar\"}]},{\"@type\":\"WebSite\",\"@id\":\"https:\\\/\\\/www.stac.es\\\/tr\\\/#website\",\"url\":\"https:\\\/\\\/www.stac.es\\\/tr\\\/\",\"name\":\"STAC\",\"description\":\"Soluciones para sistemas de aluminio\",\"potentialAction\":[{\"@type\":\"SearchAction\",\"target\":{\"@type\":\"EntryPoint\",\"urlTemplate\":\"https:\\\/\\\/www.stac.es\\\/tr\\\/?s={search_term_string}\"},\"query-input\":{\"@type\":\"PropertyValueSpecification\",\"valueRequired\":true,\"valueName\":\"search_term_string\"}}],\"inLanguage\":\"tr\"}]}<\/script>\n<!-- \/ Yoast SEO plugin. -->","yoast_head_json":{"title":"G\u00f6nderilen \u015fifreyi kurtar - STAC","robots":{"index":"index","follow":"follow","max-snippet":"max-snippet:-1","max-image-preview":"max-image-preview:large","max-video-preview":"max-video-preview:-1"},"canonical":"https:\/\/www.stac.es\/tr\/gonderilen-sifreyi-kurtar\/","og_locale":"tr_TR","og_type":"article","og_title":"G\u00f6nderilen \u015fifreyi kurtar - STAC","og_description":"G\u00f6nderilen \u015fifreyi kurtar Hesab\u0131n\u0131za \u015fifrenizi kurtarma ba\u011flant\u0131s\u0131n\u0131 i\u00e7eren bir e-posta g\u00f6nderdik","og_url":"https:\/\/www.stac.es\/tr\/gonderilen-sifreyi-kurtar\/","og_site_name":"STAC","article_modified_time":"2021-05-14T07:17:15+00:00","twitter_card":"summary_large_image","twitter_misc":{"Tahmini okuma s\u00fcresi":"1 dakika"},"schema":{"@context":"https:\/\/schema.org","@graph":[{"@type":"WebPage","@id":"https:\/\/www.stac.es\/tr\/gonderilen-sifreyi-kurtar\/","url":"https:\/\/www.stac.es\/tr\/gonderilen-sifreyi-kurtar\/","name":"G\u00f6nderilen \u015fifreyi kurtar - STAC","isPartOf":{"@id":"https:\/\/www.stac.es\/tr\/#website"},"datePublished":"2021-03-22T10:54:32+00:00","dateModified":"2021-05-14T07:17:15+00:00","breadcrumb":{"@id":"https:\/\/www.stac.es\/tr\/gonderilen-sifreyi-kurtar\/#breadcrumb"},"inLanguage":"tr","potentialAction":[{"@type":"ReadAction","target":["https:\/\/www.stac.es\/tr\/gonderilen-sifreyi-kurtar\/"]}]},{"@type":"BreadcrumbList","@id":"https:\/\/www.stac.es\/tr\/gonderilen-sifreyi-kurtar\/#breadcrumb","itemListElement":[{"@type":"ListItem","position":1,"name":"Portada","item":"https:\/\/www.stac.es\/tr\/"},{"@type":"ListItem","position":2,"name":"G\u00f6nderilen \u015fifreyi kurtar"}]},{"@type":"WebSite","@id":"https:\/\/www.stac.es\/tr\/#website","url":"https:\/\/www.stac.es\/tr\/","name":"STAC","description":"Soluciones para sistemas de aluminio","potentialAction":[{"@type":"SearchAction","target":{"@type":"EntryPoint","urlTemplate":"https:\/\/www.stac.es\/tr\/?s={search_term_string}"},"query-input":{"@type":"PropertyValueSpecification","valueRequired":true,"valueName":"search_term_string"}}],"inLanguage":"tr"}]}},"_links":{"self":[{"href":"https:\/\/www.stac.es\/tr\/wp-json\/wp\/v2\/pages\/4231","targetHints":{"allow":["GET"]}}],"collection":[{"href":"https:\/\/www.stac.es\/tr\/wp-json\/wp\/v2\/pages"}],"about":[{"href":"https:\/\/www.stac.es\/tr\/wp-json\/wp\/v2\/types\/page"}],"author":[{"embeddable":true,"href":"https:\/\/www.stac.es\/tr\/wp-json\/wp\/v2\/users\/1"}],"replies":[{"embeddable":true,"href":"https:\/\/www.stac.es\/tr\/wp-json\/wp\/v2\/comments?post=4231"}],"version-history":[{"count":2,"href":"https:\/\/www.stac.es\/tr\/wp-json\/wp\/v2\/pages\/4231\/revisions"}],"predecessor-version":[{"id":5529,"href":"https:\/\/www.stac.es\/tr\/wp-json\/wp\/v2\/pages\/4231\/revisions\/5529"}],"wp:attachment":[{"href":"https:\/\/www.stac.es\/tr\/wp-json\/wp\/v2\/media?parent=4231"}],"curies":[{"name":"wp","href":"https:\/\/api.w.org\/{rel}","templated":true}]}}