{"id":4211,"date":"2021-03-30T14:39:58","date_gmt":"2021-03-30T14:39:58","guid":{"rendered":"https:\/\/www.stac.es\/eficiencia-energetica\/"},"modified":"2021-05-11T11:06:42","modified_gmt":"2021-05-11T11:06:42","slug":"enerji-verimliligi","status":"publish","type":"page","link":"https:\/\/www.stac.es\/tr\/enerji-verimliligi\/","title":{"rendered":"Enerji verimlili\u011fi"},"content":{"rendered":"\n<div class=\"wp-block-cover has-background-dim separador-inferior\"><img loading=\"lazy\" decoding=\"async\" width=\"2560\" height=\"1062\" class=\"wp-block-cover__image-background wp-image-1364\" alt=\"\" src=\"https:\/\/www.stac.es\/wp-content\/uploads\/2021\/03\/01_perfiles-scaled.jpg\" data-object-fit=\"cover\" srcset=\"https:\/\/www.stac.es\/wp-content\/uploads\/2021\/03\/01_perfiles-scaled.jpg 2560w, https:\/\/www.stac.es\/wp-content\/uploads\/2021\/03\/01_perfiles-300x124.jpg 300w, https:\/\/www.stac.es\/wp-content\/uploads\/2021\/03\/01_perfiles-1024x425.jpg 1024w, https:\/\/www.stac.es\/wp-content\/uploads\/2021\/03\/01_perfiles-768x318.jpg 768w, https:\/\/www.stac.es\/wp-content\/uploads\/2021\/03\/01_perfiles-1536x637.jpg 1536w, https:\/\/www.stac.es\/wp-content\/uploads\/2021\/03\/01_perfiles-2048x849.jpg 2048w\" sizes=\"auto, (max-width: 2560px) 100vw, 2560px\" \/><div class=\"wp-block-cover__inner-container is-layout-flow wp-block-cover-is-layout-flow\">\n<p class=\"has-text-align-center has-large-font-size\"><\/p>\n<\/div><\/div>\n\n\n\n<div class=\"wp-block-group wrapper\"><div class=\"wp-block-group__inner-container is-layout-flow wp-block-group-is-layout-flow\">\n<h1 class=\"has-text-align-center wp-block-heading\">Enerji verimlili\u011fi<\/h1>\n\n\n\n<p class=\"has-text-align-center\">STAC olarak, pencere sistemi i\u00e7inde enerji verimlili\u011fini bir b\u00fct\u00fcn olarak g\u00f6r\u00fcyoruz, b\u00fct\u00fcn\u00fc daha verimli bir \u015fekilde izole eden \u00fcr\u00fcnler tasarl\u0131yor ve in\u015fa ediyoruz.<\/p>\n\n\n\n<div class=\"wp-block-group wrapper\"><div class=\"wp-block-group__inner-container is-layout-flow wp-block-group-is-layout-flow\">\n<div class=\"wp-block-columns is-layout-flex wp-container-core-columns-is-layout-9d6595d7 wp-block-columns-is-layout-flex\">\n<div class=\"wp-block-column is-layout-flow wp-block-column-is-layout-flow\">\n<figure class=\"wp-block-image size-large\"><img loading=\"lazy\" decoding=\"async\" width=\"285\" height=\"271\" src=\"https:\/\/www.stac.es\/wp-content\/uploads\/2020\/12\/juntas.jpg\" alt=\"\" class=\"wp-image-42\"\/><\/figure>\n\n\n\n<h3 class=\"wp-block-heading\">Yal\u0131t\u0131m profilleri<\/h3>\n\n\n\n<p>Poliamit ve ABS profillerimiz, \u0131s\u0131 k\u00f6pr\u00fcs\u00fc k\u0131r\u0131lmas\u0131n\u0131 do\u011fru bir \u015fekilde ger\u00e7ekle\u015ftirmenin anahtar\u0131d\u0131r<\/p>\n<\/div>\n\n\n\n<div class=\"wp-block-column is-layout-flow wp-block-column-is-layout-flow\">\n<figure class=\"wp-block-image size-thumbnail is-resized\"><img decoding=\"async\" src=\"https:\/\/www.stac.es\/wp-content\/uploads\/2021\/03\/04_material-EPDM-min-400x400.jpg\" alt=\"\" class=\"wp-image-395\" height=\"271\" srcset=\"https:\/\/www.stac.es\/wp-content\/uploads\/2021\/03\/04_material-EPDM-min-400x400.jpg 400w, https:\/\/www.stac.es\/wp-content\/uploads\/2021\/03\/04_material-EPDM-min-300x300.jpg 300w, https:\/\/www.stac.es\/wp-content\/uploads\/2021\/03\/04_material-EPDM-min-1024x1024.jpg 1024w, https:\/\/www.stac.es\/wp-content\/uploads\/2021\/03\/04_material-EPDM-min-768x768.jpg 768w, https:\/\/www.stac.es\/wp-content\/uploads\/2021\/03\/04_material-EPDM-min-1536x1536.jpg 1536w, https:\/\/www.stac.es\/wp-content\/uploads\/2021\/03\/04_material-EPDM-min-2048x2048.jpg 2048w\" sizes=\"(max-width: 400px) 100vw, 400px\" \/><\/figure>\n\n\n\n<h3 class=\"wp-block-heading\">S\u0131zd\u0131rmaz contalar<\/h3>\n\n\n\n<p>Contalar\u0131m\u0131z sayesinde sistemleriniz \u00e7ok daha s\u0131zd\u0131rmaz, \u0131s\u0131 ve ses yal\u0131t\u0131ml\u0131 olacakt\u0131r.<\/p>\n<\/div>\n\n\n\n<div class=\"wp-block-column is-layout-flow wp-block-column-is-layout-flow\">\n<figure class=\"wp-block-image size-large is-resized\"><img loading=\"lazy\" decoding=\"async\" src=\"https:\/\/www.stac.es\/wp-content\/uploads\/2021\/01\/herrajes-1.jpg\" alt=\"\" class=\"wp-image-325\" width=\"285\" height=\"271\"\/><\/figure>\n\n\n\n<h3 class=\"wp-block-heading\">Donan\u0131m ve yedek par\u00e7alar<\/h3>\n\n\n\n<p>Son olarak, donan\u0131m\u0131m\u0131z sayesinde, sisteminiz d\u00fczg\u00fcn bir \u015fekilde m\u00fch\u00fcrlenecek, d\u0131\u015far\u0131dan izole edilecektir.<\/p>\n<\/div>\n<\/div>\n\n\n\n<p id=\"wrapper\"><\/p>\n<\/div><\/div>\n\n\n\n<div class=\"wp-block-columns is-layout-flex wp-container-core-columns-is-layout-9d6595d7 wp-block-columns-is-layout-flex\">\n<div class=\"wp-block-column is-layout-flow wp-block-column-is-layout-flow\">\n<div class=\"wp-block-image\"><figure class=\"alignright size-large is-resized\"><img loading=\"lazy\" decoding=\"async\" src=\"https:\/\/www.stac.es\/wp-content\/uploads\/2021\/03\/eficiencia-energetica-equipo.jpg\" alt=\"\" class=\"wp-image-1368\" width=\"682\" height=\"411\" srcset=\"https:\/\/www.stac.es\/wp-content\/uploads\/2021\/03\/eficiencia-energetica-equipo.jpg 909w, https:\/\/www.stac.es\/wp-content\/uploads\/2021\/03\/eficiencia-energetica-equipo-300x181.jpg 300w, https:\/\/www.stac.es\/wp-content\/uploads\/2021\/03\/eficiencia-energetica-equipo-768x463.jpg 768w\" sizes=\"auto, (max-width: 682px) 100vw, 682px\" \/><\/figure><\/div>\n<\/div>\n\n\n\n<div class=\"wp-block-column is-layout-flow wp-block-column-is-layout-flow\">\n<h2 class=\"wp-block-heading\">Kendini adam\u0131\u015f bir ekip<\/h2>\n\n\n\n<p class=\"has-black-color has-text-color\">STAC olarak, sistemleriniz i\u00e7in \u0131s\u0131 ve ses yal\u0131t\u0131m\u0131 i\u00e7in size sadece en iyi \u00fcr\u00fcnlerimizi sunmakla kalm\u0131yoruz, ayn\u0131 zamanda size en iyi \u00e7\u00f6z\u00fcmleri sunmaya %100 kendini adam\u0131\u015f bir ekibimiz de var.<\/p>\n\n\n\n<p class=\"has-black-color has-text-color\">Kapsaml\u0131 teknik ofisimiz sayesinde, yal\u0131t\u0131m profilleri, s\u0131zd\u0131rmaz contalar\u0131, donan\u0131m ve yedek par\u00e7alar\u0131n tasar\u0131m\u0131nda t\u00fcm iyile\u015ftirmeler konusunda \u00f6neride bulunabiliriz.<\/p>\n\n\n\n<p class=\"has-black-color has-text-color\">Sistem tasar\u0131mc\u0131lar\u0131 i\u00e7in \u00f6zel \u00e7\u00f6z\u00fcm tasar\u0131m\u0131nda 20 y\u0131ll\u0131k deneyime sahibiz ve en iyi kalite ve izolasyon seviyelerini elde etmek i\u00e7in t\u00fcm tecr\u00fcbemizi hizmetinize sunuyoruz.<\/p>\n<\/div>\n<\/div>\n<\/div><\/div>\n\n\n\n<div class=\"wp-block-columns is-layout-flex wp-container-core-columns-is-layout-9d6595d7 wp-block-columns-is-layout-flex\">\n<div class=\"wp-block-column is-layout-flow wp-block-column-is-layout-flow\" style=\"flex-basis:100%\">\n<div class=\"wp-block-column is-layout-flow wp-block-column-is-layout-flow\" style=\"flex-basis:100%\"><\/div>\n<\/div>\n<\/div>\n\n\n\n<p><\/p>\n","protected":false},"excerpt":{"rendered":"<p>Enerji verimlili\u011fi STAC olarak, pencere sistemi i\u00e7inde enerji verimlili\u011fini bir b\u00fct\u00fcn olarak g\u00f6r\u00fcyoruz, b\u00fct\u00fcn\u00fc daha verimli bir \u015fekilde izole eden \u00fcr\u00fcnler tasarl\u0131yor ve in\u015fa ediyoruz. Yal\u0131t\u0131m profilleri Poliamit ve ABS profillerimiz, \u0131s\u0131 k\u00f6pr\u00fcs\u00fc k\u0131r\u0131lmas\u0131n\u0131 do\u011fru bir \u015fekilde ger\u00e7ekle\u015ftirmenin anahtar\u0131d\u0131r S\u0131zd\u0131rmaz contalar Contalar\u0131m\u0131z sayesinde sistemleriniz \u00e7ok daha s\u0131zd\u0131rmaz, \u0131s\u0131 ve ses yal\u0131t\u0131ml\u0131 olacakt\u0131r. Donan\u0131m ve yedek [&hellip;]<\/p>\n","protected":false},"author":1,"featured_media":0,"parent":0,"menu_order":0,"comment_status":"closed","ping_status":"closed","template":"","meta":{"_acf_changed":false,"footnotes":""},"class_list":["post-4211","page","type-page","status-publish","hentry"],"acf":[],"yoast_head":"<!-- This site is optimized with the Yoast SEO plugin v27.5 - https:\/\/yoast.com\/product\/yoast-seo-wordpress\/ -->\n<title>Enerji verimlili\u011fi - STAC<\/title>\n<meta name=\"robots\" content=\"index, follow, max-snippet:-1, max-image-preview:large, max-video-preview:-1\" \/>\n<link rel=\"canonical\" href=\"https:\/\/www.stac.es\/tr\/enerji-verimliligi\/\" \/>\n<meta property=\"og:locale\" content=\"tr_TR\" \/>\n<meta property=\"og:type\" content=\"article\" \/>\n<meta property=\"og:title\" content=\"Enerji verimlili\u011fi - STAC\" \/>\n<meta property=\"og:description\" content=\"Enerji verimlili\u011fi STAC olarak, pencere sistemi i\u00e7inde enerji verimlili\u011fini bir b\u00fct\u00fcn olarak g\u00f6r\u00fcyoruz, b\u00fct\u00fcn\u00fc daha verimli bir \u015fekilde izole eden \u00fcr\u00fcnler tasarl\u0131yor ve in\u015fa ediyoruz. Yal\u0131t\u0131m profilleri Poliamit ve ABS profillerimiz, \u0131s\u0131 k\u00f6pr\u00fcs\u00fc k\u0131r\u0131lmas\u0131n\u0131 do\u011fru bir \u015fekilde ger\u00e7ekle\u015ftirmenin anahtar\u0131d\u0131r S\u0131zd\u0131rmaz contalar Contalar\u0131m\u0131z sayesinde sistemleriniz \u00e7ok daha s\u0131zd\u0131rmaz, \u0131s\u0131 ve ses yal\u0131t\u0131ml\u0131 olacakt\u0131r. Donan\u0131m ve yedek [&hellip;]\" \/>\n<meta property=\"og:url\" content=\"https:\/\/www.stac.es\/tr\/enerji-verimliligi\/\" \/>\n<meta property=\"og:site_name\" content=\"STAC\" \/>\n<meta property=\"article:modified_time\" content=\"2021-05-11T11:06:42+00:00\" \/>\n<meta property=\"og:image\" content=\"https:\/\/www.stac.es\/wp-content\/uploads\/2021\/03\/01_perfiles-scaled.jpg\" \/>\n<meta name=\"twitter:card\" content=\"summary_large_image\" \/>\n<meta name=\"twitter:label1\" content=\"Tahmini okuma s\u00fcresi\" \/>\n\t<meta name=\"twitter:data1\" content=\"2 dakika\" \/>\n<script type=\"application\/ld+json\" class=\"yoast-schema-graph\">{\"@context\":\"https:\\\/\\\/schema.org\",\"@graph\":[{\"@type\":\"WebPage\",\"@id\":\"https:\\\/\\\/www.stac.es\\\/tr\\\/enerji-verimliligi\\\/\",\"url\":\"https:\\\/\\\/www.stac.es\\\/tr\\\/enerji-verimliligi\\\/\",\"name\":\"Enerji verimlili\u011fi - STAC\",\"isPartOf\":{\"@id\":\"https:\\\/\\\/www.stac.es\\\/tr\\\/#website\"},\"primaryImageOfPage\":{\"@id\":\"https:\\\/\\\/www.stac.es\\\/tr\\\/enerji-verimliligi\\\/#primaryimage\"},\"image\":{\"@id\":\"https:\\\/\\\/www.stac.es\\\/tr\\\/enerji-verimliligi\\\/#primaryimage\"},\"thumbnailUrl\":\"https:\\\/\\\/www.stac.es\\\/wp-content\\\/uploads\\\/2021\\\/03\\\/01_perfiles-scaled.jpg\",\"datePublished\":\"2021-03-30T14:39:58+00:00\",\"dateModified\":\"2021-05-11T11:06:42+00:00\",\"breadcrumb\":{\"@id\":\"https:\\\/\\\/www.stac.es\\\/tr\\\/enerji-verimliligi\\\/#breadcrumb\"},\"inLanguage\":\"tr\",\"potentialAction\":[{\"@type\":\"ReadAction\",\"target\":[\"https:\\\/\\\/www.stac.es\\\/tr\\\/enerji-verimliligi\\\/\"]}]},{\"@type\":\"ImageObject\",\"inLanguage\":\"tr\",\"@id\":\"https:\\\/\\\/www.stac.es\\\/tr\\\/enerji-verimliligi\\\/#primaryimage\",\"url\":\"https:\\\/\\\/www.stac.es\\\/wp-content\\\/uploads\\\/2021\\\/03\\\/01_perfiles-scaled.jpg\",\"contentUrl\":\"https:\\\/\\\/www.stac.es\\\/wp-content\\\/uploads\\\/2021\\\/03\\\/01_perfiles-scaled.jpg\"},{\"@type\":\"BreadcrumbList\",\"@id\":\"https:\\\/\\\/www.stac.es\\\/tr\\\/enerji-verimliligi\\\/#breadcrumb\",\"itemListElement\":[{\"@type\":\"ListItem\",\"position\":1,\"name\":\"Portada\",\"item\":\"https:\\\/\\\/www.stac.es\\\/tr\\\/\"},{\"@type\":\"ListItem\",\"position\":2,\"name\":\"Enerji verimlili\u011fi\"}]},{\"@type\":\"WebSite\",\"@id\":\"https:\\\/\\\/www.stac.es\\\/tr\\\/#website\",\"url\":\"https:\\\/\\\/www.stac.es\\\/tr\\\/\",\"name\":\"STAC\",\"description\":\"Soluciones para sistemas de aluminio\",\"potentialAction\":[{\"@type\":\"SearchAction\",\"target\":{\"@type\":\"EntryPoint\",\"urlTemplate\":\"https:\\\/\\\/www.stac.es\\\/tr\\\/?s={search_term_string}\"},\"query-input\":{\"@type\":\"PropertyValueSpecification\",\"valueRequired\":true,\"valueName\":\"search_term_string\"}}],\"inLanguage\":\"tr\"}]}<\/script>\n<!-- \/ Yoast SEO plugin. -->","yoast_head_json":{"title":"Enerji verimlili\u011fi - STAC","robots":{"index":"index","follow":"follow","max-snippet":"max-snippet:-1","max-image-preview":"max-image-preview:large","max-video-preview":"max-video-preview:-1"},"canonical":"https:\/\/www.stac.es\/tr\/enerji-verimliligi\/","og_locale":"tr_TR","og_type":"article","og_title":"Enerji verimlili\u011fi - STAC","og_description":"Enerji verimlili\u011fi STAC olarak, pencere sistemi i\u00e7inde enerji verimlili\u011fini bir b\u00fct\u00fcn olarak g\u00f6r\u00fcyoruz, b\u00fct\u00fcn\u00fc daha verimli bir \u015fekilde izole eden \u00fcr\u00fcnler tasarl\u0131yor ve in\u015fa ediyoruz. Yal\u0131t\u0131m profilleri Poliamit ve ABS profillerimiz, \u0131s\u0131 k\u00f6pr\u00fcs\u00fc k\u0131r\u0131lmas\u0131n\u0131 do\u011fru bir \u015fekilde ger\u00e7ekle\u015ftirmenin anahtar\u0131d\u0131r S\u0131zd\u0131rmaz contalar Contalar\u0131m\u0131z sayesinde sistemleriniz \u00e7ok daha s\u0131zd\u0131rmaz, \u0131s\u0131 ve ses yal\u0131t\u0131ml\u0131 olacakt\u0131r. Donan\u0131m ve yedek [&hellip;]","og_url":"https:\/\/www.stac.es\/tr\/enerji-verimliligi\/","og_site_name":"STAC","article_modified_time":"2021-05-11T11:06:42+00:00","og_image":[{"url":"https:\/\/www.stac.es\/wp-content\/uploads\/2021\/03\/01_perfiles-scaled.jpg","type":"","width":"","height":""}],"twitter_card":"summary_large_image","twitter_misc":{"Tahmini okuma s\u00fcresi":"2 dakika"},"schema":{"@context":"https:\/\/schema.org","@graph":[{"@type":"WebPage","@id":"https:\/\/www.stac.es\/tr\/enerji-verimliligi\/","url":"https:\/\/www.stac.es\/tr\/enerji-verimliligi\/","name":"Enerji verimlili\u011fi - STAC","isPartOf":{"@id":"https:\/\/www.stac.es\/tr\/#website"},"primaryImageOfPage":{"@id":"https:\/\/www.stac.es\/tr\/enerji-verimliligi\/#primaryimage"},"image":{"@id":"https:\/\/www.stac.es\/tr\/enerji-verimliligi\/#primaryimage"},"thumbnailUrl":"https:\/\/www.stac.es\/wp-content\/uploads\/2021\/03\/01_perfiles-scaled.jpg","datePublished":"2021-03-30T14:39:58+00:00","dateModified":"2021-05-11T11:06:42+00:00","breadcrumb":{"@id":"https:\/\/www.stac.es\/tr\/enerji-verimliligi\/#breadcrumb"},"inLanguage":"tr","potentialAction":[{"@type":"ReadAction","target":["https:\/\/www.stac.es\/tr\/enerji-verimliligi\/"]}]},{"@type":"ImageObject","inLanguage":"tr","@id":"https:\/\/www.stac.es\/tr\/enerji-verimliligi\/#primaryimage","url":"https:\/\/www.stac.es\/wp-content\/uploads\/2021\/03\/01_perfiles-scaled.jpg","contentUrl":"https:\/\/www.stac.es\/wp-content\/uploads\/2021\/03\/01_perfiles-scaled.jpg"},{"@type":"BreadcrumbList","@id":"https:\/\/www.stac.es\/tr\/enerji-verimliligi\/#breadcrumb","itemListElement":[{"@type":"ListItem","position":1,"name":"Portada","item":"https:\/\/www.stac.es\/tr\/"},{"@type":"ListItem","position":2,"name":"Enerji verimlili\u011fi"}]},{"@type":"WebSite","@id":"https:\/\/www.stac.es\/tr\/#website","url":"https:\/\/www.stac.es\/tr\/","name":"STAC","description":"Soluciones para sistemas de aluminio","potentialAction":[{"@type":"SearchAction","target":{"@type":"EntryPoint","urlTemplate":"https:\/\/www.stac.es\/tr\/?s={search_term_string}"},"query-input":{"@type":"PropertyValueSpecification","valueRequired":true,"valueName":"search_term_string"}}],"inLanguage":"tr"}]}},"_links":{"self":[{"href":"https:\/\/www.stac.es\/tr\/wp-json\/wp\/v2\/pages\/4211","targetHints":{"allow":["GET"]}}],"collection":[{"href":"https:\/\/www.stac.es\/tr\/wp-json\/wp\/v2\/pages"}],"about":[{"href":"https:\/\/www.stac.es\/tr\/wp-json\/wp\/v2\/types\/page"}],"author":[{"embeddable":true,"href":"https:\/\/www.stac.es\/tr\/wp-json\/wp\/v2\/users\/1"}],"replies":[{"embeddable":true,"href":"https:\/\/www.stac.es\/tr\/wp-json\/wp\/v2\/comments?post=4211"}],"version-history":[{"count":2,"href":"https:\/\/www.stac.es\/tr\/wp-json\/wp\/v2\/pages\/4211\/revisions"}],"predecessor-version":[{"id":5119,"href":"https:\/\/www.stac.es\/tr\/wp-json\/wp\/v2\/pages\/4211\/revisions\/5119"}],"wp:attachment":[{"href":"https:\/\/www.stac.es\/tr\/wp-json\/wp\/v2\/media?parent=4211"}],"curies":[{"name":"wp","href":"https:\/\/api.w.org\/{rel}","templated":true}]}}