{"id":4330,"date":"2020-12-15T09:52:17","date_gmt":"2020-12-15T09:52:17","guid":{"rendered":"https:\/\/www.stac.es\/nosotros\/"},"modified":"2026-01-21T15:28:21","modified_gmt":"2026-01-21T15:28:21","slug":"nos","status":"publish","type":"page","link":"https:\/\/www.stac.es\/pt-pt\/nos\/","title":{"rendered":"N\u00f3s"},"content":{"rendered":"\n<figure class=\"wp-block-video\"><video autoplay loop muted poster=\"https:\/\/www.stac.es\/wp-content\/uploads\/2022\/04\/INTRO.jpg\" src=\"\/wp-content\/uploads\/2021\/05\/yt1s.com-EN-INTRO-STAC-BRAND_1080p.mp4\" playsinline><\/video><\/figure>\n\n\n\n<div class=\"wp-block-group wrapper doble-separador-superior\"><div class=\"wp-block-group__inner-container is-layout-flow wp-block-group-is-layout-flow\">\n<h1 class=\"wp-block-heading has-text-align-center\">Quem somos<\/h1>\n\n\n\n<p class=\"has-text-align-center\">Mais do que uma empresa, representamos a vanguarda, a criatividade e a responsabilidade.<\/p>\n<\/div><\/div>\n\n\n\n<div class=\"wp-block-group html wrapper doble-separador-superior\"><div class=\"wp-block-group__inner-container is-layout-flow wp-block-group-is-layout-flow\">\n<div class=\"wp-block-media-text alignwide is-stacked-on-mobile\"><figure class=\"wp-block-media-text__media\"><img loading=\"lazy\" decoding=\"async\" width=\"1000\" height=\"651\" src=\"https:\/\/www.stac.es\/wp-content\/uploads\/2025\/05\/stac-padron-2025-6.jpg\" alt=\"\" class=\"wp-image-74809 size-full\" srcset=\"https:\/\/www.stac.es\/wp-content\/uploads\/2025\/05\/stac-padron-2025-6.jpg 1000w, https:\/\/www.stac.es\/wp-content\/uploads\/2025\/05\/stac-padron-2025-6-300x195.jpg 300w, https:\/\/www.stac.es\/wp-content\/uploads\/2025\/05\/stac-padron-2025-6-768x500.jpg 768w\" sizes=\"auto, (max-width: 1000px) 100vw, 1000px\" \/><\/figure><div class=\"wp-block-media-text__content\">\n<h2 class=\"wp-block-heading\">Concebemos e fabricamos todos os nossos produtos<\/h2>\n\n\n\n<p>Nos nossos centros de produ\u00e7\u00e3o de Padr\u00f3n e Catoira, com mais de <strong>72.000 m\u00b2<\/strong>, concebemos e fabricamos todos os nossos produtos:<\/p>\n\n\n\n<ul class=\"wp-block-list\">\n<li>Ferragens e acess\u00f3rios.<\/li>\n\n\n\n<li>Perfis de isolamento de poliamida e PVC.<\/li>\n\n\n\n<li>Juntas de estanqueidade de EPDM (etileno propileno) e todos os tipos de termopl\u00e1sticos.<\/li>\n\n\n\n<li>Lacamos todos os nossos produtos.<\/li>\n\n\n\n<li>Temos o nosso pr\u00f3prio departamento de matrizes e maquinaria.<\/li>\n<\/ul>\n<\/div><\/div>\n<\/div><\/div>\n\n\n\n<div class=\"wp-block-group html wrapper doble-separador-superior doble-separador-inferior\"><div class=\"wp-block-group__inner-container is-layout-flow wp-block-group-is-layout-flow\">\n<div class=\"wp-block-media-text alignwide has-media-on-the-right is-stacked-on-mobile\"><div class=\"wp-block-media-text__content\">\n<h2 class=\"wp-block-heading\">Como come\u00e7\u00e1mos<\/h2>\n\n\n\n<p>A viagem da STAC come\u00e7ou em 2001, com a conce\u00e7\u00e3o e fabrico das nossas primeiras <strong>juntas de estanqueidade<\/strong>.<\/p>\n\n\n\n<p>Hoje, passados mais de 25 anos, concebemos e fabric\u00e1mos mais de 4.000 juntas que nos desafiaram e nos fizeram crescer de m\u00e3os dadas com os nossos clientes.<\/p>\n<\/div><figure class=\"wp-block-media-text__media\"><img loading=\"lazy\" decoding=\"async\" width=\"1024\" height=\"683\" src=\"https:\/\/www.stac.es\/wp-content\/uploads\/2021\/04\/linea-juntas-estanqueidad-1024x683.jpg\" alt=\"\" class=\"wp-image-1401 size-full\" srcset=\"https:\/\/www.stac.es\/wp-content\/uploads\/2021\/04\/linea-juntas-estanqueidad-1024x683.jpg 1024w, https:\/\/www.stac.es\/wp-content\/uploads\/2021\/04\/linea-juntas-estanqueidad-300x200.jpg 300w, https:\/\/www.stac.es\/wp-content\/uploads\/2021\/04\/linea-juntas-estanqueidad-768x512.jpg 768w, https:\/\/www.stac.es\/wp-content\/uploads\/2021\/04\/linea-juntas-estanqueidad.jpg 1188w\" sizes=\"auto, (max-width: 1024px) 100vw, 1024px\" \/><\/figure><\/div>\n\n\n\n<div style=\"height:50px\" aria-hidden=\"true\" class=\"wp-block-spacer\"><\/div>\n\n\n\n<div class=\"wp-block-media-text alignwide is-stacked-on-mobile html\"><figure class=\"wp-block-media-text__media\"><img loading=\"lazy\" decoding=\"async\" width=\"1024\" height=\"1024\" src=\"https:\/\/www.stac.es\/wp-content\/uploads\/2021\/04\/molde-herraje-1024x1024.jpg\" alt=\"\" class=\"wp-image-1395 size-full\" srcset=\"https:\/\/www.stac.es\/wp-content\/uploads\/2021\/04\/molde-herraje-1024x1024.jpg 1024w, https:\/\/www.stac.es\/wp-content\/uploads\/2021\/04\/molde-herraje-300x300.jpg 300w, https:\/\/www.stac.es\/wp-content\/uploads\/2021\/04\/molde-herraje-400x400.jpg 400w, https:\/\/www.stac.es\/wp-content\/uploads\/2021\/04\/molde-herraje-768x768.jpg 768w, https:\/\/www.stac.es\/wp-content\/uploads\/2021\/04\/molde-herraje.jpg 1294w\" sizes=\"auto, (max-width: 1024px) 100vw, 1024px\" \/><\/figure><div class=\"wp-block-media-text__content\">\n<h2 class=\"wp-block-heading\">Como nos torn\u00e1mos num fornecedor global para sistemistas<\/h2>\n\n\n\n<p>Em 2002 come\u00e7\u00e1mos a conceber e a fabricar <strong>ferragens <\/strong>para sistemas de alum\u00ednio e, mais tarde, tamb\u00e9m para sistemas de PVC. Hoje em dia, temos mais de <strong>15.000 refer\u00eancias<\/strong> em stock.<\/p>\n\n\n\n<p>Mas n\u00e3o par\u00e1mos por a\u00ed, pois em 2007 abrimos a nossa f\u00e1brica para o fabrico de <strong>perfis de isolamento<\/strong> de poliamidas, acrescentando o PVC em 2011.<\/p>\n\n\n\n<p>Somos um dos poucos fabricantes certificados pela ATG e com perfis tubulares com cavidades internas calibradas.<\/p>\n\n\n\n<p>Ao agrupar estas tr\u00eas gamas de produtos, tornamo-nos na primeira empresa capaz de ser um <strong>fornecedor integral para qualquer sistemista<\/strong>.<\/p>\n\n\n\n<p>Por fim, em 2013, lan\u00e7\u00e1mos a nossa linha de matrizes e maquinaria para, al\u00e9m de conceber e fabricar o nosso produto, lhe podermos oferecer os prazos de entrega mais curtos.<\/p>\n<\/div><\/div>\n<\/div><\/div>\n\n\n\n<div class=\"wp-block-group html wrapper doble-separador-superior doble-separador-inferior\"><div class=\"wp-block-group__inner-container is-layout-flow wp-block-group-is-layout-flow\">\n<div class=\"wp-block-media-text alignwide has-media-on-the-right is-stacked-on-mobile\"><div class=\"wp-block-media-text__content\">\n<h2 class=\"wp-block-heading\">A internacionaliza\u00e7\u00e3o est\u00e1 no nosso ADN<\/h2>\n\n\n\n<p>A nossa sede est\u00e1 situada em Padr\u00f3n, mas sempre tivemos a voca\u00e7\u00e3o para estar al\u00e9m das nossas fronteiras.<\/p>\n\n\n\n<p>Contamos com um total de 5 delega\u00e7\u00f5es, tr\u00eas das quais fora de Espanha: <strong>Marrocos<\/strong>, <strong>Pol\u00f3nia<\/strong> e <strong>Turquia<\/strong>.<\/p>\n\n\n\n<p>Atualmente, os nossos produtos oferecem solu\u00e7\u00f5es em <strong>mais de 70 pa\u00edses.<\/strong><\/p>\n<\/div><figure class=\"wp-block-media-text__media\"><img loading=\"lazy\" decoding=\"async\" width=\"1000\" height=\"587\" src=\"https:\/\/www.stac.es\/wp-content\/uploads\/2021\/03\/EXPORT-OFFICE-e.jpg\" alt=\"\" class=\"wp-image-849 size-full\" srcset=\"https:\/\/www.stac.es\/wp-content\/uploads\/2021\/03\/EXPORT-OFFICE-e.jpg 1000w, https:\/\/www.stac.es\/wp-content\/uploads\/2021\/03\/EXPORT-OFFICE-e-300x176.jpg 300w, https:\/\/www.stac.es\/wp-content\/uploads\/2021\/03\/EXPORT-OFFICE-e-768x451.jpg 768w\" sizes=\"auto, (max-width: 1000px) 100vw, 1000px\" \/><\/figure><\/div>\n<\/div><\/div>\n","protected":false},"excerpt":{"rendered":"<p>Quem somos Mais do que uma empresa, representamos a vanguarda, a criatividade e a responsabilidade. Concebemos e fabricamos todos os nossos produtos Nos nossos centros de produ\u00e7\u00e3o de Padr\u00f3n e Catoira, com mais de 72.000 m\u00b2, concebemos e fabricamos todos os nossos produtos: Como come\u00e7\u00e1mos A viagem da STAC come\u00e7ou em 2001, com a conce\u00e7\u00e3o [&hellip;]<\/p>\n","protected":false},"author":1,"featured_media":0,"parent":0,"menu_order":0,"comment_status":"closed","ping_status":"closed","template":"","meta":{"_acf_changed":false,"footnotes":""},"class_list":["post-4330","page","type-page","status-publish","hentry"],"acf":[],"yoast_head":"<!-- This site is optimized with the Yoast SEO plugin v27.5 - https:\/\/yoast.com\/product\/yoast-seo-wordpress\/ -->\n<title>N\u00f3s - STAC<\/title>\n<meta name=\"robots\" content=\"index, follow, max-snippet:-1, max-image-preview:large, max-video-preview:-1\" \/>\n<link rel=\"canonical\" href=\"https:\/\/www.stac.es\/pt-pt\/nos\/\" \/>\n<meta property=\"og:locale\" content=\"pt_PT\" \/>\n<meta property=\"og:type\" content=\"article\" \/>\n<meta property=\"og:title\" content=\"N\u00f3s - STAC\" \/>\n<meta property=\"og:description\" content=\"Quem somos Mais do que uma empresa, representamos a vanguarda, a criatividade e a responsabilidade. Concebemos e fabricamos todos os nossos produtos Nos nossos centros de produ\u00e7\u00e3o de Padr\u00f3n e Catoira, com mais de 72.000 m\u00b2, concebemos e fabricamos todos os nossos produtos: Como come\u00e7\u00e1mos A viagem da STAC come\u00e7ou em 2001, com a conce\u00e7\u00e3o [&hellip;]\" \/>\n<meta property=\"og:url\" content=\"https:\/\/www.stac.es\/pt-pt\/nos\/\" \/>\n<meta property=\"og:site_name\" content=\"STAC\" \/>\n<meta property=\"article:modified_time\" content=\"2026-01-21T15:28:21+00:00\" \/>\n<meta property=\"og:image\" content=\"https:\/\/www.stac.es\/wp-content\/uploads\/2025\/05\/stac-padron-2025-6.jpg\" \/>\n\t<meta property=\"og:image:width\" content=\"1000\" \/>\n\t<meta property=\"og:image:height\" content=\"651\" \/>\n\t<meta property=\"og:image:type\" content=\"image\/jpeg\" \/>\n<meta name=\"twitter:card\" content=\"summary_large_image\" \/>\n<meta name=\"twitter:label1\" content=\"Tempo estimado de leitura\" \/>\n\t<meta name=\"twitter:data1\" content=\"3 minutos\" \/>\n<script type=\"application\/ld+json\" class=\"yoast-schema-graph\">{\"@context\":\"https:\\\/\\\/schema.org\",\"@graph\":[{\"@type\":\"WebPage\",\"@id\":\"https:\\\/\\\/www.stac.es\\\/pt-pt\\\/nos\\\/\",\"url\":\"https:\\\/\\\/www.stac.es\\\/pt-pt\\\/nos\\\/\",\"name\":\"N\u00f3s - STAC\",\"isPartOf\":{\"@id\":\"https:\\\/\\\/www.stac.es\\\/pt-pt\\\/#website\"},\"primaryImageOfPage\":{\"@id\":\"https:\\\/\\\/www.stac.es\\\/pt-pt\\\/nos\\\/#primaryimage\"},\"image\":{\"@id\":\"https:\\\/\\\/www.stac.es\\\/pt-pt\\\/nos\\\/#primaryimage\"},\"thumbnailUrl\":\"https:\\\/\\\/www.stac.es\\\/wp-content\\\/uploads\\\/2025\\\/05\\\/stac-padron-2025-6.jpg\",\"datePublished\":\"2020-12-15T09:52:17+00:00\",\"dateModified\":\"2026-01-21T15:28:21+00:00\",\"breadcrumb\":{\"@id\":\"https:\\\/\\\/www.stac.es\\\/pt-pt\\\/nos\\\/#breadcrumb\"},\"inLanguage\":\"pt-PT\",\"potentialAction\":[{\"@type\":\"ReadAction\",\"target\":[\"https:\\\/\\\/www.stac.es\\\/pt-pt\\\/nos\\\/\"]}]},{\"@type\":\"ImageObject\",\"inLanguage\":\"pt-PT\",\"@id\":\"https:\\\/\\\/www.stac.es\\\/pt-pt\\\/nos\\\/#primaryimage\",\"url\":\"https:\\\/\\\/www.stac.es\\\/wp-content\\\/uploads\\\/2025\\\/05\\\/stac-padron-2025-6.jpg\",\"contentUrl\":\"https:\\\/\\\/www.stac.es\\\/wp-content\\\/uploads\\\/2025\\\/05\\\/stac-padron-2025-6.jpg\"},{\"@type\":\"BreadcrumbList\",\"@id\":\"https:\\\/\\\/www.stac.es\\\/pt-pt\\\/nos\\\/#breadcrumb\",\"itemListElement\":[{\"@type\":\"ListItem\",\"position\":1,\"name\":\"Portada\",\"item\":\"https:\\\/\\\/www.stac.es\\\/pt-pt\\\/\"},{\"@type\":\"ListItem\",\"position\":2,\"name\":\"N\u00f3s\"}]},{\"@type\":\"WebSite\",\"@id\":\"https:\\\/\\\/www.stac.es\\\/pt-pt\\\/#website\",\"url\":\"https:\\\/\\\/www.stac.es\\\/pt-pt\\\/\",\"name\":\"STAC\",\"description\":\"Soluciones para sistemas de aluminio\",\"potentialAction\":[{\"@type\":\"SearchAction\",\"target\":{\"@type\":\"EntryPoint\",\"urlTemplate\":\"https:\\\/\\\/www.stac.es\\\/pt-pt\\\/?s={search_term_string}\"},\"query-input\":{\"@type\":\"PropertyValueSpecification\",\"valueRequired\":true,\"valueName\":\"search_term_string\"}}],\"inLanguage\":\"pt-PT\"}]}<\/script>\n<!-- \/ Yoast SEO plugin. -->","yoast_head_json":{"title":"N\u00f3s - STAC","robots":{"index":"index","follow":"follow","max-snippet":"max-snippet:-1","max-image-preview":"max-image-preview:large","max-video-preview":"max-video-preview:-1"},"canonical":"https:\/\/www.stac.es\/pt-pt\/nos\/","og_locale":"pt_PT","og_type":"article","og_title":"N\u00f3s - STAC","og_description":"Quem somos Mais do que uma empresa, representamos a vanguarda, a criatividade e a responsabilidade. Concebemos e fabricamos todos os nossos produtos Nos nossos centros de produ\u00e7\u00e3o de Padr\u00f3n e Catoira, com mais de 72.000 m\u00b2, concebemos e fabricamos todos os nossos produtos: Como come\u00e7\u00e1mos A viagem da STAC come\u00e7ou em 2001, com a conce\u00e7\u00e3o [&hellip;]","og_url":"https:\/\/www.stac.es\/pt-pt\/nos\/","og_site_name":"STAC","article_modified_time":"2026-01-21T15:28:21+00:00","og_image":[{"width":1000,"height":651,"url":"https:\/\/www.stac.es\/wp-content\/uploads\/2025\/05\/stac-padron-2025-6.jpg","type":"image\/jpeg"}],"twitter_card":"summary_large_image","twitter_misc":{"Tempo estimado de leitura":"3 minutos"},"schema":{"@context":"https:\/\/schema.org","@graph":[{"@type":"WebPage","@id":"https:\/\/www.stac.es\/pt-pt\/nos\/","url":"https:\/\/www.stac.es\/pt-pt\/nos\/","name":"N\u00f3s - STAC","isPartOf":{"@id":"https:\/\/www.stac.es\/pt-pt\/#website"},"primaryImageOfPage":{"@id":"https:\/\/www.stac.es\/pt-pt\/nos\/#primaryimage"},"image":{"@id":"https:\/\/www.stac.es\/pt-pt\/nos\/#primaryimage"},"thumbnailUrl":"https:\/\/www.stac.es\/wp-content\/uploads\/2025\/05\/stac-padron-2025-6.jpg","datePublished":"2020-12-15T09:52:17+00:00","dateModified":"2026-01-21T15:28:21+00:00","breadcrumb":{"@id":"https:\/\/www.stac.es\/pt-pt\/nos\/#breadcrumb"},"inLanguage":"pt-PT","potentialAction":[{"@type":"ReadAction","target":["https:\/\/www.stac.es\/pt-pt\/nos\/"]}]},{"@type":"ImageObject","inLanguage":"pt-PT","@id":"https:\/\/www.stac.es\/pt-pt\/nos\/#primaryimage","url":"https:\/\/www.stac.es\/wp-content\/uploads\/2025\/05\/stac-padron-2025-6.jpg","contentUrl":"https:\/\/www.stac.es\/wp-content\/uploads\/2025\/05\/stac-padron-2025-6.jpg"},{"@type":"BreadcrumbList","@id":"https:\/\/www.stac.es\/pt-pt\/nos\/#breadcrumb","itemListElement":[{"@type":"ListItem","position":1,"name":"Portada","item":"https:\/\/www.stac.es\/pt-pt\/"},{"@type":"ListItem","position":2,"name":"N\u00f3s"}]},{"@type":"WebSite","@id":"https:\/\/www.stac.es\/pt-pt\/#website","url":"https:\/\/www.stac.es\/pt-pt\/","name":"STAC","description":"Soluciones para sistemas de aluminio","potentialAction":[{"@type":"SearchAction","target":{"@type":"EntryPoint","urlTemplate":"https:\/\/www.stac.es\/pt-pt\/?s={search_term_string}"},"query-input":{"@type":"PropertyValueSpecification","valueRequired":true,"valueName":"search_term_string"}}],"inLanguage":"pt-PT"}]}},"_links":{"self":[{"href":"https:\/\/www.stac.es\/pt-pt\/wp-json\/wp\/v2\/pages\/4330","targetHints":{"allow":["GET"]}}],"collection":[{"href":"https:\/\/www.stac.es\/pt-pt\/wp-json\/wp\/v2\/pages"}],"about":[{"href":"https:\/\/www.stac.es\/pt-pt\/wp-json\/wp\/v2\/types\/page"}],"author":[{"embeddable":true,"href":"https:\/\/www.stac.es\/pt-pt\/wp-json\/wp\/v2\/users\/1"}],"replies":[{"embeddable":true,"href":"https:\/\/www.stac.es\/pt-pt\/wp-json\/wp\/v2\/comments?post=4330"}],"version-history":[{"count":16,"href":"https:\/\/www.stac.es\/pt-pt\/wp-json\/wp\/v2\/pages\/4330\/revisions"}],"predecessor-version":[{"id":83559,"href":"https:\/\/www.stac.es\/pt-pt\/wp-json\/wp\/v2\/pages\/4330\/revisions\/83559"}],"wp:attachment":[{"href":"https:\/\/www.stac.es\/pt-pt\/wp-json\/wp\/v2\/media?parent=4330"}],"curies":[{"name":"wp","href":"https:\/\/api.w.org\/{rel}","templated":true}]}}