{"id":4320,"date":"2020-12-15T09:52:43","date_gmt":"2020-12-15T09:52:43","guid":{"rendered":"https:\/\/www.stac.es\/que-hacemos\/juntas\/"},"modified":"2025-03-28T10:08:40","modified_gmt":"2025-03-28T10:08:40","slug":"juntas","status":"publish","type":"page","link":"https:\/\/www.stac.es\/pt-pt\/o-que-fazemos\/juntas\/","title":{"rendered":"Juntas"},"content":{"rendered":"\n<div class=\"wp-block-cover is-light\"><span aria-hidden=\"true\" class=\"wp-block-cover__background has-background-dim-0 has-background-dim\"><\/span><img loading=\"lazy\" decoding=\"async\" width=\"2560\" height=\"725\" class=\"wp-block-cover__image-background wp-image-392\" alt=\"\" src=\"https:\/\/www.stac.es\/wp-content\/uploads\/2021\/03\/01_Juntas-min-scaled.jpg\" style=\"object-position:52% 59%\" data-object-fit=\"cover\" data-object-position=\"52% 59%\" srcset=\"https:\/\/www.stac.es\/wp-content\/uploads\/2021\/03\/01_Juntas-min-scaled.jpg 2560w, https:\/\/www.stac.es\/wp-content\/uploads\/2021\/03\/01_Juntas-min-300x85.jpg 300w, https:\/\/www.stac.es\/wp-content\/uploads\/2021\/03\/01_Juntas-min-1024x290.jpg 1024w, https:\/\/www.stac.es\/wp-content\/uploads\/2021\/03\/01_Juntas-min-768x218.jpg 768w, https:\/\/www.stac.es\/wp-content\/uploads\/2021\/03\/01_Juntas-min-1536x435.jpg 1536w, https:\/\/www.stac.es\/wp-content\/uploads\/2021\/03\/01_Juntas-min-2048x580.jpg 2048w\" sizes=\"auto, (max-width: 2560px) 100vw, 2560px\" \/><div class=\"wp-block-cover__inner-container is-layout-flow wp-block-cover-is-layout-flow\">\n<p class=\"has-text-align-center has-large-font-size\"><\/p>\n<\/div><\/div>\n\n\n<div class=\"wp-block-group navegacion-interior wrapper doble-separador-superior\"><ul class=\"pages\">\n        <li class=\"page \">\n            <a href=\"https:\/\/www.stac.es\/pt-pt\/o-que-fazemos\/ferragens-acessorios\/\">\n                <div class=\"media\" style=\"background-image:url(https:\/\/www.stac.es\/wp-content\/uploads\/2021\/05\/235x-1_DIV-HERRAJE.jpg)\"><\/div>\n                <div class=\"texto\"><span>Ferragens e acess\u00f3rios<\/span><\/div>\n            <\/a>\n        <\/li>\n        <li class=\"page current\">\n            <a href=\"https:\/\/www.stac.es\/pt-pt\/o-que-fazemos\/juntas\/\">\n                <div class=\"media\" style=\"background-image:url(https:\/\/www.stac.es\/wp-content\/uploads\/2021\/05\/235x-2_DIV-JUNTAS.jpg)\"><\/div>\n                <div class=\"texto\"><span>Juntas<\/span><\/div>\n            <\/a>\n        <\/li>\n        <li class=\"page \">\n            <a href=\"https:\/\/www.stac.es\/pt-pt\/o-que-fazemos\/perfil-de-isolamento\/\">\n                <div class=\"media\" style=\"background-image:url(https:\/\/www.stac.es\/wp-content\/uploads\/2021\/05\/235x-3_DIV-POLIAMIDA.jpg)\"><\/div>\n                <div class=\"texto\"><span>Perfil de isolamento<\/span><\/div>\n            <\/a>\n        <\/li>\n        <li class=\"page \">\n            <a href=\"https:\/\/www.stac.es\/pt-pt\/o-que-fazemos\/gabinete-tecnico\/\">\n                <div class=\"media\" style=\"background-image:url(https:\/\/www.stac.es\/wp-content\/uploads\/2021\/05\/235x-4_DIV-OFITEC.jpg)\"><\/div>\n                <div class=\"texto\"><span>Gabinete t\u00e9cnico<\/span><\/div>\n            <\/a>\n        <\/li><\/ul><\/div>\n\n\n\n<div class=\"wp-block-group wrapper doble-separador-superior\"><div class=\"wp-block-group__inner-container is-layout-flow wp-block-group-is-layout-flow\">\n<h1 class=\"wp-block-heading has-text-align-center\">Juntas de estanqueidade<\/h1>\n\n\n\n<p class=\"has-text-align-center\">Mais do que juntas de estanqueidade, conta compreender o isolamento como uma parte fundamental do todo.<\/p>\n<\/div><\/div>\n\n\n\n<div class=\"wp-block-group wrapper doble-separador-superior\"><div class=\"wp-block-group__inner-container is-layout-flow wp-block-group-is-layout-flow\">\n<div class=\"wp-block-media-text alignwide is-stacked-on-mobile\"><figure class=\"wp-block-media-text__media\"><img loading=\"lazy\" decoding=\"async\" width=\"1024\" height=\"585\" src=\"https:\/\/www.stac.es\/wp-content\/uploads\/2021\/03\/02_COMPO-POL-1024x585.jpg\" alt=\"\" class=\"wp-image-393 size-full\" srcset=\"https:\/\/www.stac.es\/wp-content\/uploads\/2021\/03\/02_COMPO-POL-1024x585.jpg 1024w, https:\/\/www.stac.es\/wp-content\/uploads\/2021\/03\/02_COMPO-POL-300x171.jpg 300w, https:\/\/www.stac.es\/wp-content\/uploads\/2021\/03\/02_COMPO-POL-768x439.jpg 768w, https:\/\/www.stac.es\/wp-content\/uploads\/2021\/03\/02_COMPO-POL-1536x878.jpg 1536w, https:\/\/www.stac.es\/wp-content\/uploads\/2021\/03\/02_COMPO-POL.jpg 1750w\" sizes=\"auto, (max-width: 1024px) 100vw, 1024px\" \/><\/figure><div class=\"wp-block-media-text__content\">\n<h2 class=\"wp-block-heading\">Mais do que isolamento, oferecemos conforto<\/h2>\n\n\n\n<p>Na STAC compreendemos cada parte de um sistema para uma janela de alum\u00ednio e PVC, e \u00e9 por isso que somos capazes de conceber juntas de estanqueidade personalizadas para o seu produto, independentemente da sua complexidade ou do material de que s\u00e3o feitas.<\/p>\n\n\n\n<p>\u00c9 por isso que analisamos o seu sistema para lhe oferecer solu\u00e7\u00f5es inovadoras de janelas e paredes de cortina que fornecem ao seu produto o isolamento perfeito que procura, melhorando o conforto do edif\u00edcio.<\/p>\n<\/div><\/div>\n<\/div><\/div>\n\n\n\n<div class=\"wp-block-group wrapper doble-separador-superior\"><div class=\"wp-block-group__inner-container is-layout-flow wp-block-group-is-layout-flow\">\n<div class=\"wp-block-columns is-layout-flex wp-container-core-columns-is-layout-9d6595d7 wp-block-columns-is-layout-flex\">\n<div class=\"wp-block-column is-layout-flow wp-block-column-is-layout-flow\">\n<figure class=\"wp-block-image size-large\"><img loading=\"lazy\" decoding=\"async\" width=\"500\" height=\"500\" src=\"https:\/\/www.stac.es\/wp-content\/uploads\/2021\/05\/Diseno-Hileras.jpg\" alt=\"\" class=\"wp-image-6868\" srcset=\"https:\/\/www.stac.es\/wp-content\/uploads\/2021\/05\/Diseno-Hileras.jpg 500w, https:\/\/www.stac.es\/wp-content\/uploads\/2021\/05\/Diseno-Hileras-300x300.jpg 300w, https:\/\/www.stac.es\/wp-content\/uploads\/2021\/05\/Diseno-Hileras-400x400.jpg 400w\" sizes=\"auto, (max-width: 500px) 100vw, 500px\" \/><\/figure>\n\n\n\n<h3 class=\"wp-block-heading\">Matrizes<\/h3>\n\n\n\n<p>Contamos com um departamento de matrizes avan\u00e7ado, capaz de desenvolver a linha de extrus\u00e3o de que necessita, e mantemo-la em perfeitas condi\u00e7\u00f5es para si.<\/p>\n<\/div>\n\n\n\n<div class=\"wp-block-column is-layout-flow wp-block-column-is-layout-flow\">\n<figure class=\"wp-block-image size-large\"><img loading=\"lazy\" decoding=\"async\" width=\"1024\" height=\"1024\" src=\"https:\/\/www.stac.es\/wp-content\/uploads\/2021\/03\/04_material-EPDM-min-1024x1024.jpg\" alt=\"\" class=\"wp-image-395\" srcset=\"https:\/\/www.stac.es\/wp-content\/uploads\/2021\/03\/04_material-EPDM-min-1024x1024.jpg 1024w, https:\/\/www.stac.es\/wp-content\/uploads\/2021\/03\/04_material-EPDM-min-300x300.jpg 300w, https:\/\/www.stac.es\/wp-content\/uploads\/2021\/03\/04_material-EPDM-min-400x400.jpg 400w, https:\/\/www.stac.es\/wp-content\/uploads\/2021\/03\/04_material-EPDM-min-768x768.jpg 768w, https:\/\/www.stac.es\/wp-content\/uploads\/2021\/03\/04_material-EPDM-min-1536x1536.jpg 1536w, https:\/\/www.stac.es\/wp-content\/uploads\/2021\/03\/04_material-EPDM-min-2048x2048.jpg 2048w\" sizes=\"auto, (max-width: 1024px) 100vw, 1024px\" \/><\/figure>\n\n\n\n<h3 class=\"wp-block-heading\">EPDM (etileno propileno)<\/h3>\n\n\n\n<p>Confiamos no EPDM como o material ideal para juntas de estanqueidade, por isso somos especializados na realiza\u00e7\u00e3o de juntas din\u00e2micas e est\u00e1ticas neste material.<\/p>\n<\/div>\n\n\n\n<div class=\"wp-block-column is-layout-flow wp-block-column-is-layout-flow\">\n<figure class=\"wp-block-image size-large\"><img loading=\"lazy\" decoding=\"async\" width=\"1024\" height=\"1024\" src=\"https:\/\/www.stac.es\/wp-content\/uploads\/2021\/03\/05_marcado-trazabilidad-min-1024x1024.jpg\" alt=\"\" class=\"wp-image-396\" srcset=\"https:\/\/www.stac.es\/wp-content\/uploads\/2021\/03\/05_marcado-trazabilidad-min-1024x1024.jpg 1024w, https:\/\/www.stac.es\/wp-content\/uploads\/2021\/03\/05_marcado-trazabilidad-min-300x300.jpg 300w, https:\/\/www.stac.es\/wp-content\/uploads\/2021\/03\/05_marcado-trazabilidad-min-400x400.jpg 400w, https:\/\/www.stac.es\/wp-content\/uploads\/2021\/03\/05_marcado-trazabilidad-min-768x768.jpg 768w, https:\/\/www.stac.es\/wp-content\/uploads\/2021\/03\/05_marcado-trazabilidad-min-1536x1536.jpg 1536w, https:\/\/www.stac.es\/wp-content\/uploads\/2021\/03\/05_marcado-trazabilidad-min-2048x2048.jpg 2048w\" sizes=\"auto, (max-width: 1024px) 100vw, 1024px\" \/><\/figure>\n\n\n\n<h3 class=\"wp-block-heading\">Arquitetura<\/h3>\n\n\n\n<p>Gra\u00e7as \u00e0s nossas simula\u00e7\u00f5es e prot\u00f3tipos, podemos oferecer-lhe a solu\u00e7\u00e3o que melhor se adapta, n\u00e3o s\u00f3 ao seu sistema, mas tamb\u00e9m ao clima que estivermos a enfrentar.<\/p>\n<\/div>\n<\/div>\n\n\n\n<p id=\"wrapper\"><\/p>\n<\/div><\/div>\n\n\n\n<div class=\"wp-block-group wrapper\"><div class=\"wp-block-group__inner-container is-layout-flow wp-block-group-is-layout-flow\">\n<div class=\"wp-block-media-text alignwide is-stacked-on-mobile\"><figure class=\"wp-block-media-text__media\"><img loading=\"lazy\" decoding=\"async\" width=\"600\" height=\"239\" src=\"https:\/\/www.stac.es\/wp-content\/uploads\/2021\/05\/perfil-epdm-bodegon.jpg\" alt=\"\" class=\"wp-image-6536 size-full\" srcset=\"https:\/\/www.stac.es\/wp-content\/uploads\/2021\/05\/perfil-epdm-bodegon.jpg 600w, https:\/\/www.stac.es\/wp-content\/uploads\/2021\/05\/perfil-epdm-bodegon-300x120.jpg 300w\" sizes=\"auto, (max-width: 600px) 100vw, 600px\" \/><\/figure><div class=\"wp-block-media-text__content\">\n<h2 class=\"wp-block-heading\">EPDM (etileno propileno)<\/h2>\n\n\n\n<p>O EPDM \u00e9 uma borracha sint\u00e9tica altamente resistente a condi\u00e7\u00f5es climat\u00e9ricas adversas.<\/p>\n\n\n\n<p>Por esta raz\u00e3o, \u00e9 amplamente utilizado em aplica\u00e7\u00f5es de isolamento t\u00e9rmico e ac\u00fastico, especialmente em aplica\u00e7\u00f5es arquitet\u00f3nicas de fecho em locais com temperaturas extremas.<\/p>\n\n\n\n<p>Na STAC, realizamos tamb\u00e9m coextrus\u00e3o, para dar ao EPDM diferentes durezas, de modo a que se adaptem perfeitamente ao seu sistema.<\/p>\n<\/div><\/div>\n<\/div><\/div>\n\n\n\n<div style=\"height:30px\" aria-hidden=\"true\" class=\"wp-block-spacer\"><\/div>\n\n\n\n<div class=\"wp-block-group wrapper\"><div class=\"wp-block-group__inner-container is-layout-flow wp-block-group-is-layout-flow\">\n<div class=\"wp-block-media-text alignwide has-media-on-the-right is-stacked-on-mobile\"><div class=\"wp-block-media-text__content\">\n<h2 class=\"wp-block-heading\">Extrus\u00e3o de silicone<\/h2>\n\n\n\n<p>O silicone \u00e9 um material amplamente utilizado como isolante t\u00e9rmico e el\u00e9trico, tanto na ind\u00fastria como em sistemas de fecho.<\/p>\n\n\n\n<p>Entre as suas aplica\u00e7\u00f5es destacam-se as portas de fornos ou juntas de selagem em fechos de perfis de alum\u00ednio.<\/p>\n\n\n\n<p>Este tipo de perfis est\u00e1 dispon\u00edvel numa vasta gama de cores, pelo que pode utiliz\u00e1-los como guarni\u00e7\u00f5es em qualquer aplica\u00e7\u00e3o.<\/p>\n<\/div><figure class=\"wp-block-media-text__media\"><img loading=\"lazy\" decoding=\"async\" width=\"800\" height=\"390\" src=\"https:\/\/www.stac.es\/wp-content\/uploads\/2021\/05\/perfil-silicona.jpg\" alt=\"\" class=\"wp-image-6543 size-full\" srcset=\"https:\/\/www.stac.es\/wp-content\/uploads\/2021\/05\/perfil-silicona.jpg 800w, https:\/\/www.stac.es\/wp-content\/uploads\/2021\/05\/perfil-silicona-300x146.jpg 300w, https:\/\/www.stac.es\/wp-content\/uploads\/2021\/05\/perfil-silicona-768x374.jpg 768w\" sizes=\"auto, (max-width: 800px) 100vw, 800px\" \/><\/figure><\/div>\n\n\n\n<div style=\"height:30px\" aria-hidden=\"true\" class=\"wp-block-spacer\"><\/div>\n\n\n\n<div class=\"wp-block-media-text alignwide is-stacked-on-mobile\"><figure class=\"wp-block-media-text__media\"><img loading=\"lazy\" decoding=\"async\" width=\"700\" height=\"447\" src=\"https:\/\/www.stac.es\/wp-content\/uploads\/2021\/05\/perfil-pvc.jpg\" alt=\"\" class=\"wp-image-6550 size-full\" srcset=\"https:\/\/www.stac.es\/wp-content\/uploads\/2021\/05\/perfil-pvc.jpg 700w, https:\/\/www.stac.es\/wp-content\/uploads\/2021\/05\/perfil-pvc-300x192.jpg 300w\" sizes=\"auto, (max-width: 700px) 100vw, 700px\" \/><\/figure><div class=\"wp-block-media-text__content\">\n<h2 class=\"wp-block-heading\">PVC<\/h2>\n\n\n\n<p>As nossas solu\u00e7\u00f5es em PVC incluem a coextrus\u00e3o de PVC r\u00edgido e flex\u00edvel para criar um pol\u00edmero com caracter\u00edsticas \u00fanicas.<\/p>\n\n\n\n<p>Gra\u00e7as a este m\u00e9todo, melhoramos a resist\u00eancia ao envelhecimento do PVC e tamb\u00e9m o dotamos de uma boa flexibilidade e alta resist\u00eancia qu\u00edmica, mesmo ao cloro.<\/p>\n<\/div><\/div>\n\n\n\n<div style=\"height:30px\" aria-hidden=\"true\" class=\"wp-block-spacer\"><\/div>\n\n\n\n<div class=\"wp-block-media-text alignwide has-media-on-the-right is-stacked-on-mobile\"><div class=\"wp-block-media-text__content\">\n<h2 class=\"wp-block-heading\">Aplica\u00e7\u00f5es especiais<\/h2>\n\n\n\n<ul class=\"wp-block-list\">\n<li>Extrus\u00e3o de TPE (elast\u00f3meros termopl\u00e1sticos).<\/li>\n\n\n\n<li>Coextrus\u00e3o de PP (polipropileno) e TPE (elast\u00f3meros termopl\u00e1sticos)<\/li>\n\n\n\n<li>Tri-extrus\u00e3o de termopl\u00e1sticos.<\/li>\n\n\n\n<li>Junta com camada destac\u00e1vel.<\/li>\n\n\n\n<li>Vidro de PVC.<\/li>\n\n\n\n<li>EVA.<\/li>\n\n\n\n<li>PPH.<\/li>\n\n\n\n<li>E muitos outros materiais.<\/li>\n<\/ul>\n<\/div><figure class=\"wp-block-media-text__media\"><img loading=\"lazy\" decoding=\"async\" width=\"650\" height=\"891\" src=\"https:\/\/www.stac.es\/wp-content\/uploads\/2021\/05\/aplicaciones-especiales-bodegon.jpg\" alt=\"\" class=\"wp-image-6558 size-full\" srcset=\"https:\/\/www.stac.es\/wp-content\/uploads\/2021\/05\/aplicaciones-especiales-bodegon.jpg 650w, https:\/\/www.stac.es\/wp-content\/uploads\/2021\/05\/aplicaciones-especiales-bodegon-219x300.jpg 219w\" sizes=\"auto, (max-width: 650px) 100vw, 650px\" \/><\/figure><\/div>\n<\/div><\/div>\n\n\n\n<div class=\"wp-block-group\"><div class=\"wp-block-group__inner-container is-layout-flow wp-block-group-is-layout-flow\">\n<div style=\"height:50px\" aria-hidden=\"true\" class=\"wp-block-spacer\"><\/div>\n<\/div><\/div>\n\n\n<div class=\"wp-block-image\">\n<figure class=\"aligncenter size-full\"><a href=\"https:\/\/www.stac.es\/wp-content\/uploads\/2024\/12\/Vedantes_de_estanqueidade_2024_pt.pdf\" target=\"_blank\" rel=\"noreferrer noopener\"><img loading=\"lazy\" decoding=\"async\" width=\"1024\" height=\"457\" src=\"https:\/\/www.stac.es\/wp-content\/uploads\/2025\/03\/catalogo-junta-2025-1.jpg\" alt=\"\" class=\"wp-image-72626\" srcset=\"https:\/\/www.stac.es\/wp-content\/uploads\/2025\/03\/catalogo-junta-2025-1.jpg 1024w, https:\/\/www.stac.es\/wp-content\/uploads\/2025\/03\/catalogo-junta-2025-1-300x134.jpg 300w, https:\/\/www.stac.es\/wp-content\/uploads\/2025\/03\/catalogo-junta-2025-1-768x343.jpg 768w\" sizes=\"auto, (max-width: 1024px) 100vw, 1024px\" \/><\/a><\/figure><\/div>\n\n\n<div style=\"height:50px\" aria-hidden=\"true\" class=\"wp-block-spacer\"><\/div>\n\n\n\n<p><\/p>\n","protected":false},"excerpt":{"rendered":"<p>Juntas de estanqueidade Mais do que juntas de estanqueidade, conta compreender o isolamento como uma parte fundamental do todo. Mais do que isolamento, oferecemos conforto Na STAC compreendemos cada parte de um sistema para uma janela de alum\u00ednio e PVC, e \u00e9 por isso que somos capazes de conceber juntas de estanqueidade personalizadas para o [&hellip;]<\/p>\n","protected":false},"author":1,"featured_media":7049,"parent":4265,"menu_order":0,"comment_status":"closed","ping_status":"closed","template":"","meta":{"_acf_changed":false,"footnotes":""},"class_list":["post-4320","page","type-page","status-publish","has-post-thumbnail","hentry"],"acf":[],"yoast_head":"<!-- This site is optimized with the Yoast SEO plugin v27.5 - https:\/\/yoast.com\/product\/yoast-seo-wordpress\/ -->\n<title>Juntas - STAC<\/title>\n<meta name=\"robots\" content=\"index, follow, max-snippet:-1, max-image-preview:large, max-video-preview:-1\" \/>\n<link rel=\"canonical\" href=\"https:\/\/www.stac.es\/pt-pt\/o-que-fazemos\/juntas\/\" \/>\n<meta property=\"og:locale\" content=\"pt_PT\" \/>\n<meta property=\"og:type\" content=\"article\" \/>\n<meta property=\"og:title\" content=\"Juntas - STAC\" \/>\n<meta property=\"og:description\" content=\"Juntas de estanqueidade Mais do que juntas de estanqueidade, conta compreender o isolamento como uma parte fundamental do todo. Mais do que isolamento, oferecemos conforto Na STAC compreendemos cada parte de um sistema para uma janela de alum\u00ednio e PVC, e \u00e9 por isso que somos capazes de conceber juntas de estanqueidade personalizadas para o [&hellip;]\" \/>\n<meta property=\"og:url\" content=\"https:\/\/www.stac.es\/pt-pt\/o-que-fazemos\/juntas\/\" \/>\n<meta property=\"og:site_name\" content=\"STAC\" \/>\n<meta property=\"article:modified_time\" content=\"2025-03-28T10:08:40+00:00\" \/>\n<meta property=\"og:image\" content=\"https:\/\/www.stac.es\/wp-content\/uploads\/2021\/05\/235x-2_DIV-JUNTAS.jpg\" \/>\n\t<meta property=\"og:image:width\" content=\"235\" \/>\n\t<meta property=\"og:image:height\" content=\"235\" \/>\n\t<meta property=\"og:image:type\" content=\"image\/jpeg\" \/>\n<meta name=\"twitter:card\" content=\"summary_large_image\" \/>\n<meta name=\"twitter:label1\" content=\"Tempo estimado de leitura\" \/>\n\t<meta name=\"twitter:data1\" content=\"4 minutos\" \/>\n<script type=\"application\/ld+json\" class=\"yoast-schema-graph\">{\"@context\":\"https:\\\/\\\/schema.org\",\"@graph\":[{\"@type\":\"WebPage\",\"@id\":\"https:\\\/\\\/www.stac.es\\\/pt-pt\\\/o-que-fazemos\\\/juntas\\\/\",\"url\":\"https:\\\/\\\/www.stac.es\\\/pt-pt\\\/o-que-fazemos\\\/juntas\\\/\",\"name\":\"Juntas - STAC\",\"isPartOf\":{\"@id\":\"https:\\\/\\\/www.stac.es\\\/pt-pt\\\/#website\"},\"primaryImageOfPage\":{\"@id\":\"https:\\\/\\\/www.stac.es\\\/pt-pt\\\/o-que-fazemos\\\/juntas\\\/#primaryimage\"},\"image\":{\"@id\":\"https:\\\/\\\/www.stac.es\\\/pt-pt\\\/o-que-fazemos\\\/juntas\\\/#primaryimage\"},\"thumbnailUrl\":\"https:\\\/\\\/www.stac.es\\\/wp-content\\\/uploads\\\/2021\\\/05\\\/235x-2_DIV-JUNTAS.jpg\",\"datePublished\":\"2020-12-15T09:52:43+00:00\",\"dateModified\":\"2025-03-28T10:08:40+00:00\",\"breadcrumb\":{\"@id\":\"https:\\\/\\\/www.stac.es\\\/pt-pt\\\/o-que-fazemos\\\/juntas\\\/#breadcrumb\"},\"inLanguage\":\"pt-PT\",\"potentialAction\":[{\"@type\":\"ReadAction\",\"target\":[\"https:\\\/\\\/www.stac.es\\\/pt-pt\\\/o-que-fazemos\\\/juntas\\\/\"]}]},{\"@type\":\"ImageObject\",\"inLanguage\":\"pt-PT\",\"@id\":\"https:\\\/\\\/www.stac.es\\\/pt-pt\\\/o-que-fazemos\\\/juntas\\\/#primaryimage\",\"url\":\"https:\\\/\\\/www.stac.es\\\/wp-content\\\/uploads\\\/2021\\\/05\\\/235x-2_DIV-JUNTAS.jpg\",\"contentUrl\":\"https:\\\/\\\/www.stac.es\\\/wp-content\\\/uploads\\\/2021\\\/05\\\/235x-2_DIV-JUNTAS.jpg\",\"width\":235,\"height\":235},{\"@type\":\"BreadcrumbList\",\"@id\":\"https:\\\/\\\/www.stac.es\\\/pt-pt\\\/o-que-fazemos\\\/juntas\\\/#breadcrumb\",\"itemListElement\":[{\"@type\":\"ListItem\",\"position\":1,\"name\":\"Portada\",\"item\":\"https:\\\/\\\/www.stac.es\\\/pt-pt\\\/\"},{\"@type\":\"ListItem\",\"position\":2,\"name\":\"O que fazemos?\",\"item\":\"https:\\\/\\\/www.stac.es\\\/pt-pt\\\/o-que-fazemos\\\/\"},{\"@type\":\"ListItem\",\"position\":3,\"name\":\"Juntas\"}]},{\"@type\":\"WebSite\",\"@id\":\"https:\\\/\\\/www.stac.es\\\/pt-pt\\\/#website\",\"url\":\"https:\\\/\\\/www.stac.es\\\/pt-pt\\\/\",\"name\":\"STAC\",\"description\":\"Soluciones para sistemas de aluminio\",\"potentialAction\":[{\"@type\":\"SearchAction\",\"target\":{\"@type\":\"EntryPoint\",\"urlTemplate\":\"https:\\\/\\\/www.stac.es\\\/pt-pt\\\/?s={search_term_string}\"},\"query-input\":{\"@type\":\"PropertyValueSpecification\",\"valueRequired\":true,\"valueName\":\"search_term_string\"}}],\"inLanguage\":\"pt-PT\"}]}<\/script>\n<!-- \/ Yoast SEO plugin. -->","yoast_head_json":{"title":"Juntas - STAC","robots":{"index":"index","follow":"follow","max-snippet":"max-snippet:-1","max-image-preview":"max-image-preview:large","max-video-preview":"max-video-preview:-1"},"canonical":"https:\/\/www.stac.es\/pt-pt\/o-que-fazemos\/juntas\/","og_locale":"pt_PT","og_type":"article","og_title":"Juntas - STAC","og_description":"Juntas de estanqueidade Mais do que juntas de estanqueidade, conta compreender o isolamento como uma parte fundamental do todo. Mais do que isolamento, oferecemos conforto Na STAC compreendemos cada parte de um sistema para uma janela de alum\u00ednio e PVC, e \u00e9 por isso que somos capazes de conceber juntas de estanqueidade personalizadas para o [&hellip;]","og_url":"https:\/\/www.stac.es\/pt-pt\/o-que-fazemos\/juntas\/","og_site_name":"STAC","article_modified_time":"2025-03-28T10:08:40+00:00","og_image":[{"width":235,"height":235,"url":"https:\/\/www.stac.es\/wp-content\/uploads\/2021\/05\/235x-2_DIV-JUNTAS.jpg","type":"image\/jpeg"}],"twitter_card":"summary_large_image","twitter_misc":{"Tempo estimado de leitura":"4 minutos"},"schema":{"@context":"https:\/\/schema.org","@graph":[{"@type":"WebPage","@id":"https:\/\/www.stac.es\/pt-pt\/o-que-fazemos\/juntas\/","url":"https:\/\/www.stac.es\/pt-pt\/o-que-fazemos\/juntas\/","name":"Juntas - STAC","isPartOf":{"@id":"https:\/\/www.stac.es\/pt-pt\/#website"},"primaryImageOfPage":{"@id":"https:\/\/www.stac.es\/pt-pt\/o-que-fazemos\/juntas\/#primaryimage"},"image":{"@id":"https:\/\/www.stac.es\/pt-pt\/o-que-fazemos\/juntas\/#primaryimage"},"thumbnailUrl":"https:\/\/www.stac.es\/wp-content\/uploads\/2021\/05\/235x-2_DIV-JUNTAS.jpg","datePublished":"2020-12-15T09:52:43+00:00","dateModified":"2025-03-28T10:08:40+00:00","breadcrumb":{"@id":"https:\/\/www.stac.es\/pt-pt\/o-que-fazemos\/juntas\/#breadcrumb"},"inLanguage":"pt-PT","potentialAction":[{"@type":"ReadAction","target":["https:\/\/www.stac.es\/pt-pt\/o-que-fazemos\/juntas\/"]}]},{"@type":"ImageObject","inLanguage":"pt-PT","@id":"https:\/\/www.stac.es\/pt-pt\/o-que-fazemos\/juntas\/#primaryimage","url":"https:\/\/www.stac.es\/wp-content\/uploads\/2021\/05\/235x-2_DIV-JUNTAS.jpg","contentUrl":"https:\/\/www.stac.es\/wp-content\/uploads\/2021\/05\/235x-2_DIV-JUNTAS.jpg","width":235,"height":235},{"@type":"BreadcrumbList","@id":"https:\/\/www.stac.es\/pt-pt\/o-que-fazemos\/juntas\/#breadcrumb","itemListElement":[{"@type":"ListItem","position":1,"name":"Portada","item":"https:\/\/www.stac.es\/pt-pt\/"},{"@type":"ListItem","position":2,"name":"O que fazemos?","item":"https:\/\/www.stac.es\/pt-pt\/o-que-fazemos\/"},{"@type":"ListItem","position":3,"name":"Juntas"}]},{"@type":"WebSite","@id":"https:\/\/www.stac.es\/pt-pt\/#website","url":"https:\/\/www.stac.es\/pt-pt\/","name":"STAC","description":"Soluciones para sistemas de aluminio","potentialAction":[{"@type":"SearchAction","target":{"@type":"EntryPoint","urlTemplate":"https:\/\/www.stac.es\/pt-pt\/?s={search_term_string}"},"query-input":{"@type":"PropertyValueSpecification","valueRequired":true,"valueName":"search_term_string"}}],"inLanguage":"pt-PT"}]}},"_links":{"self":[{"href":"https:\/\/www.stac.es\/pt-pt\/wp-json\/wp\/v2\/pages\/4320","targetHints":{"allow":["GET"]}}],"collection":[{"href":"https:\/\/www.stac.es\/pt-pt\/wp-json\/wp\/v2\/pages"}],"about":[{"href":"https:\/\/www.stac.es\/pt-pt\/wp-json\/wp\/v2\/types\/page"}],"author":[{"embeddable":true,"href":"https:\/\/www.stac.es\/pt-pt\/wp-json\/wp\/v2\/users\/1"}],"replies":[{"embeddable":true,"href":"https:\/\/www.stac.es\/pt-pt\/wp-json\/wp\/v2\/comments?post=4320"}],"version-history":[{"count":18,"href":"https:\/\/www.stac.es\/pt-pt\/wp-json\/wp\/v2\/pages\/4320\/revisions"}],"predecessor-version":[{"id":72766,"href":"https:\/\/www.stac.es\/pt-pt\/wp-json\/wp\/v2\/pages\/4320\/revisions\/72766"}],"up":[{"embeddable":true,"href":"https:\/\/www.stac.es\/pt-pt\/wp-json\/wp\/v2\/pages\/4265"}],"wp:featuredmedia":[{"embeddable":true,"href":"https:\/\/www.stac.es\/pt-pt\/wp-json\/wp\/v2\/media\/7049"}],"wp:attachment":[{"href":"https:\/\/www.stac.es\/pt-pt\/wp-json\/wp\/v2\/media?parent=4320"}],"curies":[{"name":"wp","href":"https:\/\/api.w.org\/{rel}","templated":true}]}}