{"id":4315,"date":"2020-12-15T09:52:55","date_gmt":"2020-12-15T09:52:55","guid":{"rendered":"https:\/\/www.stac.es\/que-hacemos\/perfil-aislante\/"},"modified":"2025-11-13T17:00:15","modified_gmt":"2025-11-13T17:00:15","slug":"perfil-de-isolamento","status":"publish","type":"page","link":"https:\/\/www.stac.es\/pt-pt\/o-que-fazemos\/perfil-de-isolamento\/","title":{"rendered":"Perfil de isolamento"},"content":{"rendered":"\n<div class=\"wp-block-cover is-light\"><img loading=\"lazy\" decoding=\"async\" width=\"1857\" height=\"770\" class=\"wp-block-cover__image-background wp-image-706\" alt=\"\" src=\"https:\/\/www.stac.es\/wp-content\/uploads\/2021\/03\/perfiles-poliamida-1.jpg\" data-object-fit=\"cover\" srcset=\"https:\/\/www.stac.es\/wp-content\/uploads\/2021\/03\/perfiles-poliamida-1.jpg 1857w, https:\/\/www.stac.es\/wp-content\/uploads\/2021\/03\/perfiles-poliamida-1-300x124.jpg 300w, https:\/\/www.stac.es\/wp-content\/uploads\/2021\/03\/perfiles-poliamida-1-1024x425.jpg 1024w, https:\/\/www.stac.es\/wp-content\/uploads\/2021\/03\/perfiles-poliamida-1-768x318.jpg 768w, https:\/\/www.stac.es\/wp-content\/uploads\/2021\/03\/perfiles-poliamida-1-1536x637.jpg 1536w\" sizes=\"auto, (max-width: 1857px) 100vw, 1857px\" \/><span aria-hidden=\"true\" class=\"wp-block-cover__background has-background-dim-0 has-background-dim\"><\/span><div class=\"wp-block-cover__inner-container is-layout-flow wp-block-cover-is-layout-flow\">\n<p class=\"has-text-align-center has-large-font-size\"><\/p>\n<\/div><\/div>\n\n\n<div class=\"wp-block-group navegacion-interior wrapper doble-separador-superior\"><ul class=\"pages\">\n        <li class=\"page \">\n            <a href=\"https:\/\/www.stac.es\/pt-pt\/o-que-fazemos\/ferragens-acessorios\/\">\n                <div class=\"media\" style=\"background-image:url(https:\/\/www.stac.es\/wp-content\/uploads\/2021\/05\/235x-1_DIV-HERRAJE.jpg)\"><\/div>\n                <div class=\"texto\"><span>Ferragens e acess\u00f3rios<\/span><\/div>\n            <\/a>\n        <\/li>\n        <li class=\"page \">\n            <a href=\"https:\/\/www.stac.es\/pt-pt\/o-que-fazemos\/juntas\/\">\n                <div class=\"media\" style=\"background-image:url(https:\/\/www.stac.es\/wp-content\/uploads\/2021\/05\/235x-2_DIV-JUNTAS.jpg)\"><\/div>\n                <div class=\"texto\"><span>Juntas<\/span><\/div>\n            <\/a>\n        <\/li>\n        <li class=\"page current\">\n            <a href=\"https:\/\/www.stac.es\/pt-pt\/o-que-fazemos\/perfil-de-isolamento\/\">\n                <div class=\"media\" style=\"background-image:url(https:\/\/www.stac.es\/wp-content\/uploads\/2021\/05\/235x-3_DIV-POLIAMIDA.jpg)\"><\/div>\n                <div class=\"texto\"><span>Perfil de isolamento<\/span><\/div>\n            <\/a>\n        <\/li>\n        <li class=\"page \">\n            <a href=\"https:\/\/www.stac.es\/pt-pt\/o-que-fazemos\/gabinete-tecnico\/\">\n                <div class=\"media\" style=\"background-image:url(https:\/\/www.stac.es\/wp-content\/uploads\/2021\/05\/235x-4_DIV-OFITEC.jpg)\"><\/div>\n                <div class=\"texto\"><span>Gabinete t\u00e9cnico<\/span><\/div>\n            <\/a>\n        <\/li><\/ul><\/div>\n\n\n\n<div class=\"wp-block-group wrapper doble-separador-superior\"><div class=\"wp-block-group__inner-container is-layout-flow wp-block-group-is-layout-flow\">\n<h1 class=\"wp-block-heading has-text-align-center\">Perfil de isolamento<\/h1>\n\n\n\n<p class=\"has-text-align-center\">Mais do que o perfil de efici\u00eancia energ\u00e9tica, trata-se de compreender que o que \u00e9 importante \u00e9 o conforto da estadia.<\/p>\n<\/div><\/div>\n\n\n\n<div class=\"wp-block-group wrapper doble-separador-superior\"><div class=\"wp-block-group__inner-container is-layout-flow wp-block-group-is-layout-flow\">\n<div class=\"wp-block-media-text alignwide is-stacked-on-mobile\"><figure class=\"wp-block-media-text__media\"><img loading=\"lazy\" decoding=\"async\" width=\"1024\" height=\"585\" src=\"https:\/\/www.stac.es\/wp-content\/uploads\/2021\/03\/02_COMPO-MID-1024x585.jpg\" alt=\"\" class=\"wp-image-708 size-full\" srcset=\"https:\/\/www.stac.es\/wp-content\/uploads\/2021\/03\/02_COMPO-MID-1024x585.jpg 1024w, https:\/\/www.stac.es\/wp-content\/uploads\/2021\/03\/02_COMPO-MID-300x171.jpg 300w, https:\/\/www.stac.es\/wp-content\/uploads\/2021\/03\/02_COMPO-MID-768x439.jpg 768w, https:\/\/www.stac.es\/wp-content\/uploads\/2021\/03\/02_COMPO-MID-1536x878.jpg 1536w, https:\/\/www.stac.es\/wp-content\/uploads\/2021\/03\/02_COMPO-MID.jpg 1750w\" sizes=\"auto, (max-width: 1024px) 100vw, 1024px\" \/><\/figure><div class=\"wp-block-media-text__content\">\n<h2 class=\"wp-block-heading\">HITEP<\/h2>\n\n\n\n<p>HITEP \u00e9 o nosso novo perfil de rutura de ponte t\u00e9rmica com uma melhoria de 37% na transmit\u00e2ncia sem alterar o design dos perfis de alum\u00ednio.<\/p>\n\n\n\n<p>Com um coeficiente de transmit\u00e2ncia t\u00e9rmica de apenas 0,19 W\/(m.K), gra\u00e7as ao HITEP pode melhorar a efici\u00eancia energ\u00e9tica do seu sistema de alum\u00ednio e, assim, ter um produto mais competitivo sem afetar o seu design.<\/p>\n<\/div><\/div>\n<\/div><\/div>\n\n\n\n<div class=\"wp-block-group wrapper doble-separador-superior\"><div class=\"wp-block-group__inner-container is-layout-flow wp-block-group-is-layout-flow\">\n<div class=\"wp-block-columns is-layout-flex wp-container-core-columns-is-layout-9d6595d7 wp-block-columns-is-layout-flex\">\n<div class=\"wp-block-column is-layout-flow wp-block-column-is-layout-flow\">\n<figure class=\"wp-block-image size-large\"><img loading=\"lazy\" decoding=\"async\" width=\"500\" height=\"500\" src=\"https:\/\/www.stac.es\/wp-content\/uploads\/2021\/05\/1transmitancia.jpg\" alt=\"\" class=\"wp-image-6750\" srcset=\"https:\/\/www.stac.es\/wp-content\/uploads\/2021\/05\/1transmitancia.jpg 500w, https:\/\/www.stac.es\/wp-content\/uploads\/2021\/05\/1transmitancia-300x300.jpg 300w, https:\/\/www.stac.es\/wp-content\/uploads\/2021\/05\/1transmitancia-400x400.jpg 400w\" sizes=\"auto, (max-width: 500px) 100vw, 500px\" \/><\/figure>\n\n\n\n<h3 class=\"wp-block-heading\">Transmit\u00e2ncia t\u00e9rmica<\/h3>\n\n\n\n<p>O nosso gabinete t\u00e9cnico realiza estudos para propor propostas e solu\u00e7\u00f5es para alcan\u00e7ar os melhores coeficientes de transmit\u00e2ncia t\u00e9rmica para o seu sistema.<\/p>\n<\/div>\n\n\n\n<div class=\"wp-block-column is-layout-flow wp-block-column-is-layout-flow\">\n<figure class=\"wp-block-image size-large is-resized\"><img loading=\"lazy\" decoding=\"async\" width=\"564\" height=\"563\" src=\"https:\/\/www.stac.es\/wp-content\/uploads\/2021\/03\/materiales-poliamidas.jpg\" alt=\"\" class=\"wp-image-711\" style=\"width:443px;height:423px\" srcset=\"https:\/\/www.stac.es\/wp-content\/uploads\/2021\/03\/materiales-poliamidas.jpg 564w, https:\/\/www.stac.es\/wp-content\/uploads\/2021\/03\/materiales-poliamidas-300x300.jpg 300w, https:\/\/www.stac.es\/wp-content\/uploads\/2021\/03\/materiales-poliamidas-400x400.jpg 400w\" sizes=\"auto, (max-width: 564px) 100vw, 564px\" \/><\/figure>\n\n\n\n<h3 class=\"wp-block-heading\">Desenhos feitos \u00e0 medida<\/h3>\n\n\n\n<p>Fazemos desenhos \u00e0 medida para o seu sistema, para que tenha uma solu\u00e7\u00e3o exclusiva que acrescente valor ao seu produto no mercado.<\/p>\n<\/div>\n\n\n\n<div class=\"wp-block-column is-layout-flow wp-block-column-is-layout-flow\">\n<figure class=\"wp-block-image size-large is-resized\"><img loading=\"lazy\" decoding=\"async\" width=\"565\" height=\"564\" src=\"https:\/\/www.stac.es\/wp-content\/uploads\/2021\/03\/certificado-atg.jpg\" alt=\"\" class=\"wp-image-712\" style=\"width:446px;height:426px\" srcset=\"https:\/\/www.stac.es\/wp-content\/uploads\/2021\/03\/certificado-atg.jpg 565w, https:\/\/www.stac.es\/wp-content\/uploads\/2021\/03\/certificado-atg-300x300.jpg 300w, https:\/\/www.stac.es\/wp-content\/uploads\/2021\/03\/certificado-atg-400x400.jpg 400w\" sizes=\"auto, (max-width: 565px) 100vw, 565px\" \/><\/figure>\n\n\n\n<h3 class=\"wp-block-heading\">Certificado ATG<\/h3>\n\n\n\n<p>Dispomos do documento de aptid\u00e3o t\u00e9cnica ATG, o mais alto reconhecimento no fabrico de perfis de poliamida para rutura de ponte t\u00e9rmica.<\/p>\n<\/div>\n<\/div>\n\n\n\n<p id=\"wrapper\"><\/p>\n<\/div><\/div>\n\n\n\n<div class=\"wp-block-group wrapper\"><div class=\"wp-block-group__inner-container is-layout-flow wp-block-group-is-layout-flow\">\n<div class=\"wp-block-media-text alignwide is-stacked-on-mobile\"><figure class=\"wp-block-media-text__media\"><img loading=\"lazy\" decoding=\"async\" width=\"1024\" height=\"683\" src=\"https:\/\/www.stac.es\/wp-content\/uploads\/2021\/03\/poliamida-espuma-lacable-1024x683.jpg\" alt=\"\" class=\"wp-image-715 size-full\" srcset=\"https:\/\/www.stac.es\/wp-content\/uploads\/2021\/03\/poliamida-espuma-lacable-1024x683.jpg 1024w, https:\/\/www.stac.es\/wp-content\/uploads\/2021\/03\/poliamida-espuma-lacable-300x200.jpg 300w, https:\/\/www.stac.es\/wp-content\/uploads\/2021\/03\/poliamida-espuma-lacable-768x512.jpg 768w, https:\/\/www.stac.es\/wp-content\/uploads\/2021\/03\/poliamida-espuma-lacable-1536x1024.jpg 1536w, https:\/\/www.stac.es\/wp-content\/uploads\/2021\/03\/poliamida-espuma-lacable-2048x1366.jpg 2048w\" sizes=\"auto, (max-width: 1024px) 100vw, 1024px\" \/><\/figure><div class=\"wp-block-media-text__content\">\n<h2 class=\"wp-block-heading\">Espumas<\/h2>\n\n\n\n<p>Para al\u00e9m dos perfis de poliamida, oferecemos diferentes tipos de espuma com uma condutividade t\u00e9rmica de apenas 0,036 W\/(m.K).<\/p>\n\n\n\n<p>Dispomos de espumas preparadas para os diferentes processos, desde a espuma de polietileno mais simples, n\u00e3o resistente \u00e0 lacagem, at\u00e9 \u00e0 espuma de poliamida com c\u00e9lulas fechadas, resistente \u00e0 lacagem e \u00e0 absor\u00e7\u00e3o de l\u00edquidos.<\/p>\n\n\n\n<p>Estas espumas j\u00e1 est\u00e3o unidas e coladas ao perfil de poliamida, prontas a serem acopladas no sistema.<\/p>\n<\/div><\/div>\n\n\n\n<div style=\"height:30px\" aria-hidden=\"true\" class=\"wp-block-spacer\"><\/div>\n\n\n\n<div class=\"wp-block-media-text alignwide has-media-on-the-right is-stacked-on-mobile\"><div class=\"wp-block-media-text__content\">\n<h2 class=\"wp-block-heading\">Cord\u00e3o termofus\u00edvel<\/h2>\n\n\n\n<p>O cord\u00e3o termofus\u00edvel \u00e9 ativado como um adesivo muito forte entre o perfil de poliamida e o perfil de alum\u00ednio, quando o revestimento \u00e9 aplicado subsequentemente.<\/p>\n\n\n\n<p>Isto deve-se ao facto de, durante o processo de cura da pintura, os perfis de poliamida terem uma pequena perda de volume, com a possibilidade de perda de estanqueidade nos martelos dos perfis de poliamida.<\/p>\n\n\n\n<p>Gra\u00e7as ao cord\u00e3o termofus\u00edvel, evitamos este comportamento, ao encher e fundir os dois materiais.<\/p>\n<\/div><figure class=\"wp-block-media-text__media\"><img loading=\"lazy\" decoding=\"async\" width=\"1024\" height=\"753\" src=\"https:\/\/www.stac.es\/wp-content\/uploads\/2021\/04\/Cordon-Termofusible-1024x753.png\" alt=\"\" class=\"wp-image-1484 size-full\" srcset=\"https:\/\/www.stac.es\/wp-content\/uploads\/2021\/04\/Cordon-Termofusible-1024x753.png 1024w, https:\/\/www.stac.es\/wp-content\/uploads\/2021\/04\/Cordon-Termofusible-300x221.png 300w, https:\/\/www.stac.es\/wp-content\/uploads\/2021\/04\/Cordon-Termofusible-768x565.png 768w, https:\/\/www.stac.es\/wp-content\/uploads\/2021\/04\/Cordon-Termofusible-1536x1130.png 1536w, https:\/\/www.stac.es\/wp-content\/uploads\/2021\/04\/Cordon-Termofusible.png 1763w\" sizes=\"auto, (max-width: 1024px) 100vw, 1024px\" \/><\/figure><\/div>\n\n\n\n<div style=\"height:30px\" aria-hidden=\"true\" class=\"wp-block-spacer\"><\/div>\n\n\n\n<div class=\"wp-block-media-text alignwide is-stacked-on-mobile\"><figure class=\"wp-block-media-text__media\"><img loading=\"lazy\" decoding=\"async\" width=\"1024\" height=\"702\" src=\"https:\/\/www.stac.es\/wp-content\/uploads\/2021\/04\/perfil-lacable-1024x702.jpg\" alt=\"\" class=\"wp-image-1493 size-full\" srcset=\"https:\/\/www.stac.es\/wp-content\/uploads\/2021\/04\/perfil-lacable-1024x702.jpg 1024w, https:\/\/www.stac.es\/wp-content\/uploads\/2021\/04\/perfil-lacable-300x206.jpg 300w, https:\/\/www.stac.es\/wp-content\/uploads\/2021\/04\/perfil-lacable-768x527.jpg 768w, https:\/\/www.stac.es\/wp-content\/uploads\/2021\/04\/perfil-lacable.jpg 1343w\" sizes=\"auto, (max-width: 1024px) 100vw, 1024px\" \/><\/figure><div class=\"wp-block-media-text__content\">\n<h2 class=\"wp-block-heading\">Possibilidade de lacagem<\/h2>\n\n\n\n<p>Por vezes, \u00e9 necess\u00e1rio manter a cor preta da poliamida ap\u00f3s a lacagem em perfis montagens em bruto.<\/p>\n\n\n\n<p>Se for este o seu caso, n\u00e3o \u00e9 problema gra\u00e7as \u00e0 possibilidade de adicionar uma pel\u00edcula adesiva capaz de suportar altas temperaturas que \u00e9 removida ap\u00f3s a lacagem.<\/p>\n\n\n\n<p>Damos o nome de Masking a esta t\u00e9cnica e, se quiser obter mais detalhes, basta entrar em contacto connosco.<\/p>\n<\/div><\/div>\n\n\n\n<div style=\"height:30px\" aria-hidden=\"true\" class=\"wp-block-spacer\"><\/div>\n\n\n\n<div class=\"wp-block-media-text alignwide has-media-on-the-right is-stacked-on-mobile\"><div class=\"wp-block-media-text__content\">\n<h2 class=\"wp-block-heading\">Alguns dos nossos perfis<\/h2>\n\n\n\n<ul class=\"wp-block-list\">\n<li>Perfis de espuma de poliamida ou poliuretano.<\/li>\n\n\n\n<li>Perfil plano.<\/li>\n\n\n\n<li>Perfil em forma de C.<\/li>\n\n\n\n<li>Perfil de suporte para junta central.<\/li>\n\n\n\n<li>Perfil com suporte de borracha.<\/li>\n\n\n\n<li>Perfil com divisor de c\u00e2mara.<\/li>\n\n\n\n<li>Perfil para parede de cortina.<\/li>\n\n\n\n<li>Perfis especiais.<\/li>\n<\/ul>\n<\/div><figure class=\"wp-block-media-text__media\"><img loading=\"lazy\" decoding=\"async\" width=\"1024\" height=\"755\" src=\"https:\/\/www.stac.es\/wp-content\/uploads\/2021\/03\/productos-poliamidas-1-1024x755.jpg\" alt=\"\" class=\"wp-image-716 size-full\" srcset=\"https:\/\/www.stac.es\/wp-content\/uploads\/2021\/03\/productos-poliamidas-1-1024x755.jpg 1024w, https:\/\/www.stac.es\/wp-content\/uploads\/2021\/03\/productos-poliamidas-1-300x221.jpg 300w, https:\/\/www.stac.es\/wp-content\/uploads\/2021\/03\/productos-poliamidas-1-768x566.jpg 768w, https:\/\/www.stac.es\/wp-content\/uploads\/2021\/03\/productos-poliamidas-1.jpg 1500w\" sizes=\"auto, (max-width: 1024px) 100vw, 1024px\" \/><\/figure><\/div>\n<\/div><\/div>\n\n\n\n<div style=\"height:100px\" aria-hidden=\"true\" class=\"wp-block-spacer\"><\/div>\n\n\n<div class=\"wp-block-image\">\n<figure class=\"aligncenter size-full\"><a href=\"https:\/\/www.stac.es\/wp-content\/uploads\/2025\/11\/MKT-STM-103_-Perfiles-Poliamida_Polyamide-profiles-_Profiles-de-polyamide_2025_w.pdf\" target=\"_blank\" rel=\"noreferrer noopener\"><img loading=\"lazy\" decoding=\"async\" width=\"1024\" height=\"344\" src=\"https:\/\/www.stac.es\/wp-content\/uploads\/2025\/03\/mock-up-presentacion.jpg\" alt=\"\" class=\"wp-image-72774\" srcset=\"https:\/\/www.stac.es\/wp-content\/uploads\/2025\/03\/mock-up-presentacion.jpg 1024w, https:\/\/www.stac.es\/wp-content\/uploads\/2025\/03\/mock-up-presentacion-300x101.jpg 300w, https:\/\/www.stac.es\/wp-content\/uploads\/2025\/03\/mock-up-presentacion-768x258.jpg 768w\" sizes=\"auto, (max-width: 1024px) 100vw, 1024px\" \/><\/a><\/figure><\/div>\n\n\n<div style=\"height:100px\" aria-hidden=\"true\" class=\"wp-block-spacer\"><\/div>\n","protected":false},"excerpt":{"rendered":"<p>Perfil de isolamento Mais do que o perfil de efici\u00eancia energ\u00e9tica, trata-se de compreender que o que \u00e9 importante \u00e9 o conforto da estadia. HITEP HITEP \u00e9 o nosso novo perfil de rutura de ponte t\u00e9rmica com uma melhoria de 37% na transmit\u00e2ncia sem alterar o design dos perfis de alum\u00ednio. Com um coeficiente de [&hellip;]<\/p>\n","protected":false},"author":1,"featured_media":7058,"parent":4265,"menu_order":0,"comment_status":"closed","ping_status":"closed","template":"","meta":{"_acf_changed":false,"footnotes":""},"class_list":["post-4315","page","type-page","status-publish","has-post-thumbnail","hentry"],"acf":[],"yoast_head":"<!-- This site is optimized with the Yoast SEO plugin v27.5 - https:\/\/yoast.com\/product\/yoast-seo-wordpress\/ -->\n<title>Perfil de isolamento - STAC<\/title>\n<meta name=\"robots\" content=\"index, follow, max-snippet:-1, max-image-preview:large, max-video-preview:-1\" \/>\n<link rel=\"canonical\" href=\"https:\/\/www.stac.es\/pt-pt\/o-que-fazemos\/perfil-de-isolamento\/\" \/>\n<meta property=\"og:locale\" content=\"pt_PT\" \/>\n<meta property=\"og:type\" content=\"article\" \/>\n<meta property=\"og:title\" content=\"Perfil de isolamento - STAC\" \/>\n<meta property=\"og:description\" content=\"Perfil de isolamento Mais do que o perfil de efici\u00eancia energ\u00e9tica, trata-se de compreender que o que \u00e9 importante \u00e9 o conforto da estadia. HITEP HITEP \u00e9 o nosso novo perfil de rutura de ponte t\u00e9rmica com uma melhoria de 37% na transmit\u00e2ncia sem alterar o design dos perfis de alum\u00ednio. Com um coeficiente de [&hellip;]\" \/>\n<meta property=\"og:url\" content=\"https:\/\/www.stac.es\/pt-pt\/o-que-fazemos\/perfil-de-isolamento\/\" \/>\n<meta property=\"og:site_name\" content=\"STAC\" \/>\n<meta property=\"article:modified_time\" content=\"2025-11-13T17:00:15+00:00\" \/>\n<meta property=\"og:image\" content=\"https:\/\/www.stac.es\/wp-content\/uploads\/2021\/05\/235x-3_DIV-POLIAMIDA.jpg\" \/>\n\t<meta property=\"og:image:width\" content=\"235\" \/>\n\t<meta property=\"og:image:height\" content=\"235\" \/>\n\t<meta property=\"og:image:type\" content=\"image\/jpeg\" \/>\n<meta name=\"twitter:card\" content=\"summary_large_image\" \/>\n<meta name=\"twitter:label1\" content=\"Tempo estimado de leitura\" \/>\n\t<meta name=\"twitter:data1\" content=\"5 minutos\" \/>\n<script type=\"application\/ld+json\" class=\"yoast-schema-graph\">{\"@context\":\"https:\\\/\\\/schema.org\",\"@graph\":[{\"@type\":\"WebPage\",\"@id\":\"https:\\\/\\\/www.stac.es\\\/pt-pt\\\/o-que-fazemos\\\/perfil-de-isolamento\\\/\",\"url\":\"https:\\\/\\\/www.stac.es\\\/pt-pt\\\/o-que-fazemos\\\/perfil-de-isolamento\\\/\",\"name\":\"Perfil de isolamento - STAC\",\"isPartOf\":{\"@id\":\"https:\\\/\\\/www.stac.es\\\/pt-pt\\\/#website\"},\"primaryImageOfPage\":{\"@id\":\"https:\\\/\\\/www.stac.es\\\/pt-pt\\\/o-que-fazemos\\\/perfil-de-isolamento\\\/#primaryimage\"},\"image\":{\"@id\":\"https:\\\/\\\/www.stac.es\\\/pt-pt\\\/o-que-fazemos\\\/perfil-de-isolamento\\\/#primaryimage\"},\"thumbnailUrl\":\"https:\\\/\\\/www.stac.es\\\/wp-content\\\/uploads\\\/2021\\\/05\\\/235x-3_DIV-POLIAMIDA.jpg\",\"datePublished\":\"2020-12-15T09:52:55+00:00\",\"dateModified\":\"2025-11-13T17:00:15+00:00\",\"breadcrumb\":{\"@id\":\"https:\\\/\\\/www.stac.es\\\/pt-pt\\\/o-que-fazemos\\\/perfil-de-isolamento\\\/#breadcrumb\"},\"inLanguage\":\"pt-PT\",\"potentialAction\":[{\"@type\":\"ReadAction\",\"target\":[\"https:\\\/\\\/www.stac.es\\\/pt-pt\\\/o-que-fazemos\\\/perfil-de-isolamento\\\/\"]}]},{\"@type\":\"ImageObject\",\"inLanguage\":\"pt-PT\",\"@id\":\"https:\\\/\\\/www.stac.es\\\/pt-pt\\\/o-que-fazemos\\\/perfil-de-isolamento\\\/#primaryimage\",\"url\":\"https:\\\/\\\/www.stac.es\\\/wp-content\\\/uploads\\\/2021\\\/05\\\/235x-3_DIV-POLIAMIDA.jpg\",\"contentUrl\":\"https:\\\/\\\/www.stac.es\\\/wp-content\\\/uploads\\\/2021\\\/05\\\/235x-3_DIV-POLIAMIDA.jpg\",\"width\":235,\"height\":235},{\"@type\":\"BreadcrumbList\",\"@id\":\"https:\\\/\\\/www.stac.es\\\/pt-pt\\\/o-que-fazemos\\\/perfil-de-isolamento\\\/#breadcrumb\",\"itemListElement\":[{\"@type\":\"ListItem\",\"position\":1,\"name\":\"Portada\",\"item\":\"https:\\\/\\\/www.stac.es\\\/pt-pt\\\/\"},{\"@type\":\"ListItem\",\"position\":2,\"name\":\"O que fazemos?\",\"item\":\"https:\\\/\\\/www.stac.es\\\/pt-pt\\\/o-que-fazemos\\\/\"},{\"@type\":\"ListItem\",\"position\":3,\"name\":\"Perfil de isolamento\"}]},{\"@type\":\"WebSite\",\"@id\":\"https:\\\/\\\/www.stac.es\\\/pt-pt\\\/#website\",\"url\":\"https:\\\/\\\/www.stac.es\\\/pt-pt\\\/\",\"name\":\"STAC\",\"description\":\"Soluciones para sistemas de aluminio\",\"potentialAction\":[{\"@type\":\"SearchAction\",\"target\":{\"@type\":\"EntryPoint\",\"urlTemplate\":\"https:\\\/\\\/www.stac.es\\\/pt-pt\\\/?s={search_term_string}\"},\"query-input\":{\"@type\":\"PropertyValueSpecification\",\"valueRequired\":true,\"valueName\":\"search_term_string\"}}],\"inLanguage\":\"pt-PT\"}]}<\/script>\n<!-- \/ Yoast SEO plugin. -->","yoast_head_json":{"title":"Perfil de isolamento - STAC","robots":{"index":"index","follow":"follow","max-snippet":"max-snippet:-1","max-image-preview":"max-image-preview:large","max-video-preview":"max-video-preview:-1"},"canonical":"https:\/\/www.stac.es\/pt-pt\/o-que-fazemos\/perfil-de-isolamento\/","og_locale":"pt_PT","og_type":"article","og_title":"Perfil de isolamento - STAC","og_description":"Perfil de isolamento Mais do que o perfil de efici\u00eancia energ\u00e9tica, trata-se de compreender que o que \u00e9 importante \u00e9 o conforto da estadia. HITEP HITEP \u00e9 o nosso novo perfil de rutura de ponte t\u00e9rmica com uma melhoria de 37% na transmit\u00e2ncia sem alterar o design dos perfis de alum\u00ednio. Com um coeficiente de [&hellip;]","og_url":"https:\/\/www.stac.es\/pt-pt\/o-que-fazemos\/perfil-de-isolamento\/","og_site_name":"STAC","article_modified_time":"2025-11-13T17:00:15+00:00","og_image":[{"width":235,"height":235,"url":"https:\/\/www.stac.es\/wp-content\/uploads\/2021\/05\/235x-3_DIV-POLIAMIDA.jpg","type":"image\/jpeg"}],"twitter_card":"summary_large_image","twitter_misc":{"Tempo estimado de leitura":"5 minutos"},"schema":{"@context":"https:\/\/schema.org","@graph":[{"@type":"WebPage","@id":"https:\/\/www.stac.es\/pt-pt\/o-que-fazemos\/perfil-de-isolamento\/","url":"https:\/\/www.stac.es\/pt-pt\/o-que-fazemos\/perfil-de-isolamento\/","name":"Perfil de isolamento - STAC","isPartOf":{"@id":"https:\/\/www.stac.es\/pt-pt\/#website"},"primaryImageOfPage":{"@id":"https:\/\/www.stac.es\/pt-pt\/o-que-fazemos\/perfil-de-isolamento\/#primaryimage"},"image":{"@id":"https:\/\/www.stac.es\/pt-pt\/o-que-fazemos\/perfil-de-isolamento\/#primaryimage"},"thumbnailUrl":"https:\/\/www.stac.es\/wp-content\/uploads\/2021\/05\/235x-3_DIV-POLIAMIDA.jpg","datePublished":"2020-12-15T09:52:55+00:00","dateModified":"2025-11-13T17:00:15+00:00","breadcrumb":{"@id":"https:\/\/www.stac.es\/pt-pt\/o-que-fazemos\/perfil-de-isolamento\/#breadcrumb"},"inLanguage":"pt-PT","potentialAction":[{"@type":"ReadAction","target":["https:\/\/www.stac.es\/pt-pt\/o-que-fazemos\/perfil-de-isolamento\/"]}]},{"@type":"ImageObject","inLanguage":"pt-PT","@id":"https:\/\/www.stac.es\/pt-pt\/o-que-fazemos\/perfil-de-isolamento\/#primaryimage","url":"https:\/\/www.stac.es\/wp-content\/uploads\/2021\/05\/235x-3_DIV-POLIAMIDA.jpg","contentUrl":"https:\/\/www.stac.es\/wp-content\/uploads\/2021\/05\/235x-3_DIV-POLIAMIDA.jpg","width":235,"height":235},{"@type":"BreadcrumbList","@id":"https:\/\/www.stac.es\/pt-pt\/o-que-fazemos\/perfil-de-isolamento\/#breadcrumb","itemListElement":[{"@type":"ListItem","position":1,"name":"Portada","item":"https:\/\/www.stac.es\/pt-pt\/"},{"@type":"ListItem","position":2,"name":"O que fazemos?","item":"https:\/\/www.stac.es\/pt-pt\/o-que-fazemos\/"},{"@type":"ListItem","position":3,"name":"Perfil de isolamento"}]},{"@type":"WebSite","@id":"https:\/\/www.stac.es\/pt-pt\/#website","url":"https:\/\/www.stac.es\/pt-pt\/","name":"STAC","description":"Soluciones para sistemas de aluminio","potentialAction":[{"@type":"SearchAction","target":{"@type":"EntryPoint","urlTemplate":"https:\/\/www.stac.es\/pt-pt\/?s={search_term_string}"},"query-input":{"@type":"PropertyValueSpecification","valueRequired":true,"valueName":"search_term_string"}}],"inLanguage":"pt-PT"}]}},"_links":{"self":[{"href":"https:\/\/www.stac.es\/pt-pt\/wp-json\/wp\/v2\/pages\/4315","targetHints":{"allow":["GET"]}}],"collection":[{"href":"https:\/\/www.stac.es\/pt-pt\/wp-json\/wp\/v2\/pages"}],"about":[{"href":"https:\/\/www.stac.es\/pt-pt\/wp-json\/wp\/v2\/types\/page"}],"author":[{"embeddable":true,"href":"https:\/\/www.stac.es\/pt-pt\/wp-json\/wp\/v2\/users\/1"}],"replies":[{"embeddable":true,"href":"https:\/\/www.stac.es\/pt-pt\/wp-json\/wp\/v2\/comments?post=4315"}],"version-history":[{"count":33,"href":"https:\/\/www.stac.es\/pt-pt\/wp-json\/wp\/v2\/pages\/4315\/revisions"}],"predecessor-version":[{"id":81751,"href":"https:\/\/www.stac.es\/pt-pt\/wp-json\/wp\/v2\/pages\/4315\/revisions\/81751"}],"up":[{"embeddable":true,"href":"https:\/\/www.stac.es\/pt-pt\/wp-json\/wp\/v2\/pages\/4265"}],"wp:featuredmedia":[{"embeddable":true,"href":"https:\/\/www.stac.es\/pt-pt\/wp-json\/wp\/v2\/media\/7058"}],"wp:attachment":[{"href":"https:\/\/www.stac.es\/pt-pt\/wp-json\/wp\/v2\/media?parent=4315"}],"curies":[{"name":"wp","href":"https:\/\/api.w.org\/{rel}","templated":true}]}}