{"id":4205,"date":"2021-03-31T15:46:59","date_gmt":"2021-03-31T15:46:59","guid":{"rendered":"https:\/\/www.stac.es\/calidad\/"},"modified":"2026-02-02T09:06:13","modified_gmt":"2026-02-02T09:06:13","slug":"qualidade","status":"publish","type":"page","link":"https:\/\/www.stac.es\/pt-pt\/qualidade\/","title":{"rendered":"Qualidade"},"content":{"rendered":"\n<div class=\"wp-block-cover alignwide is-light is-position-center-center\" style=\"min-height:375px;aspect-ratio:unset;\"><img loading=\"lazy\" decoding=\"async\" width=\"2200\" height=\"906\" class=\"wp-block-cover__image-background wp-image-6996\" alt=\"\" src=\"https:\/\/www.stac.es\/wp-content\/uploads\/2021\/05\/banner-calidad.jpg\" style=\"object-position:52% 50%\" data-object-fit=\"cover\" data-object-position=\"52% 50%\" srcset=\"https:\/\/www.stac.es\/wp-content\/uploads\/2021\/05\/banner-calidad.jpg 2200w, https:\/\/www.stac.es\/wp-content\/uploads\/2021\/05\/banner-calidad-300x124.jpg 300w, https:\/\/www.stac.es\/wp-content\/uploads\/2021\/05\/banner-calidad-1024x422.jpg 1024w, https:\/\/www.stac.es\/wp-content\/uploads\/2021\/05\/banner-calidad-768x316.jpg 768w, https:\/\/www.stac.es\/wp-content\/uploads\/2021\/05\/banner-calidad-1536x633.jpg 1536w, https:\/\/www.stac.es\/wp-content\/uploads\/2021\/05\/banner-calidad-2048x843.jpg 2048w\" sizes=\"auto, (max-width: 2200px) 100vw, 2200px\" \/><span aria-hidden=\"true\" class=\"wp-block-cover__background has-background-dim-0 has-background-dim\"><\/span><div class=\"wp-block-cover__inner-container is-layout-flow wp-block-cover-is-layout-flow\">\n<p class=\"has-text-align-center has-text-color\" style=\"color:#fffffa;font-size:74px;line-height:1.1\"><\/p>\n<\/div><\/div>\n\n\n\n<div class=\"wp-block-group wrapper doble-separador-superior doble-separador-inferior\"><div class=\"wp-block-group__inner-container is-layout-flow wp-block-group-is-layout-flow\">\n<h1 class=\"wp-block-heading has-text-align-center\">Certificados de qualidade<\/h1>\n\n\n\n<p class=\"has-text-align-center\">Na STAC somos certificados pelo Bureau Veritas na conce\u00e7\u00e3o e fabrico de todos os nossos produtos mas, para n\u00f3s, a qualidade n\u00e3o \u00e9 uma certifica\u00e7\u00e3o, \u00e9 antes uma forma de atuar em todas as facetas da empresa.<\/p>\n\n\n\n<div class=\"wp-block-group wrapper\"><div class=\"wp-block-group__inner-container is-layout-flow wp-block-group-is-layout-flow\">\n<div class=\"wp-block-columns is-layout-flex wp-container-core-columns-is-layout-9d6595d7 wp-block-columns-is-layout-flex\">\n<div class=\"wp-block-column is-layout-flow wp-block-column-is-layout-flow\">\n<figure class=\"wp-block-image size-large\"><img decoding=\"async\" src=\"https:\/\/www.stac.es\/wp-content\/uploads\/2021\/12\/PSICM_12.2021EN-1.jpg\" alt=\"\"\/><\/figure>\n\n\n\n<h3 class=\"wp-block-heading\">Pol\u00edtica de sistema integrado de qualidade e meio ambiente<\/h3>\n\n\n\n<p><a href=\"https:\/\/www.stac.es\/wp-content\/uploads\/2024\/06\/Politica-Sistema-Integrado-Gestion-Calidad_Medioambiente-2024.pdf\">Descarregar<\/a><\/p>\n<\/div>\n\n\n\n<div class=\"wp-block-column is-layout-flow wp-block-column-is-layout-flow\">\n<figure class=\"wp-block-image size-full\"><img loading=\"lazy\" decoding=\"async\" width=\"724\" height=\"1024\" src=\"https:\/\/www.stac.es\/wp-content\/uploads\/2026\/02\/ISO-9001_FR-e1770023010489.jpg\" alt=\"\" class=\"wp-image-83903\"\/><\/figure>\n\n\n\n<h3 class=\"wp-block-heading\">ISO 9001: 2015<\/h3>\n\n\n\n<p><a href=\"https:\/\/www.stac.es\/wp-content\/uploads\/2026\/02\/ISO-9001_22449657-BUP-SISTEMAS-TECNICOS-DEL-ACCESORIO-Y-COMPONENTES-S.L.-PORTUGUES.pdf\" target=\"_blank\" rel=\"noreferrer noopener\">Descarregar<\/a><\/p>\n<\/div>\n\n\n\n<div class=\"wp-block-column is-layout-flow wp-block-column-is-layout-flow\">\n<figure class=\"wp-block-image size-large\"><img loading=\"lazy\" decoding=\"async\" width=\"724\" height=\"1024\" src=\"https:\/\/www.stac.es\/wp-content\/uploads\/2026\/02\/ISO-14001_PT-724x1024.jpg\" alt=\"\" class=\"wp-image-83951\"\/><\/figure>\n\n\n\n<h3 class=\"wp-block-heading\">ISO 14001: 2015<\/h3>\n\n\n\n<p><a href=\"https:\/\/www.stac.es\/wp-content\/uploads\/2026\/02\/ISO-14001_22449690-BUQ-SISTEMAS-TECNICOS-DEL-ACCESORIO-Y-COMPONENTES-S.L.-PORTUGUES.pdf\" target=\"_blank\" rel=\"noreferrer noopener\">Descarregar<\/a><\/p>\n<\/div>\n\n\n\n<div class=\"wp-block-column is-layout-flow wp-block-column-is-layout-flow\">\n<figure class=\"wp-block-image size-large\"><img loading=\"lazy\" decoding=\"async\" width=\"724\" height=\"1024\" src=\"https:\/\/www.stac.es\/wp-content\/uploads\/2025\/03\/14021-6-724x1024.jpg\" alt=\"\" class=\"wp-image-72450\" srcset=\"https:\/\/www.stac.es\/wp-content\/uploads\/2025\/03\/14021-6-724x1024.jpg 724w, https:\/\/www.stac.es\/wp-content\/uploads\/2025\/03\/14021-6-212x300.jpg 212w, https:\/\/www.stac.es\/wp-content\/uploads\/2025\/03\/14021-6-768x1086.jpg 768w, https:\/\/www.stac.es\/wp-content\/uploads\/2025\/03\/14021-6-1087x1536.jpg 1087w, https:\/\/www.stac.es\/wp-content\/uploads\/2025\/03\/14021-6-1449x2048.jpg 1449w, https:\/\/www.stac.es\/wp-content\/uploads\/2025\/03\/14021-6.jpg 1605w\" sizes=\"auto, (max-width: 724px) 100vw, 724px\" \/><\/figure>\n\n\n\n<h3 class=\"wp-block-heading\">ISO 14021: 2016<\/h3>\n\n\n\n<p><a href=\"https:\/\/www.stac.es\/wp-content\/uploads\/2025\/06\/24045716-ISO-14021-SISTEMAS-TECNICOS-DEL-ACCESORIO-Y-COM-SL-INGLES.pdf\" target=\"_blank\" rel=\"noreferrer noopener\">Descarregar<\/a><\/p>\n<\/div>\n<\/div>\n\n\n\n<p id=\"wrapper\"><\/p>\n<\/div><\/div>\n<\/div><\/div>\n\n\n\n<p><\/p>\n\n\n\n<p><\/p>\n","protected":false},"excerpt":{"rendered":"<p>Certificados de qualidade Na STAC somos certificados pelo Bureau Veritas na conce\u00e7\u00e3o e fabrico de todos os nossos produtos mas, para n\u00f3s, a qualidade n\u00e3o \u00e9 uma certifica\u00e7\u00e3o, \u00e9 antes uma forma de atuar em todas as facetas da empresa. Pol\u00edtica de sistema integrado de qualidade e meio ambiente Descarregar ISO 9001: 2015 Descarregar ISO [&hellip;]<\/p>\n","protected":false},"author":1,"featured_media":0,"parent":0,"menu_order":0,"comment_status":"closed","ping_status":"closed","template":"","meta":{"_acf_changed":false,"footnotes":""},"class_list":["post-4205","page","type-page","status-publish","hentry"],"acf":[],"yoast_head":"<!-- This site is optimized with the Yoast SEO plugin v27.5 - https:\/\/yoast.com\/product\/yoast-seo-wordpress\/ -->\n<title>Qualidade - STAC<\/title>\n<meta name=\"robots\" content=\"index, follow, max-snippet:-1, max-image-preview:large, max-video-preview:-1\" \/>\n<link rel=\"canonical\" href=\"https:\/\/www.stac.es\/pt-pt\/qualidade\/\" \/>\n<meta property=\"og:locale\" content=\"pt_PT\" \/>\n<meta property=\"og:type\" content=\"article\" \/>\n<meta property=\"og:title\" content=\"Qualidade - STAC\" \/>\n<meta property=\"og:description\" content=\"Certificados de qualidade Na STAC somos certificados pelo Bureau Veritas na conce\u00e7\u00e3o e fabrico de todos os nossos produtos mas, para n\u00f3s, a qualidade n\u00e3o \u00e9 uma certifica\u00e7\u00e3o, \u00e9 antes uma forma de atuar em todas as facetas da empresa. Pol\u00edtica de sistema integrado de qualidade e meio ambiente Descarregar ISO 9001: 2015 Descarregar ISO [&hellip;]\" \/>\n<meta property=\"og:url\" content=\"https:\/\/www.stac.es\/pt-pt\/qualidade\/\" \/>\n<meta property=\"og:site_name\" content=\"STAC\" \/>\n<meta property=\"article:modified_time\" content=\"2026-02-02T09:06:13+00:00\" \/>\n<meta property=\"og:image\" content=\"https:\/\/www.stac.es\/wp-content\/uploads\/2021\/05\/banner-calidad.jpg\" \/>\n\t<meta property=\"og:image:width\" content=\"2200\" \/>\n\t<meta property=\"og:image:height\" content=\"906\" \/>\n\t<meta property=\"og:image:type\" content=\"image\/jpeg\" \/>\n<meta name=\"twitter:card\" content=\"summary_large_image\" \/>\n<meta name=\"twitter:label1\" content=\"Tempo estimado de leitura\" \/>\n\t<meta name=\"twitter:data1\" content=\"2 minutos\" \/>\n<script type=\"application\/ld+json\" class=\"yoast-schema-graph\">{\"@context\":\"https:\\\/\\\/schema.org\",\"@graph\":[{\"@type\":\"WebPage\",\"@id\":\"https:\\\/\\\/www.stac.es\\\/pt-pt\\\/qualidade\\\/\",\"url\":\"https:\\\/\\\/www.stac.es\\\/pt-pt\\\/qualidade\\\/\",\"name\":\"Qualidade - STAC\",\"isPartOf\":{\"@id\":\"https:\\\/\\\/www.stac.es\\\/pt-pt\\\/#website\"},\"primaryImageOfPage\":{\"@id\":\"https:\\\/\\\/www.stac.es\\\/pt-pt\\\/qualidade\\\/#primaryimage\"},\"image\":{\"@id\":\"https:\\\/\\\/www.stac.es\\\/pt-pt\\\/qualidade\\\/#primaryimage\"},\"thumbnailUrl\":\"https:\\\/\\\/www.stac.es\\\/wp-content\\\/uploads\\\/2021\\\/05\\\/banner-calidad.jpg\",\"datePublished\":\"2021-03-31T15:46:59+00:00\",\"dateModified\":\"2026-02-02T09:06:13+00:00\",\"breadcrumb\":{\"@id\":\"https:\\\/\\\/www.stac.es\\\/pt-pt\\\/qualidade\\\/#breadcrumb\"},\"inLanguage\":\"pt-PT\",\"potentialAction\":[{\"@type\":\"ReadAction\",\"target\":[\"https:\\\/\\\/www.stac.es\\\/pt-pt\\\/qualidade\\\/\"]}]},{\"@type\":\"ImageObject\",\"inLanguage\":\"pt-PT\",\"@id\":\"https:\\\/\\\/www.stac.es\\\/pt-pt\\\/qualidade\\\/#primaryimage\",\"url\":\"https:\\\/\\\/www.stac.es\\\/wp-content\\\/uploads\\\/2021\\\/05\\\/banner-calidad.jpg\",\"contentUrl\":\"https:\\\/\\\/www.stac.es\\\/wp-content\\\/uploads\\\/2021\\\/05\\\/banner-calidad.jpg\"},{\"@type\":\"BreadcrumbList\",\"@id\":\"https:\\\/\\\/www.stac.es\\\/pt-pt\\\/qualidade\\\/#breadcrumb\",\"itemListElement\":[{\"@type\":\"ListItem\",\"position\":1,\"name\":\"Portada\",\"item\":\"https:\\\/\\\/www.stac.es\\\/pt-pt\\\/\"},{\"@type\":\"ListItem\",\"position\":2,\"name\":\"Qualidade\"}]},{\"@type\":\"WebSite\",\"@id\":\"https:\\\/\\\/www.stac.es\\\/pt-pt\\\/#website\",\"url\":\"https:\\\/\\\/www.stac.es\\\/pt-pt\\\/\",\"name\":\"STAC\",\"description\":\"Soluciones para sistemas de aluminio\",\"potentialAction\":[{\"@type\":\"SearchAction\",\"target\":{\"@type\":\"EntryPoint\",\"urlTemplate\":\"https:\\\/\\\/www.stac.es\\\/pt-pt\\\/?s={search_term_string}\"},\"query-input\":{\"@type\":\"PropertyValueSpecification\",\"valueRequired\":true,\"valueName\":\"search_term_string\"}}],\"inLanguage\":\"pt-PT\"}]}<\/script>\n<!-- \/ Yoast SEO plugin. -->","yoast_head_json":{"title":"Qualidade - STAC","robots":{"index":"index","follow":"follow","max-snippet":"max-snippet:-1","max-image-preview":"max-image-preview:large","max-video-preview":"max-video-preview:-1"},"canonical":"https:\/\/www.stac.es\/pt-pt\/qualidade\/","og_locale":"pt_PT","og_type":"article","og_title":"Qualidade - STAC","og_description":"Certificados de qualidade Na STAC somos certificados pelo Bureau Veritas na conce\u00e7\u00e3o e fabrico de todos os nossos produtos mas, para n\u00f3s, a qualidade n\u00e3o \u00e9 uma certifica\u00e7\u00e3o, \u00e9 antes uma forma de atuar em todas as facetas da empresa. Pol\u00edtica de sistema integrado de qualidade e meio ambiente Descarregar ISO 9001: 2015 Descarregar ISO [&hellip;]","og_url":"https:\/\/www.stac.es\/pt-pt\/qualidade\/","og_site_name":"STAC","article_modified_time":"2026-02-02T09:06:13+00:00","og_image":[{"width":2200,"height":906,"url":"https:\/\/www.stac.es\/wp-content\/uploads\/2021\/05\/banner-calidad.jpg","type":"image\/jpeg"}],"twitter_card":"summary_large_image","twitter_misc":{"Tempo estimado de leitura":"2 minutos"},"schema":{"@context":"https:\/\/schema.org","@graph":[{"@type":"WebPage","@id":"https:\/\/www.stac.es\/pt-pt\/qualidade\/","url":"https:\/\/www.stac.es\/pt-pt\/qualidade\/","name":"Qualidade - STAC","isPartOf":{"@id":"https:\/\/www.stac.es\/pt-pt\/#website"},"primaryImageOfPage":{"@id":"https:\/\/www.stac.es\/pt-pt\/qualidade\/#primaryimage"},"image":{"@id":"https:\/\/www.stac.es\/pt-pt\/qualidade\/#primaryimage"},"thumbnailUrl":"https:\/\/www.stac.es\/wp-content\/uploads\/2021\/05\/banner-calidad.jpg","datePublished":"2021-03-31T15:46:59+00:00","dateModified":"2026-02-02T09:06:13+00:00","breadcrumb":{"@id":"https:\/\/www.stac.es\/pt-pt\/qualidade\/#breadcrumb"},"inLanguage":"pt-PT","potentialAction":[{"@type":"ReadAction","target":["https:\/\/www.stac.es\/pt-pt\/qualidade\/"]}]},{"@type":"ImageObject","inLanguage":"pt-PT","@id":"https:\/\/www.stac.es\/pt-pt\/qualidade\/#primaryimage","url":"https:\/\/www.stac.es\/wp-content\/uploads\/2021\/05\/banner-calidad.jpg","contentUrl":"https:\/\/www.stac.es\/wp-content\/uploads\/2021\/05\/banner-calidad.jpg"},{"@type":"BreadcrumbList","@id":"https:\/\/www.stac.es\/pt-pt\/qualidade\/#breadcrumb","itemListElement":[{"@type":"ListItem","position":1,"name":"Portada","item":"https:\/\/www.stac.es\/pt-pt\/"},{"@type":"ListItem","position":2,"name":"Qualidade"}]},{"@type":"WebSite","@id":"https:\/\/www.stac.es\/pt-pt\/#website","url":"https:\/\/www.stac.es\/pt-pt\/","name":"STAC","description":"Soluciones para sistemas de aluminio","potentialAction":[{"@type":"SearchAction","target":{"@type":"EntryPoint","urlTemplate":"https:\/\/www.stac.es\/pt-pt\/?s={search_term_string}"},"query-input":{"@type":"PropertyValueSpecification","valueRequired":true,"valueName":"search_term_string"}}],"inLanguage":"pt-PT"}]}},"_links":{"self":[{"href":"https:\/\/www.stac.es\/pt-pt\/wp-json\/wp\/v2\/pages\/4205","targetHints":{"allow":["GET"]}}],"collection":[{"href":"https:\/\/www.stac.es\/pt-pt\/wp-json\/wp\/v2\/pages"}],"about":[{"href":"https:\/\/www.stac.es\/pt-pt\/wp-json\/wp\/v2\/types\/page"}],"author":[{"embeddable":true,"href":"https:\/\/www.stac.es\/pt-pt\/wp-json\/wp\/v2\/users\/1"}],"replies":[{"embeddable":true,"href":"https:\/\/www.stac.es\/pt-pt\/wp-json\/wp\/v2\/comments?post=4205"}],"version-history":[{"count":15,"href":"https:\/\/www.stac.es\/pt-pt\/wp-json\/wp\/v2\/pages\/4205\/revisions"}],"predecessor-version":[{"id":84035,"href":"https:\/\/www.stac.es\/pt-pt\/wp-json\/wp\/v2\/pages\/4205\/revisions\/84035"}],"wp:attachment":[{"href":"https:\/\/www.stac.es\/pt-pt\/wp-json\/wp\/v2\/media?parent=4205"}],"curies":[{"name":"wp","href":"https:\/\/api.w.org\/{rel}","templated":true}]}}