{"id":75319,"date":"2025-06-11T11:49:03","date_gmt":"2025-06-11T11:49:03","guid":{"rendered":"https:\/\/www.stac.es\/?page_id=75319"},"modified":"2026-04-27T13:52:43","modified_gmt":"2026-04-27T13:52:43","slug":"pracuj-z-nami","status":"publish","type":"page","link":"https:\/\/www.stac.es\/pl\/pracuj-z-nami\/","title":{"rendered":"Pracuj z nami"},"content":{"rendered":"\n<div class=\"wp-block-group wrapper separador-inferior trabaja\"><div class=\"wp-block-group__inner-container is-layout-flow wp-block-group-is-layout-flow\">\n<div class=\"wp-block-group wrapper-extra\"><div class=\"wp-block-group__inner-container is-layout-flow wp-block-group-is-layout-flow\">\n<div class=\"wp-block-columns are-vertically-aligned-bottom is-layout-flex wp-container-core-columns-is-layout-9d6595d7 wp-block-columns-is-layout-flex\">\n<div class=\"wp-block-column is-vertically-aligned-bottom is-layout-flow wp-block-column-is-layout-flow\" style=\"flex-basis:66.66%\">\n<div style=\"height:30px\" aria-hidden=\"true\" class=\"wp-block-spacer wrapper-extra\"><\/div>\n\n\n\n<h2 class=\"wp-block-heading wrapper-extra\">Pracuj z nami<\/h2>\n\n\n\n<div style=\"height:30px\" aria-hidden=\"true\" class=\"wp-block-spacer wrapper-extra\"><\/div>\n\n\n\n<p class=\"wrapper-extra\">Czy jeste\u015b zainteresowany do\u0142\u0105czeniem do rozwijaj\u0105cej si\u0119 firmy o mi\u0119dzynarodowym zasi\u0119gu i silnym zaanga\u017cowaniu w innowacje?<\/p>\n\n\n\n<p class=\"wrapper-extra\"><strong>W STAC poszukujemy os\u00f3b z talentem, zaanga\u017cowaniem i ch\u0119ci\u0105 rozwoju zawodowego w \u015brodowisku technicznym i opartym na wsp\u00f3\u0142pracy.<\/strong><\/p>\n\n\n\n<p class=\"wrapper-extra\">Posiadamy centra w Padr\u00f3n i Catoira (Pontevedra), sk\u0105d projektujemy i produkujemy rozwi\u0105zania dla obud\u00f3w z aluminium i PVC, kt\u00f3re docieraj\u0105 do ponad 80 kraj\u00f3w. Obecnie zatrudniamy ponad 540 specjalist\u00f3w, a nasze roczne obroty przekraczaj\u0105 200 milion\u00f3w euro.<\/p>\n\n\n\n<p class=\"wrapper-extra\"><strong>W STAC oferujemy:<\/strong><\/p>\n\n\n\n<div style=\"height:18px\" aria-hidden=\"true\" class=\"wp-block-spacer wrapper-extra\"><\/div>\n\n\n\n<ul class=\"wp-block-list wrapper-extra\">\n<li>Stabilne projekty z d\u0142ugoterminow\u0105 perspektyw\u0105.<\/li>\n\n\n\n<li>Ci\u0105g\u0142e szkolenia w zakresie j\u0119zyk\u00f3w, oprogramowania do projektowania i narz\u0119dzi cyfrowych.<\/li>\n\n\n\n<li>\u015awiadczenia socjalne, takie jak ubezpieczenie medyczne, bony restauracyjne lub pomoc w opiece nad dzie\u0107mi.<\/li>\n\n\n\n<li>Dzia\u0142ania zespo\u0142owe i \u015brodowisko, w kt\u00f3rym mo\u017cna si\u0119 uczy\u0107 i rozwija\u0107.<\/li>\n<\/ul>\n\n\n\n<p><\/p>\n\n\n\n<p class=\"has-black-color has-text-color has-link-color wp-elements-6571beba94962b1c3a211ce0eab383c0\">\n<strong><span class=\"TextRun SCXW58414173 BCX8\" lang=\"ES-ES\" xml:lang=\"ES-ES\" data-contrast=\"auto\"><span class=\"NormalTextRun SpellingErrorV2Themed SCXW58414173 BCX8\">Program<\/span><span class=\"NormalTextRun SCXW58414173 BCX8\">&nbsp;<\/span><span class=\"NormalTextRun SpellingErrorV2Themed SCXW58414173 BCX8\">stypendialny<\/span><span class=\"NormalTextRun SCXW58414173 BCX8\">&nbsp;STAC<\/span><\/span><span class=\"EOP Selected SCXW58414173 BCX8\" data-ccp-props=\"{}\">&nbsp;<\/span><\/strong>\n<\/p>\n\n\n\n<p>W STAC wspieramy Tw\u00f3j talent, aby\u015b m\u00f3g\u0142 osi\u0105gn\u0105\u0107 swoje cele. Oferujemy<br>specjalistyczne szkolenia i praktyczne do\u015bwiadczenie, kt\u00f3re pomog\u0105 Ci przygotowa\u0107 si\u0119 do pracy<br>i rozwija\u0107 si\u0119 zawodowo.<br>Zbuduj swoj\u0105 przysz\u0142o\u015b\u0107 razem z nami!<\/p>\n\n\n\n<div style=\"height:100px\" aria-hidden=\"true\" class=\"wp-block-spacer\"><\/div>\n<\/div>\n\n\n\n<div class=\"wp-block-column is-vertically-aligned-bottom is-layout-flow wp-block-column-is-layout-flow\" style=\"flex-basis:33.33%\">\n<div class=\"wp-block-group\"><div class=\"wp-block-group__inner-container is-layout-constrained wp-block-group-is-layout-constrained\">\n<figure class=\"wp-block-image size-large\"><img loading=\"lazy\" decoding=\"async\" width=\"1024\" height=\"1024\" src=\"https:\/\/www.stac.es\/wp-content\/uploads\/2026\/04\/Propuesta-04-1-1024x1024.jpg\" alt=\"\" class=\"wp-image-86759\" srcset=\"https:\/\/www.stac.es\/wp-content\/uploads\/2026\/04\/Propuesta-04-1-1024x1024.jpg 1024w, https:\/\/www.stac.es\/wp-content\/uploads\/2026\/04\/Propuesta-04-1-300x300.jpg 300w, https:\/\/www.stac.es\/wp-content\/uploads\/2026\/04\/Propuesta-04-1-400x400.jpg 400w, https:\/\/www.stac.es\/wp-content\/uploads\/2026\/04\/Propuesta-04-1-768x768.jpg 768w, https:\/\/www.stac.es\/wp-content\/uploads\/2026\/04\/Propuesta-04-1-1536x1536.jpg 1536w, https:\/\/www.stac.es\/wp-content\/uploads\/2026\/04\/Propuesta-04-1-2048x2048.jpg 2048w\" sizes=\"auto, (max-width: 1024px) 100vw, 1024px\" \/><\/figure>\n\n\n\n<div class=\"wp-block-buttons btn-becas is-layout-flex wp-block-buttons-is-layout-flex\">\n<div class=\"wp-block-button btn-info\"><a class=\"wp-block-button__link wp-element-button\" href=\"https:\/\/www.stac.es\/wp-content\/uploads\/2026\/02\/26.000_Oferta_Becas_DESTACA-1.pdf\" target=\"_blank\" rel=\"noreferrer noopener\">INFO<\/a><\/div>\n\n\n\n<div class=\"wp-block-button btn-cv\"><a class=\"wp-block-button__link wp-element-button\">Wy\u015blij CV<\/a><\/div>\n<\/div>\n<\/div><\/div>\n<\/div>\n<\/div>\n<\/div><\/div>\n\n\n\n<div style=\"height:30px\" aria-hidden=\"true\" class=\"wp-block-spacer\"><\/div>\n\n\n<div class=\"wp-block-group group-empleo\">\n    <div class=\"wrapper-generico\">\n        <h3>Spontaniczna kandydatura<\/h3>\n        <div class=\"row-empleo\">\n            <div>\n                <span>Wy\u015blij nam swoje CV, je\u015bli \u017cadna z ofert nie pasuje do Twojego profilu.<\/span>\n            <\/div>\n            <div>\n                <a class=\"enviar-cv\">Wy\u015blij CV\t<\/a>\n            <\/div>\n        <\/div>\n    <\/div>\n    <div class=\"wrapper-ofertas\">\n        <h3>Sprawd\u017a nasze aktywne oferty pracy<\/h3>\n        <div class=\"head-table\">\n            <div class=\"ref\">\n                <span>Ref.<\/span>\n            <\/div>\n            <div class=\"puesto\">\n                <span>Miejsce pracy<\/span>\n            <\/div>\n            <div class=\"ubicacion\">\n                <span>Lokalizacja<\/span>\n            <\/div>\n            <div class=\"acciones\"><\/div>\n        <\/div>\n        <div class=\"wrapper-ofertas-list\">\n                        <div class=\"row-empleo\">\n                    <div class=\"ref\">\n                        <span class=\"ref-text\">25.008<\/span>\n                    <\/div>\n                    <div class=\"puesto\">\n                        <span class=\"title-text\">T\u00e9cnico Compras Junior<\/span>\n                    <\/div>\n                    <div class=\"ubicacion\">\n                        <span>Padr\u00f3n, Espa\u00f1a<\/span>\n                    <\/div>\n                    <div class=\"acciones\">\n                        <a class=\"info\" href=\"https:\/\/www.stac.es\/wp-content\/uploads\/2026\/03\/25.008-Junior-Compras.pdf\" target=\"_blank\">INFO<\/a>\n                        <a class=\"enviar-cv\">Wy\u015blij CV\t<\/a>\n                    <\/div>\n                <\/div>\n                                <div class=\"row-empleo\">\n                    <div class=\"ref\">\n                        <span class=\"ref-text\">26.006<\/span>\n                    <\/div>\n                    <div class=\"puesto\">\n                        <span class=\"title-text\">Poland Area Manager<\/span>\n                    <\/div>\n                    <div class=\"ubicacion\">\n                        <span>Olkusz, Polonia<\/span>\n                    <\/div>\n                    <div class=\"acciones\">\n                        <a class=\"info\" href=\"https:\/\/www.stac.es\/wp-content\/uploads\/2026\/03\/26.006-Poland-Area-Manager.pdf\" target=\"_blank\">INFO<\/a>\n                        <a class=\"enviar-cv\">Wy\u015blij CV\t<\/a>\n                    <\/div>\n                <\/div>\n                                <div class=\"row-empleo\">\n                    <div class=\"ref\">\n                        <span class=\"ref-text\">26.000<\/span>\n                    <\/div>\n                    <div class=\"puesto\">\n                        <span class=\"title-text\">Impulsa tu carrera con las Becas DESTACA <br> | Ingenier\u00eda y ADE<\/span>\n                    <\/div>\n                    <div class=\"ubicacion\">\n                        <span>Padr\u00f3n, Espa\u00f1a | Catoira, Espa\u00f1a<\/span>\n                    <\/div>\n                    <div class=\"acciones\">\n                        <a class=\"info\" href=\"https:\/\/www.stac.es\/wp-content\/uploads\/2026\/02\/26.000_Oferta_Becas_DESTACA-1.pdf\" target=\"_blank\">INFO<\/a>\n                        <a class=\"enviar-cv beca\">Wy\u015blij CV\t<\/a>\n                    <\/div>\n                <\/div>\n                                <div class=\"row-empleo\">\n                    <div class=\"ref\">\n                        <span class=\"ref-text\">26.004<\/span>\n                    <\/div>\n                    <div class=\"puesto\">\n                        <span class=\"title-text\">Export Area Manager<\/span>\n                    <\/div>\n                    <div class=\"ubicacion\">\n                        <span>Padr\u00f3n, Espa\u00f1a<\/span>\n                    <\/div>\n                    <div class=\"acciones\">\n                        <a class=\"info\" href=\"https:\/\/www.stac.es\/wp-content\/uploads\/2026\/02\/26.004_Oferta_Export_Area_Manager.pdf\" target=\"_blank\">INFO<\/a>\n                        <a class=\"enviar-cv\">Wy\u015blij CV\t<\/a>\n                    <\/div>\n                <\/div>\n                                <div class=\"row-empleo\">\n                    <div class=\"ref\">\n                        <span class=\"ref-text\">25.019<\/span>\n                    <\/div>\n                    <div class=\"puesto\">\n                        <span class=\"title-text\">Ingeniero\/a de Procesos<\/span>\n                    <\/div>\n                    <div class=\"ubicacion\">\n                        <span>Padr\u00f3n, Espa\u00f1a<\/span>\n                    <\/div>\n                    <div class=\"acciones\">\n                        <a class=\"info\" href=\"https:\/\/www.stac.es\/wp-content\/uploads\/2025\/11\/25.019_oferta_ingenierx_de-procesos.pdf\" target=\"_blank\">INFO<\/a>\n                        <a class=\"enviar-cv\">Wy\u015blij CV\t<\/a>\n                    <\/div>\n                <\/div>\n                                <div class=\"row-empleo\">\n                    <div class=\"ref\">\n                        <span class=\"ref-text\">25.029<\/span>\n                    <\/div>\n                    <div class=\"puesto\">\n                        <span class=\"title-text\">Ingeniero\/a de Producci\u00f3n<\/span>\n                    <\/div>\n                    <div class=\"ubicacion\">\n                        <span>Padr\u00f3n, Espa\u00f1a<\/span>\n                    <\/div>\n                    <div class=\"acciones\">\n                        <a class=\"info\" href=\"https:\/\/www.stac.es\/wp-content\/uploads\/2025\/11\/25.029_oferta_ingenierx_de-produccion-2.pdf\" target=\"_blank\">INFO<\/a>\n                        <a class=\"enviar-cv\">Wy\u015blij CV\t<\/a>\n                    <\/div>\n                <\/div>\n                                <div class=\"row-empleo\">\n                    <div class=\"ref\">\n                        <span class=\"ref-text\">22.039<\/span>\n                    <\/div>\n                    <div class=\"puesto\">\n                        <span class=\"title-text\">T\u00e9cnico\/a Mantenimiento Industrial<\/span>\n                    <\/div>\n                    <div class=\"ubicacion\">\n                        <span>Padr\u00f3n, Espa\u00f1a<\/span>\n                    <\/div>\n                    <div class=\"acciones\">\n                        <a class=\"info\" href=\"https:\/\/www.stac.es\/wp-content\/uploads\/2025\/07\/22.039-TEC.-MANTENIMIENTO-INDUSTRIAL.pdf\" target=\"_blank\">INFO<\/a>\n                        <a class=\"enviar-cv\">Wy\u015blij CV\t<\/a>\n                    <\/div>\n                <\/div>\n                                <div class=\"row-empleo\">\n                    <div class=\"ref\">\n                        <span class=\"ref-text\">25.020<\/span>\n                    <\/div>\n                    <div class=\"puesto\">\n                        <span class=\"title-text\">Senior Ingeniero\/a de Dise\u00f1o<\/span>\n                    <\/div>\n                    <div class=\"ubicacion\">\n                        <span>Padr\u00f3n, Espa\u00f1a<\/span>\n                    <\/div>\n                    <div class=\"acciones\">\n                        <a class=\"info\" href=\"https:\/\/www.stac.es\/wp-content\/uploads\/2025\/07\/25.020_oferta_ingenierx_de-diseno.pdf\" target=\"_blank\">INFO<\/a>\n                        <a class=\"enviar-cv\">Wy\u015blij CV\t<\/a>\n                    <\/div>\n                <\/div>\n                                <div class=\"row-empleo\">\n                    <div class=\"ref\">\n                        <span class=\"ref-text\">18.029<\/span>\n                    <\/div>\n                    <div class=\"puesto\">\n                        <span class=\"title-text\">Operarios\/as Producci\u00f3n<\/span>\n                    <\/div>\n                    <div class=\"ubicacion\">\n                        <span>Padr\u00f3n, Espa\u00f1a<\/span>\n                    <\/div>\n                    <div class=\"acciones\">\n                        <a class=\"info\" href=\"https:\/\/www.stac.es\/wp-content\/uploads\/2025\/06\/18.029_Operarirxs_Produccion.pdf\" target=\"_blank\">INFO<\/a>\n                        <a class=\"enviar-cv\">Wy\u015blij CV\t<\/a>\n                    <\/div>\n                <\/div>\n                        <\/div>\n        <div class=\"wrapper-form\">\n            <h3 class=\"form-title\"><\/h3>\n            <div class=\"form\">\n                <p class=\"wpcf7-contact-form-not-found\"><strong>B\u0142\u0105d:<\/strong> Brak formularza kontaktowego.<\/p>            <\/div>\n        <\/div>\n    <\/div>\n<\/div>\n\n<script>\n    jQuery(document).ready(function($) {\n        $('.wrapper-generico .enviar-cv').click(function() {\n            $('.form-title').text('Prze\u015blij nam swoje CV, chcemy Ci\u0119 pozna\u0107!\t');\n            $('.wrapper-form').fadeIn();\n            $('html, body').animate({\n                scrollTop: $(\".wrapper-form\").offset().top\n            }, 1000);\n            $('input[name=\"ref\"]').val('Sin referencia');\n        });\n        $('.wrapper-ofertas .enviar-cv').click(function() {\n            var ref = $(this).closest('.row-empleo').find('.ref-text').text();\n            var title = $(this).closest('.row-empleo').find('.title-text').text();\n            $('.form-title').text(ref + ' | ' + title);\n            $('.wrapper-form').fadeIn();\n            $('html, body').animate({\n                scrollTop: $(\".wrapper-form\").offset().top\n            }, 1000);\n            $('input[name=\"ref\"]').val(ref);\n        });\n        $('.btn-becas .btn-cv').click(function() {\n            console.log('click');\n            $('.enviar-cv.beca').trigger('click');\n        });\n    });\n<\/script>\n<\/div><\/div>\n\n\n\n<p><\/p>\n","protected":false},"excerpt":{"rendered":"<p>Pracuj z nami Czy jeste\u015b zainteresowany do\u0142\u0105czeniem do rozwijaj\u0105cej si\u0119 firmy o mi\u0119dzynarodowym zasi\u0119gu i silnym zaanga\u017cowaniu w innowacje? W STAC poszukujemy os\u00f3b z talentem, zaanga\u017cowaniem i ch\u0119ci\u0105 rozwoju zawodowego w \u015brodowisku technicznym i opartym na wsp\u00f3\u0142pracy. Posiadamy centra w Padr\u00f3n i Catoira (Pontevedra), sk\u0105d projektujemy i produkujemy rozwi\u0105zania dla obud\u00f3w z aluminium i PVC, [&hellip;]<\/p>\n","protected":false},"author":5742,"featured_media":0,"parent":0,"menu_order":0,"comment_status":"closed","ping_status":"closed","template":"","meta":{"_acf_changed":false,"footnotes":""},"class_list":["post-75319","page","type-page","status-publish","hentry"],"acf":[],"yoast_head":"<!-- This site is optimized with the Yoast SEO plugin v27.5 - https:\/\/yoast.com\/product\/yoast-seo-wordpress\/ -->\n<title>Pracuj z nami - STAC<\/title>\n<meta name=\"robots\" content=\"index, follow, max-snippet:-1, max-image-preview:large, max-video-preview:-1\" \/>\n<link rel=\"canonical\" href=\"https:\/\/www.stac.es\/pl\/pracuj-z-nami\/\" \/>\n<meta property=\"og:locale\" content=\"pl_PL\" \/>\n<meta property=\"og:type\" content=\"article\" \/>\n<meta property=\"og:title\" content=\"Pracuj z nami - STAC\" \/>\n<meta property=\"og:description\" content=\"Pracuj z nami Czy jeste\u015b zainteresowany do\u0142\u0105czeniem do rozwijaj\u0105cej si\u0119 firmy o mi\u0119dzynarodowym zasi\u0119gu i silnym zaanga\u017cowaniu w innowacje? W STAC poszukujemy os\u00f3b z talentem, zaanga\u017cowaniem i ch\u0119ci\u0105 rozwoju zawodowego w \u015brodowisku technicznym i opartym na wsp\u00f3\u0142pracy. Posiadamy centra w Padr\u00f3n i Catoira (Pontevedra), sk\u0105d projektujemy i produkujemy rozwi\u0105zania dla obud\u00f3w z aluminium i PVC, [&hellip;]\" \/>\n<meta property=\"og:url\" content=\"https:\/\/www.stac.es\/pl\/pracuj-z-nami\/\" \/>\n<meta property=\"og:site_name\" content=\"STAC\" \/>\n<meta property=\"article:modified_time\" content=\"2026-04-27T13:52:43+00:00\" \/>\n<meta property=\"og:image\" content=\"https:\/\/www.stac.es\/wp-content\/uploads\/2026\/04\/Propuesta-04-1-scaled.jpg\" \/>\n\t<meta property=\"og:image:width\" content=\"2560\" \/>\n\t<meta property=\"og:image:height\" content=\"2560\" \/>\n\t<meta property=\"og:image:type\" content=\"image\/jpeg\" \/>\n<meta name=\"twitter:card\" content=\"summary_large_image\" \/>\n<meta name=\"twitter:label1\" content=\"Szacowany czas czytania\" \/>\n\t<meta name=\"twitter:data1\" content=\"1 minuta\" \/>\n<script type=\"application\/ld+json\" class=\"yoast-schema-graph\">{\"@context\":\"https:\\\/\\\/schema.org\",\"@graph\":[{\"@type\":\"WebPage\",\"@id\":\"https:\\\/\\\/www.stac.es\\\/pl\\\/pracuj-z-nami\\\/\",\"url\":\"https:\\\/\\\/www.stac.es\\\/pl\\\/pracuj-z-nami\\\/\",\"name\":\"Pracuj z nami - STAC\",\"isPartOf\":{\"@id\":\"https:\\\/\\\/www.stac.es\\\/pl\\\/#website\"},\"primaryImageOfPage\":{\"@id\":\"https:\\\/\\\/www.stac.es\\\/pl\\\/pracuj-z-nami\\\/#primaryimage\"},\"image\":{\"@id\":\"https:\\\/\\\/www.stac.es\\\/pl\\\/pracuj-z-nami\\\/#primaryimage\"},\"thumbnailUrl\":\"https:\\\/\\\/www.stac.es\\\/wp-content\\\/uploads\\\/2026\\\/04\\\/Propuesta-04-1-1024x1024.jpg\",\"datePublished\":\"2025-06-11T11:49:03+00:00\",\"dateModified\":\"2026-04-27T13:52:43+00:00\",\"breadcrumb\":{\"@id\":\"https:\\\/\\\/www.stac.es\\\/pl\\\/pracuj-z-nami\\\/#breadcrumb\"},\"inLanguage\":\"pl-PL\",\"potentialAction\":[{\"@type\":\"ReadAction\",\"target\":[\"https:\\\/\\\/www.stac.es\\\/pl\\\/pracuj-z-nami\\\/\"]}]},{\"@type\":\"ImageObject\",\"inLanguage\":\"pl-PL\",\"@id\":\"https:\\\/\\\/www.stac.es\\\/pl\\\/pracuj-z-nami\\\/#primaryimage\",\"url\":\"https:\\\/\\\/www.stac.es\\\/wp-content\\\/uploads\\\/2026\\\/04\\\/Propuesta-04-1-1024x1024.jpg\",\"contentUrl\":\"https:\\\/\\\/www.stac.es\\\/wp-content\\\/uploads\\\/2026\\\/04\\\/Propuesta-04-1-1024x1024.jpg\"},{\"@type\":\"BreadcrumbList\",\"@id\":\"https:\\\/\\\/www.stac.es\\\/pl\\\/pracuj-z-nami\\\/#breadcrumb\",\"itemListElement\":[{\"@type\":\"ListItem\",\"position\":1,\"name\":\"Portada\",\"item\":\"https:\\\/\\\/www.stac.es\\\/pl\\\/\"},{\"@type\":\"ListItem\",\"position\":2,\"name\":\"Pracuj z nami\"}]},{\"@type\":\"WebSite\",\"@id\":\"https:\\\/\\\/www.stac.es\\\/pl\\\/#website\",\"url\":\"https:\\\/\\\/www.stac.es\\\/pl\\\/\",\"name\":\"STAC\",\"description\":\"Soluciones para sistemas de aluminio\",\"potentialAction\":[{\"@type\":\"SearchAction\",\"target\":{\"@type\":\"EntryPoint\",\"urlTemplate\":\"https:\\\/\\\/www.stac.es\\\/pl\\\/?s={search_term_string}\"},\"query-input\":{\"@type\":\"PropertyValueSpecification\",\"valueRequired\":true,\"valueName\":\"search_term_string\"}}],\"inLanguage\":\"pl-PL\"}]}<\/script>\n<!-- \/ Yoast SEO plugin. -->","yoast_head_json":{"title":"Pracuj z nami - STAC","robots":{"index":"index","follow":"follow","max-snippet":"max-snippet:-1","max-image-preview":"max-image-preview:large","max-video-preview":"max-video-preview:-1"},"canonical":"https:\/\/www.stac.es\/pl\/pracuj-z-nami\/","og_locale":"pl_PL","og_type":"article","og_title":"Pracuj z nami - STAC","og_description":"Pracuj z nami Czy jeste\u015b zainteresowany do\u0142\u0105czeniem do rozwijaj\u0105cej si\u0119 firmy o mi\u0119dzynarodowym zasi\u0119gu i silnym zaanga\u017cowaniu w innowacje? W STAC poszukujemy os\u00f3b z talentem, zaanga\u017cowaniem i ch\u0119ci\u0105 rozwoju zawodowego w \u015brodowisku technicznym i opartym na wsp\u00f3\u0142pracy. Posiadamy centra w Padr\u00f3n i Catoira (Pontevedra), sk\u0105d projektujemy i produkujemy rozwi\u0105zania dla obud\u00f3w z aluminium i PVC, [&hellip;]","og_url":"https:\/\/www.stac.es\/pl\/pracuj-z-nami\/","og_site_name":"STAC","article_modified_time":"2026-04-27T13:52:43+00:00","og_image":[{"width":2560,"height":2560,"url":"https:\/\/www.stac.es\/wp-content\/uploads\/2026\/04\/Propuesta-04-1-scaled.jpg","type":"image\/jpeg"}],"twitter_card":"summary_large_image","twitter_misc":{"Szacowany czas czytania":"1 minuta"},"schema":{"@context":"https:\/\/schema.org","@graph":[{"@type":"WebPage","@id":"https:\/\/www.stac.es\/pl\/pracuj-z-nami\/","url":"https:\/\/www.stac.es\/pl\/pracuj-z-nami\/","name":"Pracuj z nami - STAC","isPartOf":{"@id":"https:\/\/www.stac.es\/pl\/#website"},"primaryImageOfPage":{"@id":"https:\/\/www.stac.es\/pl\/pracuj-z-nami\/#primaryimage"},"image":{"@id":"https:\/\/www.stac.es\/pl\/pracuj-z-nami\/#primaryimage"},"thumbnailUrl":"https:\/\/www.stac.es\/wp-content\/uploads\/2026\/04\/Propuesta-04-1-1024x1024.jpg","datePublished":"2025-06-11T11:49:03+00:00","dateModified":"2026-04-27T13:52:43+00:00","breadcrumb":{"@id":"https:\/\/www.stac.es\/pl\/pracuj-z-nami\/#breadcrumb"},"inLanguage":"pl-PL","potentialAction":[{"@type":"ReadAction","target":["https:\/\/www.stac.es\/pl\/pracuj-z-nami\/"]}]},{"@type":"ImageObject","inLanguage":"pl-PL","@id":"https:\/\/www.stac.es\/pl\/pracuj-z-nami\/#primaryimage","url":"https:\/\/www.stac.es\/wp-content\/uploads\/2026\/04\/Propuesta-04-1-1024x1024.jpg","contentUrl":"https:\/\/www.stac.es\/wp-content\/uploads\/2026\/04\/Propuesta-04-1-1024x1024.jpg"},{"@type":"BreadcrumbList","@id":"https:\/\/www.stac.es\/pl\/pracuj-z-nami\/#breadcrumb","itemListElement":[{"@type":"ListItem","position":1,"name":"Portada","item":"https:\/\/www.stac.es\/pl\/"},{"@type":"ListItem","position":2,"name":"Pracuj z nami"}]},{"@type":"WebSite","@id":"https:\/\/www.stac.es\/pl\/#website","url":"https:\/\/www.stac.es\/pl\/","name":"STAC","description":"Soluciones para sistemas de aluminio","potentialAction":[{"@type":"SearchAction","target":{"@type":"EntryPoint","urlTemplate":"https:\/\/www.stac.es\/pl\/?s={search_term_string}"},"query-input":{"@type":"PropertyValueSpecification","valueRequired":true,"valueName":"search_term_string"}}],"inLanguage":"pl-PL"}]}},"_links":{"self":[{"href":"https:\/\/www.stac.es\/pl\/wp-json\/wp\/v2\/pages\/75319","targetHints":{"allow":["GET"]}}],"collection":[{"href":"https:\/\/www.stac.es\/pl\/wp-json\/wp\/v2\/pages"}],"about":[{"href":"https:\/\/www.stac.es\/pl\/wp-json\/wp\/v2\/types\/page"}],"author":[{"embeddable":true,"href":"https:\/\/www.stac.es\/pl\/wp-json\/wp\/v2\/users\/5742"}],"replies":[{"embeddable":true,"href":"https:\/\/www.stac.es\/pl\/wp-json\/wp\/v2\/comments?post=75319"}],"version-history":[{"count":25,"href":"https:\/\/www.stac.es\/pl\/wp-json\/wp\/v2\/pages\/75319\/revisions"}],"predecessor-version":[{"id":87383,"href":"https:\/\/www.stac.es\/pl\/wp-json\/wp\/v2\/pages\/75319\/revisions\/87383"}],"wp:attachment":[{"href":"https:\/\/www.stac.es\/pl\/wp-json\/wp\/v2\/media?parent=75319"}],"curies":[{"name":"wp","href":"https:\/\/api.w.org\/{rel}","templated":true}]}}