{"id":4329,"date":"2020-12-15T09:52:17","date_gmt":"2020-12-15T09:52:17","guid":{"rendered":"https:\/\/www.stac.es\/nosotros\/"},"modified":"2026-01-21T15:33:16","modified_gmt":"2026-01-21T15:33:16","slug":"o-nas","status":"publish","type":"page","link":"https:\/\/www.stac.es\/pl\/o-nas\/","title":{"rendered":"O nas"},"content":{"rendered":"\n<figure class=\"wp-block-video\"><video autoplay muted poster=\"https:\/\/www.stac.es\/wp-content\/uploads\/2022\/04\/INTRO.jpg\" src=\"https:\/\/www.stac.es\/wp-content\/uploads\/2021\/05\/yt1s.com-EN-INTRO-STAC-BRAND_1080p.mp4\"><\/video><\/figure>\n\n\n\n<div class=\"wp-block-group wrapper doble-separador-superior\"><div class=\"wp-block-group__inner-container is-layout-flow wp-block-group-is-layout-flow\">\n<h1 class=\"wp-block-heading has-text-align-center\">O nas<\/h1>\n\n\n\n<p class=\"has-text-align-center\">To wi\u0119cej ni\u017c firma \u2013 jeste\u015bmy nowocze\u015bni, kreatywni, odpowiedzialni.<\/p>\n<\/div><\/div>\n\n\n\n<div class=\"wp-block-group html wrapper doble-separador-superior\"><div class=\"wp-block-group__inner-container is-layout-flow wp-block-group-is-layout-flow\">\n<div class=\"wp-block-media-text alignwide is-stacked-on-mobile\"><figure class=\"wp-block-media-text__media\"><img loading=\"lazy\" decoding=\"async\" width=\"1000\" height=\"651\" src=\"https:\/\/www.stac.es\/wp-content\/uploads\/2025\/05\/stac-padron-2025-9.jpg\" alt=\"\" class=\"wp-image-74836 size-full\" srcset=\"https:\/\/www.stac.es\/wp-content\/uploads\/2025\/05\/stac-padron-2025-9.jpg 1000w, https:\/\/www.stac.es\/wp-content\/uploads\/2025\/05\/stac-padron-2025-9-300x195.jpg 300w, https:\/\/www.stac.es\/wp-content\/uploads\/2025\/05\/stac-padron-2025-9-768x500.jpg 768w\" sizes=\"auto, (max-width: 1000px) 100vw, 1000px\" \/><\/figure><div class=\"wp-block-media-text__content\">\n<h2 class=\"wp-block-heading\">Projektujemy i wytwarzamy wszystkie nasze produkty.<\/h2>\n\n\n\n<p>W naszych centrach produkcyjnych w Padr\u00f3n i Catoira, o powierzchni ponad <strong>72 000 m\u00b2<\/strong>, projektujemy i wytwarzamy wszystkie nasze produkty, w tym:<\/p>\n\n\n\n<ul class=\"wp-block-list\">\n<li>Okucia i akcesoria<\/li>\n\n\n\n<li>Profile izolacyjne z poliamidu i PCW<\/li>\n\n\n\n<li>Uszczelki z EPDM i wszelkich rodzaj\u00f3w tworzyw termoplastycznych<\/li>\n\n\n\n<li>Lakierujemy wszystkie nasze produkty.<\/li>\n\n\n\n<li>Dysponujemy w\u0142asnym dzia\u0142em produkcji wykroj\u00f3w matryc i obr\u00f3bki.<\/li>\n<\/ul>\n<\/div><\/div>\n<\/div><\/div>\n\n\n\n<div class=\"wp-block-group html wrapper doble-separador-superior doble-separador-inferior\"><div class=\"wp-block-group__inner-container is-layout-flow wp-block-group-is-layout-flow\">\n<div class=\"wp-block-media-text alignwide has-media-on-the-right is-stacked-on-mobile\"><div class=\"wp-block-media-text__content\">\n<h2 class=\"wp-block-heading\">Nasze pocz\u0105tki<\/h2>\n\n\n\n<p>Historia STAC rozpocz\u0119\u0142a si\u0119 w roku 2001 od zaprojektowania i produkcji naszych pierwszych <strong>uszczelek<\/strong>.<\/p>\n\n\n\n<p>Dzi\u015b, po dwudziestu latach, zaprojektowali\u015bmy i wyprodukowali\u015bmy ju\u017c ponad 4000 typ\u00f3w uszczelek \u2013 prawdziwe wyzwanie, kt\u00f3re pozwoli\u0142o nam rozwija\u0107 si\u0119 r\u0119ka w r\u0119k\u0119 z naszymi klientami.<\/p>\n<\/div><figure class=\"wp-block-media-text__media\"><img loading=\"lazy\" decoding=\"async\" width=\"1024\" height=\"683\" src=\"https:\/\/www.stac.es\/wp-content\/uploads\/2021\/04\/linea-juntas-estanqueidad-1024x683.jpg\" alt=\"\" class=\"wp-image-1401 size-full\" srcset=\"https:\/\/www.stac.es\/wp-content\/uploads\/2021\/04\/linea-juntas-estanqueidad-1024x683.jpg 1024w, https:\/\/www.stac.es\/wp-content\/uploads\/2021\/04\/linea-juntas-estanqueidad-300x200.jpg 300w, https:\/\/www.stac.es\/wp-content\/uploads\/2021\/04\/linea-juntas-estanqueidad-768x512.jpg 768w, https:\/\/www.stac.es\/wp-content\/uploads\/2021\/04\/linea-juntas-estanqueidad.jpg 1188w\" sizes=\"auto, (max-width: 1024px) 100vw, 1024px\" \/><\/figure><\/div>\n\n\n\n<div style=\"height:50px\" aria-hidden=\"true\" class=\"wp-block-spacer\"><\/div>\n\n\n\n<div class=\"wp-block-media-text alignwide is-stacked-on-mobile html\"><figure class=\"wp-block-media-text__media\"><img loading=\"lazy\" decoding=\"async\" width=\"1024\" height=\"1024\" src=\"https:\/\/www.stac.es\/wp-content\/uploads\/2021\/04\/molde-herraje-1024x1024.jpg\" alt=\"\" class=\"wp-image-1395 size-full\" srcset=\"https:\/\/www.stac.es\/wp-content\/uploads\/2021\/04\/molde-herraje-1024x1024.jpg 1024w, https:\/\/www.stac.es\/wp-content\/uploads\/2021\/04\/molde-herraje-300x300.jpg 300w, https:\/\/www.stac.es\/wp-content\/uploads\/2021\/04\/molde-herraje-400x400.jpg 400w, https:\/\/www.stac.es\/wp-content\/uploads\/2021\/04\/molde-herraje-768x768.jpg 768w, https:\/\/www.stac.es\/wp-content\/uploads\/2021\/04\/molde-herraje.jpg 1294w\" sizes=\"auto, (max-width: 1024px) 100vw, 1024px\" \/><\/figure><div class=\"wp-block-media-text__content\">\n<h2 class=\"wp-block-heading\">Jak zostali\u015bmy globalnym dostawc\u0105 dla producent\u00f3w system\u00f3w<\/h2>\n\n\n\n<p>W roku 2002 zacz\u0119li\u015bmy projektowa\u0107 i produkowa\u0107 <strong>okucia<\/strong> do system\u00f3w aluminiowych, a p\u00f3\u017aniej r\u00f3wnie\u017c do system\u00f3w PCW. W chwili obecnej dysponujemy ponad <strong>15 000<\/strong> pozycji magazynowych.<\/p>\n\n\n\n<p>Lecz nie zatrzymali\u015bmy si\u0119 na tym \u2013 w roku 2007 otwarli\u015bmy zak\u0142ad produkcyjny poliamidowych <strong>profili izolacyjnych<\/strong>, dodaj\u0105c PCW w roku 2011.<\/p>\n\n\n\n<p>Jeste\u015bmy jednym z bardzo nielicznych producent\u00f3w z certyfikatem ATG, oferuj\u0105cych profile rurkowe z kalibrowanymi otworami wewn\u0119trznymi.<\/p>\n\n\n\n<p>\u0141\u0105cz\u0105c te trzy linie produkt\u00f3w stali\u015bmy si\u0119 pierwsz\u0105 firm\u0105, kt\u00f3ra mog\u0142a zaoferowa\u0107 us\u0142ugi <strong>kompletnego dostawcy dla ka\u017cdego producenta system\u00f3w<\/strong>.<\/p>\n\n\n\n<p>Ostatecznie w roku 2013 otwarli\u015bmy lini\u0119 produkcji wykroj\u00f3w matryc i obr\u00f3bki, co pozwoli\u0142o nam projektowa\u0107 i produkowa\u0107 w\u0142asne wyroby oraz skr\u00f3ci\u0107 czas dostawy.<\/p>\n<\/div><\/div>\n<\/div><\/div>\n\n\n\n<div class=\"wp-block-group html wrapper doble-separador-superior doble-separador-inferior\"><div class=\"wp-block-group__inner-container is-layout-flow wp-block-group-is-layout-flow\">\n<div class=\"wp-block-media-text alignwide has-media-on-the-right is-stacked-on-mobile\"><div class=\"wp-block-media-text__content\">\n<h2 class=\"wp-block-heading\">Internacjonalizacj\u0119 mamy w genach<\/h2>\n\n\n\n<p>Nasze centrum produkcyjne znajduje si\u0119 w Padr\u00f3n, lecz zawsze wzywa\u0142o nas wykraczanie poza w\u0142asne granice.<\/p>\n\n\n\n<p>Mamy \u0142\u0105cznie 5 przedstawicielstw, z kt\u00f3rych trzy znajduj\u0105 si\u0119 poza Hiszpani\u0105: <strong>Maroku<\/strong>, <strong>Polska<\/strong> i <strong>Turcja<\/strong>.<\/p>\n\n\n\n<p>Dzi\u015b nasze produkty oferuj\u0105 rozwi\u0105zania <strong>w ponad 70 krajach<\/strong>.<\/p>\n<\/div><figure class=\"wp-block-media-text__media\"><img loading=\"lazy\" decoding=\"async\" width=\"1000\" height=\"587\" src=\"https:\/\/www.stac.es\/wp-content\/uploads\/2021\/03\/EXPORT-OFFICE-e.jpg\" alt=\"\" class=\"wp-image-849 size-full\" srcset=\"https:\/\/www.stac.es\/wp-content\/uploads\/2021\/03\/EXPORT-OFFICE-e.jpg 1000w, https:\/\/www.stac.es\/wp-content\/uploads\/2021\/03\/EXPORT-OFFICE-e-300x176.jpg 300w, https:\/\/www.stac.es\/wp-content\/uploads\/2021\/03\/EXPORT-OFFICE-e-768x451.jpg 768w\" sizes=\"auto, (max-width: 1000px) 100vw, 1000px\" \/><\/figure><\/div>\n<\/div><\/div>\n","protected":false},"excerpt":{"rendered":"<p>O nas To wi\u0119cej ni\u017c firma \u2013 jeste\u015bmy nowocze\u015bni, kreatywni, odpowiedzialni. Projektujemy i wytwarzamy wszystkie nasze produkty. W naszych centrach produkcyjnych w Padr\u00f3n i Catoira, o powierzchni ponad 72 000 m\u00b2, projektujemy i wytwarzamy wszystkie nasze produkty, w tym: Nasze pocz\u0105tki Historia STAC rozpocz\u0119\u0142a si\u0119 w roku 2001 od zaprojektowania i produkcji naszych pierwszych uszczelek. [&hellip;]<\/p>\n","protected":false},"author":1,"featured_media":0,"parent":0,"menu_order":0,"comment_status":"closed","ping_status":"closed","template":"","meta":{"_acf_changed":false,"footnotes":""},"class_list":["post-4329","page","type-page","status-publish","hentry"],"acf":[],"yoast_head":"<!-- This site is optimized with the Yoast SEO plugin v27.5 - https:\/\/yoast.com\/product\/yoast-seo-wordpress\/ -->\n<title>O nas - STAC<\/title>\n<meta name=\"robots\" content=\"index, follow, max-snippet:-1, max-image-preview:large, max-video-preview:-1\" \/>\n<link rel=\"canonical\" href=\"https:\/\/www.stac.es\/pl\/o-nas\/\" \/>\n<meta property=\"og:locale\" content=\"pl_PL\" \/>\n<meta property=\"og:type\" content=\"article\" \/>\n<meta property=\"og:title\" content=\"O nas - STAC\" \/>\n<meta property=\"og:description\" content=\"O nas To wi\u0119cej ni\u017c firma \u2013 jeste\u015bmy nowocze\u015bni, kreatywni, odpowiedzialni. Projektujemy i wytwarzamy wszystkie nasze produkty. W naszych centrach produkcyjnych w Padr\u00f3n i Catoira, o powierzchni ponad 72 000 m\u00b2, projektujemy i wytwarzamy wszystkie nasze produkty, w tym: Nasze pocz\u0105tki Historia STAC rozpocz\u0119\u0142a si\u0119 w roku 2001 od zaprojektowania i produkcji naszych pierwszych uszczelek. [&hellip;]\" \/>\n<meta property=\"og:url\" content=\"https:\/\/www.stac.es\/pl\/o-nas\/\" \/>\n<meta property=\"og:site_name\" content=\"STAC\" \/>\n<meta property=\"article:modified_time\" content=\"2026-01-21T15:33:16+00:00\" \/>\n<meta property=\"og:image\" content=\"https:\/\/www.stac.es\/wp-content\/uploads\/2025\/05\/stac-padron-2025-9.jpg\" \/>\n\t<meta property=\"og:image:width\" content=\"1000\" \/>\n\t<meta property=\"og:image:height\" content=\"651\" \/>\n\t<meta property=\"og:image:type\" content=\"image\/jpeg\" \/>\n<meta name=\"twitter:card\" content=\"summary_large_image\" \/>\n<meta name=\"twitter:label1\" content=\"Szacowany czas czytania\" \/>\n\t<meta name=\"twitter:data1\" content=\"3 minuty\" \/>\n<script type=\"application\/ld+json\" class=\"yoast-schema-graph\">{\"@context\":\"https:\\\/\\\/schema.org\",\"@graph\":[{\"@type\":\"WebPage\",\"@id\":\"https:\\\/\\\/www.stac.es\\\/pl\\\/o-nas\\\/\",\"url\":\"https:\\\/\\\/www.stac.es\\\/pl\\\/o-nas\\\/\",\"name\":\"O nas - STAC\",\"isPartOf\":{\"@id\":\"https:\\\/\\\/www.stac.es\\\/pl\\\/#website\"},\"primaryImageOfPage\":{\"@id\":\"https:\\\/\\\/www.stac.es\\\/pl\\\/o-nas\\\/#primaryimage\"},\"image\":{\"@id\":\"https:\\\/\\\/www.stac.es\\\/pl\\\/o-nas\\\/#primaryimage\"},\"thumbnailUrl\":\"https:\\\/\\\/www.stac.es\\\/wp-content\\\/uploads\\\/2025\\\/05\\\/stac-padron-2025-9.jpg\",\"datePublished\":\"2020-12-15T09:52:17+00:00\",\"dateModified\":\"2026-01-21T15:33:16+00:00\",\"breadcrumb\":{\"@id\":\"https:\\\/\\\/www.stac.es\\\/pl\\\/o-nas\\\/#breadcrumb\"},\"inLanguage\":\"pl-PL\",\"potentialAction\":[{\"@type\":\"ReadAction\",\"target\":[\"https:\\\/\\\/www.stac.es\\\/pl\\\/o-nas\\\/\"]}]},{\"@type\":\"ImageObject\",\"inLanguage\":\"pl-PL\",\"@id\":\"https:\\\/\\\/www.stac.es\\\/pl\\\/o-nas\\\/#primaryimage\",\"url\":\"https:\\\/\\\/www.stac.es\\\/wp-content\\\/uploads\\\/2025\\\/05\\\/stac-padron-2025-9.jpg\",\"contentUrl\":\"https:\\\/\\\/www.stac.es\\\/wp-content\\\/uploads\\\/2025\\\/05\\\/stac-padron-2025-9.jpg\"},{\"@type\":\"BreadcrumbList\",\"@id\":\"https:\\\/\\\/www.stac.es\\\/pl\\\/o-nas\\\/#breadcrumb\",\"itemListElement\":[{\"@type\":\"ListItem\",\"position\":1,\"name\":\"Portada\",\"item\":\"https:\\\/\\\/www.stac.es\\\/pl\\\/\"},{\"@type\":\"ListItem\",\"position\":2,\"name\":\"O nas\"}]},{\"@type\":\"WebSite\",\"@id\":\"https:\\\/\\\/www.stac.es\\\/pl\\\/#website\",\"url\":\"https:\\\/\\\/www.stac.es\\\/pl\\\/\",\"name\":\"STAC\",\"description\":\"Soluciones para sistemas de aluminio\",\"potentialAction\":[{\"@type\":\"SearchAction\",\"target\":{\"@type\":\"EntryPoint\",\"urlTemplate\":\"https:\\\/\\\/www.stac.es\\\/pl\\\/?s={search_term_string}\"},\"query-input\":{\"@type\":\"PropertyValueSpecification\",\"valueRequired\":true,\"valueName\":\"search_term_string\"}}],\"inLanguage\":\"pl-PL\"}]}<\/script>\n<!-- \/ Yoast SEO plugin. -->","yoast_head_json":{"title":"O nas - STAC","robots":{"index":"index","follow":"follow","max-snippet":"max-snippet:-1","max-image-preview":"max-image-preview:large","max-video-preview":"max-video-preview:-1"},"canonical":"https:\/\/www.stac.es\/pl\/o-nas\/","og_locale":"pl_PL","og_type":"article","og_title":"O nas - STAC","og_description":"O nas To wi\u0119cej ni\u017c firma \u2013 jeste\u015bmy nowocze\u015bni, kreatywni, odpowiedzialni. Projektujemy i wytwarzamy wszystkie nasze produkty. W naszych centrach produkcyjnych w Padr\u00f3n i Catoira, o powierzchni ponad 72 000 m\u00b2, projektujemy i wytwarzamy wszystkie nasze produkty, w tym: Nasze pocz\u0105tki Historia STAC rozpocz\u0119\u0142a si\u0119 w roku 2001 od zaprojektowania i produkcji naszych pierwszych uszczelek. [&hellip;]","og_url":"https:\/\/www.stac.es\/pl\/o-nas\/","og_site_name":"STAC","article_modified_time":"2026-01-21T15:33:16+00:00","og_image":[{"width":1000,"height":651,"url":"https:\/\/www.stac.es\/wp-content\/uploads\/2025\/05\/stac-padron-2025-9.jpg","type":"image\/jpeg"}],"twitter_card":"summary_large_image","twitter_misc":{"Szacowany czas czytania":"3 minuty"},"schema":{"@context":"https:\/\/schema.org","@graph":[{"@type":"WebPage","@id":"https:\/\/www.stac.es\/pl\/o-nas\/","url":"https:\/\/www.stac.es\/pl\/o-nas\/","name":"O nas - STAC","isPartOf":{"@id":"https:\/\/www.stac.es\/pl\/#website"},"primaryImageOfPage":{"@id":"https:\/\/www.stac.es\/pl\/o-nas\/#primaryimage"},"image":{"@id":"https:\/\/www.stac.es\/pl\/o-nas\/#primaryimage"},"thumbnailUrl":"https:\/\/www.stac.es\/wp-content\/uploads\/2025\/05\/stac-padron-2025-9.jpg","datePublished":"2020-12-15T09:52:17+00:00","dateModified":"2026-01-21T15:33:16+00:00","breadcrumb":{"@id":"https:\/\/www.stac.es\/pl\/o-nas\/#breadcrumb"},"inLanguage":"pl-PL","potentialAction":[{"@type":"ReadAction","target":["https:\/\/www.stac.es\/pl\/o-nas\/"]}]},{"@type":"ImageObject","inLanguage":"pl-PL","@id":"https:\/\/www.stac.es\/pl\/o-nas\/#primaryimage","url":"https:\/\/www.stac.es\/wp-content\/uploads\/2025\/05\/stac-padron-2025-9.jpg","contentUrl":"https:\/\/www.stac.es\/wp-content\/uploads\/2025\/05\/stac-padron-2025-9.jpg"},{"@type":"BreadcrumbList","@id":"https:\/\/www.stac.es\/pl\/o-nas\/#breadcrumb","itemListElement":[{"@type":"ListItem","position":1,"name":"Portada","item":"https:\/\/www.stac.es\/pl\/"},{"@type":"ListItem","position":2,"name":"O nas"}]},{"@type":"WebSite","@id":"https:\/\/www.stac.es\/pl\/#website","url":"https:\/\/www.stac.es\/pl\/","name":"STAC","description":"Soluciones para sistemas de aluminio","potentialAction":[{"@type":"SearchAction","target":{"@type":"EntryPoint","urlTemplate":"https:\/\/www.stac.es\/pl\/?s={search_term_string}"},"query-input":{"@type":"PropertyValueSpecification","valueRequired":true,"valueName":"search_term_string"}}],"inLanguage":"pl-PL"}]}},"_links":{"self":[{"href":"https:\/\/www.stac.es\/pl\/wp-json\/wp\/v2\/pages\/4329","targetHints":{"allow":["GET"]}}],"collection":[{"href":"https:\/\/www.stac.es\/pl\/wp-json\/wp\/v2\/pages"}],"about":[{"href":"https:\/\/www.stac.es\/pl\/wp-json\/wp\/v2\/types\/page"}],"author":[{"embeddable":true,"href":"https:\/\/www.stac.es\/pl\/wp-json\/wp\/v2\/users\/1"}],"replies":[{"embeddable":true,"href":"https:\/\/www.stac.es\/pl\/wp-json\/wp\/v2\/comments?post=4329"}],"version-history":[{"count":16,"href":"https:\/\/www.stac.es\/pl\/wp-json\/wp\/v2\/pages\/4329\/revisions"}],"predecessor-version":[{"id":83562,"href":"https:\/\/www.stac.es\/pl\/wp-json\/wp\/v2\/pages\/4329\/revisions\/83562"}],"wp:attachment":[{"href":"https:\/\/www.stac.es\/pl\/wp-json\/wp\/v2\/media?parent=4329"}],"curies":[{"name":"wp","href":"https:\/\/api.w.org\/{rel}","templated":true}]}}