{"id":4269,"date":"2020-12-16T09:46:41","date_gmt":"2020-12-16T09:46:41","guid":{"rendered":"https:\/\/www.stac.es\/aviso-legal\/"},"modified":"2025-03-18T09:10:18","modified_gmt":"2025-03-18T09:10:18","slug":"nota-prawna","status":"publish","type":"page","link":"https:\/\/www.stac.es\/pl\/nota-prawna\/","title":{"rendered":"Nota prawna"},"content":{"rendered":"\n<div class=\"wp-block-group wrapper doble-separador-superior doble-separador-inferior\"><div class=\"wp-block-group__inner-container is-layout-flow wp-block-group-is-layout-flow\">\n<div class=\"wp-block-group wrapper doble-separador-superior doble-separador-inferior\"><div class=\"wp-block-group__inner-container is-layout-flow wp-block-group-is-layout-flow\">\n<p>Sistemas T\u00e9cnicos del Accesorio y Componentes S.L. (STAC)<br>Numer identyfikacji podatkowej: B15799307<\/p>\n\n\n\n<p>Pol\u00edgono Industrial Picusa S\/N<br>15900 \u2013 (Padr\u00f3n) \u2013 A Coru\u00f1a \u2013 HISZPANIA<\/p>\n\n\n\n<p>Tel. (+34) 981 81 70 36<br>Faks (+34) 981 81 70 37<br>rgpd@stac.es<\/p>\n\n\n\n<p>Firma zarejestrowana w rejestrze sp\u00f3\u0142ek Santiago, wolumin 2499, arkusz 129, wpis 4, nr strony C-27.276<\/p>\n\n\n\n<p><strong>Cel przetwarzania:<\/strong><br>Dane gromadzone za pomoc\u0105 formularzy zawartych w niniejszym serwisie wykorzystywane s\u0105 przez administratora danych do wysy\u0142ania informacji spersonalizowanych na podstawie preferencji u\u017cytkownika.<\/p>\n\n\n\n<p><strong>Legitymizacja:<\/strong><br>Podstaw\u0105 prawn\u0105 przetwarzania danych osobowych jest zgoda wyra\u017cona przez u\u017cytkownika poprzez zaznaczenie pola wyboru w formularzu WWW, lub istniej\u0105cy stosunek umowny pomi\u0119dzy stronami, lub istniej\u0105cy interes uzasadniony w przypadkach uwzgl\u0119dnionych w RODO.<\/p>\n\n\n\n<p><strong>Prawa u\u017cytkownika:<\/strong><br>U\u017cytkownik ma prawo \u017c\u0105dania dost\u0119pu do swoich danych osobowych, \u017c\u0105dania sprostowania niedok\u0142adnych danych, \u017c\u0105dania ich usuni\u0119cia gdy \u2013 mi\u0119dzy innymi \u2013 dane nie s\u0105 ju\u017c niezb\u0119dne do cel\u00f3w dla kt\u00f3rych zosta\u0142y zebrane, \u017c\u0105dania ograniczenia przetwarzania swoich danych \u2013 w\u00f3wczas b\u0119d\u0105 przechowywane wy\u0142\u0105cznie w celu wykonania lub obrony roszcze\u0144, wniesienia sprzeciwu wobec przetwarzania ich danych \u2013 w\u00f3wczas administrator danych nie b\u0119dzie ju\u017c przetwarza\u0142 ich danych, chyba \u017ce b\u0119d\u0105 ku temu nadrz\u0119dne prawnie uzasadnione podstawy lub w celu wykonania lub obrony ewentualnych roszcze\u0144 i (lub) \u017c\u0105dania przeno\u015bno\u015bci ich danych.<\/p>\n\n\n\n<p><strong>Okres przechowywania:<\/strong><br>Wszystkie dane przekazane przez u\u017cytkownik\u00f3w b\u0119d\u0105 przechowywane przez czas \u015bci\u015ble niezb\u0119dny do realizacji celu, dla kt\u00f3rego zosta\u0142y zebrane. Zgoda wyra\u017cona za po\u015brednictwem formularzy internetowych na tej stronie mo\u017ce zosta\u0107 odwo\u0142ana. U\u017cytkownik mo\u017ce wi\u0119c w ka\u017cdej chwili za\u017c\u0105da\u0107 usuni\u0119cia swoich danych lub skorzysta\u0107 z kt\u00f3regokolwiek z praw wskazanych w poprzednim akapicie, pisz\u0105c na adres pocztowy lub e-mail podany w niniejszym dokumencie.<\/p>\n\n\n\n<p><strong>Ujawnianie danych:<\/strong><br>Podane dane nie b\u0119d\u0105 ujawniane ani przekazywane stronom trzecim, chyba \u017ce istnieje ku temu prawny obowi\u0105zek.<\/p>\n\n\n\n<p><strong>Mi\u0119dzynarodowe transfery danych:<\/strong><br>Dane osobowe u\u017cytkownika b\u0119d\u0105 przechowywane jedynie przez administrator\u00f3w danych, kt\u00f3rzy spe\u0142niaj\u0105 wymogi Og\u00f3lnego rozporz\u0105dzenia o ochronie danych. Wszyscy administratorzy danych odpowiedzialni za przechowywanie danych znajduj\u0105 si\u0119 na terenie Europejskiego Obszaru Gospodarczego, w pa\u0144stwach i terytoriach, kt\u00f3re gwarantuj\u0105 odpowiedni poziom ochrony zgodnie z RODO, lub w podmiotach, kt\u00f3re przestrzegaj\u0105 \u201eTarczy Prywatno\u015bci\u201d lub \u201ePrivacy Shield\u201d Stan\u00f3w Zjednoczonych.<\/p>\n\n\n\n<p><strong>Obowi\u0105zuj\u0105ce prawo:<\/strong><br>Zastosowanie ma Rozporz\u0105dzenie Parlamentu Europejskiego i Rady (UE) 2016\/679 w sprawie ochrony danych.<\/p>\n<\/div><\/div>\n\n\n\n<p><\/p>\n<\/div><\/div>\n\n\n\n<p><\/p>\n","protected":false},"excerpt":{"rendered":"<p>Sistemas T\u00e9cnicos del Accesorio y Componentes S.L. (STAC)Numer identyfikacji podatkowej: B15799307 Pol\u00edgono Industrial Picusa S\/N15900 \u2013 (Padr\u00f3n) \u2013 A Coru\u00f1a \u2013 HISZPANIA Tel. (+34) 981 81 70 36Faks (+34) 981 81 70 37rgpd@stac.es Firma zarejestrowana w rejestrze sp\u00f3\u0142ek Santiago, wolumin 2499, arkusz 129, wpis 4, nr strony C-27.276 Cel przetwarzania:Dane gromadzone za pomoc\u0105 formularzy zawartych [&hellip;]<\/p>\n","protected":false},"author":1,"featured_media":0,"parent":0,"menu_order":0,"comment_status":"closed","ping_status":"closed","template":"","meta":{"_acf_changed":false,"footnotes":""},"class_list":["post-4269","page","type-page","status-publish","hentry"],"acf":[],"yoast_head":"<!-- This site is optimized with the Yoast SEO plugin v27.5 - https:\/\/yoast.com\/product\/yoast-seo-wordpress\/ -->\n<title>Nota prawna - STAC<\/title>\n<meta name=\"robots\" content=\"index, follow, max-snippet:-1, max-image-preview:large, max-video-preview:-1\" \/>\n<link rel=\"canonical\" href=\"https:\/\/www.stac.es\/pl\/nota-prawna\/\" \/>\n<meta property=\"og:locale\" content=\"pl_PL\" \/>\n<meta property=\"og:type\" content=\"article\" \/>\n<meta property=\"og:title\" content=\"Nota prawna - STAC\" \/>\n<meta property=\"og:description\" content=\"Sistemas T\u00e9cnicos del Accesorio y Componentes S.L. (STAC)Numer identyfikacji podatkowej: B15799307 Pol\u00edgono Industrial Picusa S\/N15900 \u2013 (Padr\u00f3n) \u2013 A Coru\u00f1a \u2013 HISZPANIA Tel. (+34) 981 81 70 36Faks (+34) 981 81 70 37rgpd@stac.es Firma zarejestrowana w rejestrze sp\u00f3\u0142ek Santiago, wolumin 2499, arkusz 129, wpis 4, nr strony C-27.276 Cel przetwarzania:Dane gromadzone za pomoc\u0105 formularzy zawartych [&hellip;]\" \/>\n<meta property=\"og:url\" content=\"https:\/\/www.stac.es\/pl\/nota-prawna\/\" \/>\n<meta property=\"og:site_name\" content=\"STAC\" \/>\n<meta property=\"article:modified_time\" content=\"2025-03-18T09:10:18+00:00\" \/>\n<meta name=\"twitter:card\" content=\"summary_large_image\" \/>\n<meta name=\"twitter:label1\" content=\"Szacowany czas czytania\" \/>\n\t<meta name=\"twitter:data1\" content=\"2 minuty\" \/>\n<script type=\"application\/ld+json\" class=\"yoast-schema-graph\">{\"@context\":\"https:\\\/\\\/schema.org\",\"@graph\":[{\"@type\":\"WebPage\",\"@id\":\"https:\\\/\\\/www.stac.es\\\/pl\\\/nota-prawna\\\/\",\"url\":\"https:\\\/\\\/www.stac.es\\\/pl\\\/nota-prawna\\\/\",\"name\":\"Nota prawna - STAC\",\"isPartOf\":{\"@id\":\"https:\\\/\\\/www.stac.es\\\/pl\\\/#website\"},\"datePublished\":\"2020-12-16T09:46:41+00:00\",\"dateModified\":\"2025-03-18T09:10:18+00:00\",\"breadcrumb\":{\"@id\":\"https:\\\/\\\/www.stac.es\\\/pl\\\/nota-prawna\\\/#breadcrumb\"},\"inLanguage\":\"pl-PL\",\"potentialAction\":[{\"@type\":\"ReadAction\",\"target\":[\"https:\\\/\\\/www.stac.es\\\/pl\\\/nota-prawna\\\/\"]}]},{\"@type\":\"BreadcrumbList\",\"@id\":\"https:\\\/\\\/www.stac.es\\\/pl\\\/nota-prawna\\\/#breadcrumb\",\"itemListElement\":[{\"@type\":\"ListItem\",\"position\":1,\"name\":\"Portada\",\"item\":\"https:\\\/\\\/www.stac.es\\\/pl\\\/\"},{\"@type\":\"ListItem\",\"position\":2,\"name\":\"Nota prawna\"}]},{\"@type\":\"WebSite\",\"@id\":\"https:\\\/\\\/www.stac.es\\\/pl\\\/#website\",\"url\":\"https:\\\/\\\/www.stac.es\\\/pl\\\/\",\"name\":\"STAC\",\"description\":\"Soluciones para sistemas de aluminio\",\"potentialAction\":[{\"@type\":\"SearchAction\",\"target\":{\"@type\":\"EntryPoint\",\"urlTemplate\":\"https:\\\/\\\/www.stac.es\\\/pl\\\/?s={search_term_string}\"},\"query-input\":{\"@type\":\"PropertyValueSpecification\",\"valueRequired\":true,\"valueName\":\"search_term_string\"}}],\"inLanguage\":\"pl-PL\"}]}<\/script>\n<!-- \/ Yoast SEO plugin. -->","yoast_head_json":{"title":"Nota prawna - STAC","robots":{"index":"index","follow":"follow","max-snippet":"max-snippet:-1","max-image-preview":"max-image-preview:large","max-video-preview":"max-video-preview:-1"},"canonical":"https:\/\/www.stac.es\/pl\/nota-prawna\/","og_locale":"pl_PL","og_type":"article","og_title":"Nota prawna - STAC","og_description":"Sistemas T\u00e9cnicos del Accesorio y Componentes S.L. (STAC)Numer identyfikacji podatkowej: B15799307 Pol\u00edgono Industrial Picusa S\/N15900 \u2013 (Padr\u00f3n) \u2013 A Coru\u00f1a \u2013 HISZPANIA Tel. (+34) 981 81 70 36Faks (+34) 981 81 70 37rgpd@stac.es Firma zarejestrowana w rejestrze sp\u00f3\u0142ek Santiago, wolumin 2499, arkusz 129, wpis 4, nr strony C-27.276 Cel przetwarzania:Dane gromadzone za pomoc\u0105 formularzy zawartych [&hellip;]","og_url":"https:\/\/www.stac.es\/pl\/nota-prawna\/","og_site_name":"STAC","article_modified_time":"2025-03-18T09:10:18+00:00","twitter_card":"summary_large_image","twitter_misc":{"Szacowany czas czytania":"2 minuty"},"schema":{"@context":"https:\/\/schema.org","@graph":[{"@type":"WebPage","@id":"https:\/\/www.stac.es\/pl\/nota-prawna\/","url":"https:\/\/www.stac.es\/pl\/nota-prawna\/","name":"Nota prawna - STAC","isPartOf":{"@id":"https:\/\/www.stac.es\/pl\/#website"},"datePublished":"2020-12-16T09:46:41+00:00","dateModified":"2025-03-18T09:10:18+00:00","breadcrumb":{"@id":"https:\/\/www.stac.es\/pl\/nota-prawna\/#breadcrumb"},"inLanguage":"pl-PL","potentialAction":[{"@type":"ReadAction","target":["https:\/\/www.stac.es\/pl\/nota-prawna\/"]}]},{"@type":"BreadcrumbList","@id":"https:\/\/www.stac.es\/pl\/nota-prawna\/#breadcrumb","itemListElement":[{"@type":"ListItem","position":1,"name":"Portada","item":"https:\/\/www.stac.es\/pl\/"},{"@type":"ListItem","position":2,"name":"Nota prawna"}]},{"@type":"WebSite","@id":"https:\/\/www.stac.es\/pl\/#website","url":"https:\/\/www.stac.es\/pl\/","name":"STAC","description":"Soluciones para sistemas de aluminio","potentialAction":[{"@type":"SearchAction","target":{"@type":"EntryPoint","urlTemplate":"https:\/\/www.stac.es\/pl\/?s={search_term_string}"},"query-input":{"@type":"PropertyValueSpecification","valueRequired":true,"valueName":"search_term_string"}}],"inLanguage":"pl-PL"}]}},"_links":{"self":[{"href":"https:\/\/www.stac.es\/pl\/wp-json\/wp\/v2\/pages\/4269","targetHints":{"allow":["GET"]}}],"collection":[{"href":"https:\/\/www.stac.es\/pl\/wp-json\/wp\/v2\/pages"}],"about":[{"href":"https:\/\/www.stac.es\/pl\/wp-json\/wp\/v2\/types\/page"}],"author":[{"embeddable":true,"href":"https:\/\/www.stac.es\/pl\/wp-json\/wp\/v2\/users\/1"}],"replies":[{"embeddable":true,"href":"https:\/\/www.stac.es\/pl\/wp-json\/wp\/v2\/comments?post=4269"}],"version-history":[{"count":4,"href":"https:\/\/www.stac.es\/pl\/wp-json\/wp\/v2\/pages\/4269\/revisions"}],"predecessor-version":[{"id":72040,"href":"https:\/\/www.stac.es\/pl\/wp-json\/wp\/v2\/pages\/4269\/revisions\/72040"}],"wp:attachment":[{"href":"https:\/\/www.stac.es\/pl\/wp-json\/wp\/v2\/media?parent=4269"}],"curies":[{"name":"wp","href":"https:\/\/api.w.org\/{rel}","templated":true}]}}