{"id":4259,"date":"2021-01-14T14:54:28","date_gmt":"2021-01-14T14:54:28","guid":{"rendered":"https:\/\/www.stac.es\/oficina-tecnica\/"},"modified":"2021-05-26T13:27:35","modified_gmt":"2021-05-26T13:27:35","slug":"biuro-techniczne","status":"publish","type":"page","link":"https:\/\/www.stac.es\/pl\/czym-sie-zajmujemy\/biuro-techniczne\/","title":{"rendered":"Biuro techniczne"},"content":{"rendered":"\n<div class=\"wp-block-cover\"><img loading=\"lazy\" decoding=\"async\" width=\"2560\" height=\"1299\" class=\"wp-block-cover__image-background wp-image-851\" alt=\"\" src=\"https:\/\/www.stac.es\/wp-content\/uploads\/2021\/03\/1.-Banner-TOP-Ensayo-scaled.jpg\" data-object-fit=\"cover\" srcset=\"https:\/\/www.stac.es\/wp-content\/uploads\/2021\/03\/1.-Banner-TOP-Ensayo-scaled.jpg 2560w, https:\/\/www.stac.es\/wp-content\/uploads\/2021\/03\/1.-Banner-TOP-Ensayo-300x152.jpg 300w, https:\/\/www.stac.es\/wp-content\/uploads\/2021\/03\/1.-Banner-TOP-Ensayo-1024x520.jpg 1024w, https:\/\/www.stac.es\/wp-content\/uploads\/2021\/03\/1.-Banner-TOP-Ensayo-768x390.jpg 768w, https:\/\/www.stac.es\/wp-content\/uploads\/2021\/03\/1.-Banner-TOP-Ensayo-1536x780.jpg 1536w, https:\/\/www.stac.es\/wp-content\/uploads\/2021\/03\/1.-Banner-TOP-Ensayo-2048x1039.jpg 2048w\" sizes=\"auto, (max-width: 2560px) 100vw, 2560px\" \/><div class=\"wp-block-cover__inner-container is-layout-flow wp-block-cover-is-layout-flow\">\n<p class=\"has-text-align-center has-large-font-size\"><\/p>\n<\/div><\/div>\n\n\n<div class=\"wp-block-group navegacion-interior wrapper doble-separador-superior\"><ul class=\"pages\">\n        <li class=\"page \">\n            <a href=\"https:\/\/www.stac.es\/pl\/czym-sie-zajmujemy\/okucia-akcesoria\/\">\n                <div class=\"media\" style=\"background-image:url(https:\/\/www.stac.es\/wp-content\/uploads\/2021\/05\/235x-1_DIV-HERRAJE.jpg)\"><\/div>\n                <div class=\"texto\"><span>Okucia i akcesoria<\/span><\/div>\n            <\/a>\n        <\/li>\n        <li class=\"page \">\n            <a href=\"https:\/\/www.stac.es\/pl\/czym-sie-zajmujemy\/uszczelki\/\">\n                <div class=\"media\" style=\"background-image:url(https:\/\/www.stac.es\/wp-content\/uploads\/2021\/05\/235x-2_DIV-JUNTAS.jpg)\"><\/div>\n                <div class=\"texto\"><span>Uszczelki<\/span><\/div>\n            <\/a>\n        <\/li>\n        <li class=\"page \">\n            <a href=\"https:\/\/www.stac.es\/pl\/czym-sie-zajmujemy\/profile-izolacyjne\/\">\n                <div class=\"media\" style=\"background-image:url(https:\/\/www.stac.es\/wp-content\/uploads\/2021\/05\/235x-3_DIV-POLIAMIDA.jpg)\"><\/div>\n                <div class=\"texto\"><span>Profile izolacyjne<\/span><\/div>\n            <\/a>\n        <\/li>\n        <li class=\"page current\">\n            <a href=\"https:\/\/www.stac.es\/pl\/czym-sie-zajmujemy\/biuro-techniczne\/\">\n                <div class=\"media\" style=\"background-image:url(https:\/\/www.stac.es\/wp-content\/uploads\/2021\/05\/235x-4_DIV-OFITEC.jpg)\"><\/div>\n                <div class=\"texto\"><span>Biuro techniczne<\/span><\/div>\n            <\/a>\n        <\/li><\/ul><\/div>\n\n\n\n<div class=\"wp-block-group wrapper doble-separador-superior\"><div class=\"wp-block-group__inner-container is-layout-flow wp-block-group-is-layout-flow\">\n<h1 class=\"has-text-align-center wp-block-heading\">Biuro techniczne<\/h1>\n\n\n\n<p class=\"has-text-align-center\">To wi\u0119cej ni\u017c biuro techniczne \u2013 to rozwi\u0105zania na zam\u00f3wienie dla Twojego systemu.<\/p>\n<\/div><\/div>\n\n\n\n<div class=\"wp-block-group wrapper doble-separador-superior\"><div class=\"wp-block-group__inner-container is-layout-flow wp-block-group-is-layout-flow\">\n<div class=\"wp-block-media-text alignwide is-stacked-on-mobile\"><figure class=\"wp-block-media-text__media\"><img loading=\"lazy\" decoding=\"async\" width=\"1000\" height=\"667\" src=\"https:\/\/www.stac.es\/wp-content\/uploads\/2021\/03\/2.-Soluciones-a-gogo\u0301-tecnico_herraje-e.jpg\" alt=\"\" class=\"wp-image-3582 size-full\" srcset=\"https:\/\/www.stac.es\/wp-content\/uploads\/2021\/03\/2.-Soluciones-a-gogo\u0301-tecnico_herraje-e.jpg 1000w, https:\/\/www.stac.es\/wp-content\/uploads\/2021\/03\/2.-Soluciones-a-gogo\u0301-tecnico_herraje-e-300x200.jpg 300w, https:\/\/www.stac.es\/wp-content\/uploads\/2021\/03\/2.-Soluciones-a-gogo\u0301-tecnico_herraje-e-768x512.jpg 768w\" sizes=\"auto, (max-width: 1000px) 100vw, 1000px\" \/><\/figure><div class=\"wp-block-media-text__content\">\n<h2 class=\"wp-block-heading\">Kompletne rozwi\u0105zania<\/h2>\n\n\n\n<p>W STAC dysponujemy wszechstronnym biurem technicznym, znajduj\u0105cym rozwi\u0105zania, dzi\u0119ki kt\u00f3rym Twoje systemy zamykania b\u0119d\u0105 lepsze i bardziej wydajne.<\/p>\n\n\n\n<p>Traktujemy systemy zamykania drzwi i okien jako ca\u0142o\u015b\u0107, co pozwala nam oferowa\u0107 wyr\u00f3\u017cniaj\u0105ce si\u0119 rozwi\u0105zania.<\/p>\n<\/div><\/div>\n<\/div><\/div>\n\n\n\n<div class=\"wp-block-group wrapper doble-separador-superior\"><div class=\"wp-block-group__inner-container is-layout-flow wp-block-group-is-layout-flow\">\n<div class=\"wp-block-columns is-layout-flex wp-container-core-columns-is-layout-9d6595d7 wp-block-columns-is-layout-flex\">\n<div class=\"wp-block-column is-layout-flow wp-block-column-is-layout-flow\">\n<figure class=\"wp-block-image size-large\"><img loading=\"lazy\" decoding=\"async\" width=\"1024\" height=\"1024\" src=\"https:\/\/www.stac.es\/wp-content\/uploads\/2021\/03\/3.-Disen\u0303o-personalizado-1024x1024.jpg\" alt=\"\" class=\"wp-image-3587\" srcset=\"https:\/\/www.stac.es\/wp-content\/uploads\/2021\/03\/3.-Disen\u0303o-personalizado-1024x1024.jpg 1024w, https:\/\/www.stac.es\/wp-content\/uploads\/2021\/03\/3.-Disen\u0303o-personalizado-300x300.jpg 300w, https:\/\/www.stac.es\/wp-content\/uploads\/2021\/03\/3.-Disen\u0303o-personalizado-400x400.jpg 400w, https:\/\/www.stac.es\/wp-content\/uploads\/2021\/03\/3.-Disen\u0303o-personalizado-768x768.jpg 768w, https:\/\/www.stac.es\/wp-content\/uploads\/2021\/03\/3.-Disen\u0303o-personalizado-1536x1536.jpg 1536w, https:\/\/www.stac.es\/wp-content\/uploads\/2021\/03\/3.-Disen\u0303o-personalizado-2048x2048.jpg 2048w\" sizes=\"auto, (max-width: 1024px) 100vw, 1024px\" \/><\/figure>\n\n\n\n<h3 class=\"wp-block-heading\">Projekty na zam\u00f3wienie<\/h3>\n\n\n\n<p>Projektujemy wyroby specjalnie dla Ciebie z wszystkich linii produkt\u00f3w, integruj\u0105c je do perfekcji.<\/p>\n<\/div>\n\n\n\n<div class=\"wp-block-column is-layout-flow wp-block-column-is-layout-flow\">\n<figure class=\"wp-block-image size-large\"><img loading=\"lazy\" decoding=\"async\" width=\"1024\" height=\"1024\" src=\"https:\/\/www.stac.es\/wp-content\/uploads\/2021\/03\/4.-Asesoramiento-materiales-1024x1024.jpg\" alt=\"\" class=\"wp-image-855\" srcset=\"https:\/\/www.stac.es\/wp-content\/uploads\/2021\/03\/4.-Asesoramiento-materiales-1024x1024.jpg 1024w, https:\/\/www.stac.es\/wp-content\/uploads\/2021\/03\/4.-Asesoramiento-materiales-300x300.jpg 300w, https:\/\/www.stac.es\/wp-content\/uploads\/2021\/03\/4.-Asesoramiento-materiales-400x400.jpg 400w, https:\/\/www.stac.es\/wp-content\/uploads\/2021\/03\/4.-Asesoramiento-materiales-768x768.jpg 768w, https:\/\/www.stac.es\/wp-content\/uploads\/2021\/03\/4.-Asesoramiento-materiales-1536x1536.jpg 1536w, https:\/\/www.stac.es\/wp-content\/uploads\/2021\/03\/4.-Asesoramiento-materiales-2048x2048.jpg 2048w\" sizes=\"auto, (max-width: 1024px) 100vw, 1024px\" \/><\/figure>\n\n\n\n<h3 class=\"wp-block-heading\">Porady materia\u0142owe<\/h3>\n\n\n\n<p>Nasze bogate do\u015bwiadczenie pozwala nam doradzi\u0107 materia\u0142y najlepiej nadaj\u0105ce si\u0119 do Twojego systemu.<\/p>\n<\/div>\n\n\n\n<div class=\"wp-block-column is-layout-flow wp-block-column-is-layout-flow\">\n<figure class=\"wp-block-image size-large\"><img loading=\"lazy\" decoding=\"async\" width=\"828\" height=\"828\" src=\"https:\/\/www.stac.es\/wp-content\/uploads\/2021\/03\/5.-Servicio-Postventa.jpg\" alt=\"\" class=\"wp-image-856\" srcset=\"https:\/\/www.stac.es\/wp-content\/uploads\/2021\/03\/5.-Servicio-Postventa.jpg 828w, https:\/\/www.stac.es\/wp-content\/uploads\/2021\/03\/5.-Servicio-Postventa-300x300.jpg 300w, https:\/\/www.stac.es\/wp-content\/uploads\/2021\/03\/5.-Servicio-Postventa-400x400.jpg 400w, https:\/\/www.stac.es\/wp-content\/uploads\/2021\/03\/5.-Servicio-Postventa-768x768.jpg 768w\" sizes=\"auto, (max-width: 828px) 100vw, 828px\" \/><\/figure>\n\n\n\n<h3 class=\"wp-block-heading\">Serwis posprzeda\u017cny<\/h3>\n\n\n\n<p>Dla nas projekt nie ko\u0144czy si\u0119 w chwili zainstalowania \u2013 dlatego te\u017c oferujemy najlepszy z mo\u017cliwych serwis posprzeda\u017cny.<\/p>\n<\/div>\n<\/div>\n\n\n\n<p id=\"wrapper\"><\/p>\n<\/div><\/div>\n\n\n\n<div class=\"wp-block-cover doble-separador-superior\"><img loading=\"lazy\" decoding=\"async\" width=\"1947\" height=\"900\" class=\"wp-block-cover__image-background wp-image-857\" alt=\"\" src=\"https:\/\/www.stac.es\/wp-content\/uploads\/2021\/03\/7.-Banner-Tecnico-Ze.jpg\" data-object-fit=\"cover\" srcset=\"https:\/\/www.stac.es\/wp-content\/uploads\/2021\/03\/7.-Banner-Tecnico-Ze.jpg 1947w, https:\/\/www.stac.es\/wp-content\/uploads\/2021\/03\/7.-Banner-Tecnico-Ze-300x139.jpg 300w, https:\/\/www.stac.es\/wp-content\/uploads\/2021\/03\/7.-Banner-Tecnico-Ze-1024x473.jpg 1024w, https:\/\/www.stac.es\/wp-content\/uploads\/2021\/03\/7.-Banner-Tecnico-Ze-768x355.jpg 768w, https:\/\/www.stac.es\/wp-content\/uploads\/2021\/03\/7.-Banner-Tecnico-Ze-1536x710.jpg 1536w\" sizes=\"auto, (max-width: 1947px) 100vw, 1947px\" \/><div class=\"wp-block-cover__inner-container is-layout-flow wp-block-cover-is-layout-flow\">\n<p class=\"has-text-align-center has-large-font-size\"><\/p>\n<\/div><\/div>\n\n\n\n<div class=\"wp-block-group wrapper doble-separador-superior\"><div class=\"wp-block-group__inner-container is-layout-flow wp-block-group-is-layout-flow\">\n<div class=\"wp-block-media-text alignwide is-stacked-on-mobile\"><figure class=\"wp-block-media-text__media\"><img loading=\"lazy\" decoding=\"async\" width=\"1024\" height=\"596\" src=\"https:\/\/www.stac.es\/wp-content\/uploads\/2021\/03\/9.-Te\u0301cnico_elevable-1024x596.jpg\" alt=\"\" class=\"wp-image-3612 size-full\" srcset=\"https:\/\/www.stac.es\/wp-content\/uploads\/2021\/03\/9.-Te\u0301cnico_elevable-1024x596.jpg 1024w, https:\/\/www.stac.es\/wp-content\/uploads\/2021\/03\/9.-Te\u0301cnico_elevable-300x175.jpg 300w, https:\/\/www.stac.es\/wp-content\/uploads\/2021\/03\/9.-Te\u0301cnico_elevable-768x447.jpg 768w, https:\/\/www.stac.es\/wp-content\/uploads\/2021\/03\/9.-Te\u0301cnico_elevable-1536x893.jpg 1536w, https:\/\/www.stac.es\/wp-content\/uploads\/2021\/03\/9.-Te\u0301cnico_elevable-2048x1191.jpg 2048w\" sizes=\"auto, (max-width: 1024px) 100vw, 1024px\" \/><\/figure><div class=\"wp-block-media-text__content\">\n<h2 class=\"wp-block-heading\">Do\u015bwiadczenie z&nbsp;okuciami<\/h2>\n\n\n\n<p>20 lat do\u015bwiadczenia w projektowaniu i produkcji oku\u0107 i akcesori\u00f3w do system\u00f3w aluminiowych pozwala nam oferowa\u0107 najnowocze\u015bniejsze rozwi\u0105zania, projektowane specjalnie pod k\u0105tem Twoich potrzeb.<\/p>\n\n\n\n<p>Z my\u015bl\u0105 o tym prowadzimy w\u0142asne biuro techniczne w fabryce, by zapewni\u0107 stuprocentow\u0105 kontrol\u0119 nad ca\u0142ym procesem.<\/p>\n<\/div><\/div>\n<\/div><\/div>\n\n\n\n<div class=\"wp-block-group wrapper doble-separador-superior\"><div class=\"wp-block-group__inner-container is-layout-flow wp-block-group-is-layout-flow\">\n<div class=\"wp-block-media-text alignwide has-media-on-the-right is-stacked-on-mobile\"><figure class=\"wp-block-media-text__media\"><img loading=\"lazy\" decoding=\"async\" width=\"1024\" height=\"724\" src=\"https:\/\/www.stac.es\/wp-content\/uploads\/2021\/03\/8.-Algo-sobre-ana\u0301lisis-1024x724.jpg\" alt=\"\" class=\"wp-image-3607 size-full\" srcset=\"https:\/\/www.stac.es\/wp-content\/uploads\/2021\/03\/8.-Algo-sobre-ana\u0301lisis-1024x724.jpg 1024w, https:\/\/www.stac.es\/wp-content\/uploads\/2021\/03\/8.-Algo-sobre-ana\u0301lisis-300x212.jpg 300w, https:\/\/www.stac.es\/wp-content\/uploads\/2021\/03\/8.-Algo-sobre-ana\u0301lisis-768x543.jpg 768w, https:\/\/www.stac.es\/wp-content\/uploads\/2021\/03\/8.-Algo-sobre-ana\u0301lisis-1536x1086.jpg 1536w, https:\/\/www.stac.es\/wp-content\/uploads\/2021\/03\/8.-Algo-sobre-ana\u0301lisis-2048x1448.jpg 2048w\" sizes=\"auto, (max-width: 1024px) 100vw, 1024px\" \/><\/figure><div class=\"wp-block-media-text__content\">\n<h2 class=\"wp-block-heading\">Rozwi\u0105zania do przerw termicznych<\/h2>\n\n\n\n<p>Nasz fachowy zesp\u00f3\u0142 zajmuj\u0105cy si\u0119 przerw\u0105 termiczn\u0105 wsp\u00f3\u0142pracuje z klientami, oferuj\u0105c profile poliamidowe i ABS, kt\u00f3rych potrzebujesz, by poprawi\u0107 wydajno\u015b\u0107 energetyczn\u0105 systemu.<\/p>\n\n\n\n<p>G\u0142\u00f3wn\u0105 warto\u015bci\u0105 naszego biura technicznego jest tworzenie idealnych profili, dzi\u0119ki kt\u00f3rym nie musisz si\u0119 o nic martwi\u0107.<\/p>\n<\/div><\/div>\n<\/div><\/div>\n\n\n\n<div style=\"height:50px\" aria-hidden=\"true\" class=\"wp-block-spacer\"><\/div>\n\n\n\n<div class=\"wp-block-group wrapper doble-separador-superior\"><div class=\"wp-block-group__inner-container is-layout-flow wp-block-group-is-layout-flow\">\n<div class=\"wp-block-media-text alignwide is-stacked-on-mobile\"><figure class=\"wp-block-media-text__media\"><img loading=\"lazy\" decoding=\"async\" width=\"1024\" height=\"657\" src=\"https:\/\/www.stac.es\/wp-content\/uploads\/2021\/03\/09_sistema-1024x657.jpg\" alt=\"\" class=\"wp-image-860 size-full\" srcset=\"https:\/\/www.stac.es\/wp-content\/uploads\/2021\/03\/09_sistema-1024x657.jpg 1024w, https:\/\/www.stac.es\/wp-content\/uploads\/2021\/03\/09_sistema-300x192.jpg 300w, https:\/\/www.stac.es\/wp-content\/uploads\/2021\/03\/09_sistema-768x493.jpg 768w, https:\/\/www.stac.es\/wp-content\/uploads\/2021\/03\/09_sistema-1536x985.jpg 1536w, https:\/\/www.stac.es\/wp-content\/uploads\/2021\/03\/09_sistema-2048x1313.jpg 2048w\" sizes=\"auto, (max-width: 1024px) 100vw, 1024px\" \/><\/figure><div class=\"wp-block-media-text__content\">\n<h2 class=\"wp-block-heading\">Wodoszczelno\u015b\u0107 jak nigdy dot\u0105d<\/h2>\n\n\n\n<p>STAC zosta\u0142a za\u0142o\u017cona jako firma specjalizuj\u0105ca si\u0119 w uszczelkach. Dzi\u015b dajemy ca\u0142e nasze do\u015bwiadczenie do Twojej dyspozycji, oferuj\u0105c rozwi\u0105zania w zakresie uszczelnie\u0144, kt\u00f3rych potrzebujesz.<\/p>\n\n\n\n<p>Nasze biuro techniczne b\u0119dzie s\u0142u\u017cy\u0107 poradami na wszystkich etapach procesu, od projektu a\u017c po materia\u0142y, oferuj\u0105c najlepsze, kompletne rozwi\u0105zanie.<\/p>\n<\/div><\/div>\n<\/div><\/div>\n","protected":false},"excerpt":{"rendered":"<p>Biuro techniczne To wi\u0119cej ni\u017c biuro techniczne \u2013 to rozwi\u0105zania na zam\u00f3wienie dla Twojego systemu. Kompletne rozwi\u0105zania W STAC dysponujemy wszechstronnym biurem technicznym, znajduj\u0105cym rozwi\u0105zania, dzi\u0119ki kt\u00f3rym Twoje systemy zamykania b\u0119d\u0105 lepsze i bardziej wydajne. Traktujemy systemy zamykania drzwi i okien jako ca\u0142o\u015b\u0107, co pozwala nam oferowa\u0107 wyr\u00f3\u017cniaj\u0105ce si\u0119 rozwi\u0105zania. Projekty na zam\u00f3wienie Projektujemy wyroby [&hellip;]<\/p>\n","protected":false},"author":1,"featured_media":7064,"parent":4264,"menu_order":0,"comment_status":"closed","ping_status":"closed","template":"","meta":{"_acf_changed":false,"footnotes":""},"class_list":["post-4259","page","type-page","status-publish","has-post-thumbnail","hentry"],"acf":[],"yoast_head":"<!-- This site is optimized with the Yoast SEO plugin v27.5 - https:\/\/yoast.com\/product\/yoast-seo-wordpress\/ -->\n<title>Biuro techniczne - STAC<\/title>\n<meta name=\"robots\" content=\"index, follow, max-snippet:-1, max-image-preview:large, max-video-preview:-1\" \/>\n<link rel=\"canonical\" href=\"https:\/\/www.stac.es\/pl\/czym-sie-zajmujemy\/biuro-techniczne\/\" \/>\n<meta property=\"og:locale\" content=\"pl_PL\" \/>\n<meta property=\"og:type\" content=\"article\" \/>\n<meta property=\"og:title\" content=\"Biuro techniczne - STAC\" \/>\n<meta property=\"og:description\" content=\"Biuro techniczne To wi\u0119cej ni\u017c biuro techniczne \u2013 to rozwi\u0105zania na zam\u00f3wienie dla Twojego systemu. Kompletne rozwi\u0105zania W STAC dysponujemy wszechstronnym biurem technicznym, znajduj\u0105cym rozwi\u0105zania, dzi\u0119ki kt\u00f3rym Twoje systemy zamykania b\u0119d\u0105 lepsze i bardziej wydajne. Traktujemy systemy zamykania drzwi i okien jako ca\u0142o\u015b\u0107, co pozwala nam oferowa\u0107 wyr\u00f3\u017cniaj\u0105ce si\u0119 rozwi\u0105zania. Projekty na zam\u00f3wienie Projektujemy wyroby [&hellip;]\" \/>\n<meta property=\"og:url\" content=\"https:\/\/www.stac.es\/pl\/czym-sie-zajmujemy\/biuro-techniczne\/\" \/>\n<meta property=\"og:site_name\" content=\"STAC\" \/>\n<meta property=\"article:modified_time\" content=\"2021-05-26T13:27:35+00:00\" \/>\n<meta property=\"og:image\" content=\"https:\/\/www.stac.es\/wp-content\/uploads\/2021\/05\/235x-4_DIV-OFITEC.jpg\" \/>\n\t<meta property=\"og:image:width\" content=\"235\" \/>\n\t<meta property=\"og:image:height\" content=\"235\" \/>\n\t<meta property=\"og:image:type\" content=\"image\/jpeg\" \/>\n<meta name=\"twitter:card\" content=\"summary_large_image\" \/>\n<meta name=\"twitter:label1\" content=\"Szacowany czas czytania\" \/>\n\t<meta name=\"twitter:data1\" content=\"3 minuty\" \/>\n<script type=\"application\/ld+json\" class=\"yoast-schema-graph\">{\"@context\":\"https:\\\/\\\/schema.org\",\"@graph\":[{\"@type\":\"WebPage\",\"@id\":\"https:\\\/\\\/www.stac.es\\\/pl\\\/czym-sie-zajmujemy\\\/biuro-techniczne\\\/\",\"url\":\"https:\\\/\\\/www.stac.es\\\/pl\\\/czym-sie-zajmujemy\\\/biuro-techniczne\\\/\",\"name\":\"Biuro techniczne - STAC\",\"isPartOf\":{\"@id\":\"https:\\\/\\\/www.stac.es\\\/pl\\\/#website\"},\"primaryImageOfPage\":{\"@id\":\"https:\\\/\\\/www.stac.es\\\/pl\\\/czym-sie-zajmujemy\\\/biuro-techniczne\\\/#primaryimage\"},\"image\":{\"@id\":\"https:\\\/\\\/www.stac.es\\\/pl\\\/czym-sie-zajmujemy\\\/biuro-techniczne\\\/#primaryimage\"},\"thumbnailUrl\":\"https:\\\/\\\/www.stac.es\\\/wp-content\\\/uploads\\\/2021\\\/05\\\/235x-4_DIV-OFITEC.jpg\",\"datePublished\":\"2021-01-14T14:54:28+00:00\",\"dateModified\":\"2021-05-26T13:27:35+00:00\",\"breadcrumb\":{\"@id\":\"https:\\\/\\\/www.stac.es\\\/pl\\\/czym-sie-zajmujemy\\\/biuro-techniczne\\\/#breadcrumb\"},\"inLanguage\":\"pl-PL\",\"potentialAction\":[{\"@type\":\"ReadAction\",\"target\":[\"https:\\\/\\\/www.stac.es\\\/pl\\\/czym-sie-zajmujemy\\\/biuro-techniczne\\\/\"]}]},{\"@type\":\"ImageObject\",\"inLanguage\":\"pl-PL\",\"@id\":\"https:\\\/\\\/www.stac.es\\\/pl\\\/czym-sie-zajmujemy\\\/biuro-techniczne\\\/#primaryimage\",\"url\":\"https:\\\/\\\/www.stac.es\\\/wp-content\\\/uploads\\\/2021\\\/05\\\/235x-4_DIV-OFITEC.jpg\",\"contentUrl\":\"https:\\\/\\\/www.stac.es\\\/wp-content\\\/uploads\\\/2021\\\/05\\\/235x-4_DIV-OFITEC.jpg\",\"width\":235,\"height\":235},{\"@type\":\"BreadcrumbList\",\"@id\":\"https:\\\/\\\/www.stac.es\\\/pl\\\/czym-sie-zajmujemy\\\/biuro-techniczne\\\/#breadcrumb\",\"itemListElement\":[{\"@type\":\"ListItem\",\"position\":1,\"name\":\"Portada\",\"item\":\"https:\\\/\\\/www.stac.es\\\/pl\\\/\"},{\"@type\":\"ListItem\",\"position\":2,\"name\":\"Czym si\u0119 zajmujemy?\",\"item\":\"https:\\\/\\\/www.stac.es\\\/pl\\\/czym-sie-zajmujemy\\\/\"},{\"@type\":\"ListItem\",\"position\":3,\"name\":\"Biuro techniczne\"}]},{\"@type\":\"WebSite\",\"@id\":\"https:\\\/\\\/www.stac.es\\\/pl\\\/#website\",\"url\":\"https:\\\/\\\/www.stac.es\\\/pl\\\/\",\"name\":\"STAC\",\"description\":\"Soluciones para sistemas de aluminio\",\"potentialAction\":[{\"@type\":\"SearchAction\",\"target\":{\"@type\":\"EntryPoint\",\"urlTemplate\":\"https:\\\/\\\/www.stac.es\\\/pl\\\/?s={search_term_string}\"},\"query-input\":{\"@type\":\"PropertyValueSpecification\",\"valueRequired\":true,\"valueName\":\"search_term_string\"}}],\"inLanguage\":\"pl-PL\"}]}<\/script>\n<!-- \/ Yoast SEO plugin. -->","yoast_head_json":{"title":"Biuro techniczne - STAC","robots":{"index":"index","follow":"follow","max-snippet":"max-snippet:-1","max-image-preview":"max-image-preview:large","max-video-preview":"max-video-preview:-1"},"canonical":"https:\/\/www.stac.es\/pl\/czym-sie-zajmujemy\/biuro-techniczne\/","og_locale":"pl_PL","og_type":"article","og_title":"Biuro techniczne - STAC","og_description":"Biuro techniczne To wi\u0119cej ni\u017c biuro techniczne \u2013 to rozwi\u0105zania na zam\u00f3wienie dla Twojego systemu. Kompletne rozwi\u0105zania W STAC dysponujemy wszechstronnym biurem technicznym, znajduj\u0105cym rozwi\u0105zania, dzi\u0119ki kt\u00f3rym Twoje systemy zamykania b\u0119d\u0105 lepsze i bardziej wydajne. Traktujemy systemy zamykania drzwi i okien jako ca\u0142o\u015b\u0107, co pozwala nam oferowa\u0107 wyr\u00f3\u017cniaj\u0105ce si\u0119 rozwi\u0105zania. Projekty na zam\u00f3wienie Projektujemy wyroby [&hellip;]","og_url":"https:\/\/www.stac.es\/pl\/czym-sie-zajmujemy\/biuro-techniczne\/","og_site_name":"STAC","article_modified_time":"2021-05-26T13:27:35+00:00","og_image":[{"width":235,"height":235,"url":"https:\/\/www.stac.es\/wp-content\/uploads\/2021\/05\/235x-4_DIV-OFITEC.jpg","type":"image\/jpeg"}],"twitter_card":"summary_large_image","twitter_misc":{"Szacowany czas czytania":"3 minuty"},"schema":{"@context":"https:\/\/schema.org","@graph":[{"@type":"WebPage","@id":"https:\/\/www.stac.es\/pl\/czym-sie-zajmujemy\/biuro-techniczne\/","url":"https:\/\/www.stac.es\/pl\/czym-sie-zajmujemy\/biuro-techniczne\/","name":"Biuro techniczne - STAC","isPartOf":{"@id":"https:\/\/www.stac.es\/pl\/#website"},"primaryImageOfPage":{"@id":"https:\/\/www.stac.es\/pl\/czym-sie-zajmujemy\/biuro-techniczne\/#primaryimage"},"image":{"@id":"https:\/\/www.stac.es\/pl\/czym-sie-zajmujemy\/biuro-techniczne\/#primaryimage"},"thumbnailUrl":"https:\/\/www.stac.es\/wp-content\/uploads\/2021\/05\/235x-4_DIV-OFITEC.jpg","datePublished":"2021-01-14T14:54:28+00:00","dateModified":"2021-05-26T13:27:35+00:00","breadcrumb":{"@id":"https:\/\/www.stac.es\/pl\/czym-sie-zajmujemy\/biuro-techniczne\/#breadcrumb"},"inLanguage":"pl-PL","potentialAction":[{"@type":"ReadAction","target":["https:\/\/www.stac.es\/pl\/czym-sie-zajmujemy\/biuro-techniczne\/"]}]},{"@type":"ImageObject","inLanguage":"pl-PL","@id":"https:\/\/www.stac.es\/pl\/czym-sie-zajmujemy\/biuro-techniczne\/#primaryimage","url":"https:\/\/www.stac.es\/wp-content\/uploads\/2021\/05\/235x-4_DIV-OFITEC.jpg","contentUrl":"https:\/\/www.stac.es\/wp-content\/uploads\/2021\/05\/235x-4_DIV-OFITEC.jpg","width":235,"height":235},{"@type":"BreadcrumbList","@id":"https:\/\/www.stac.es\/pl\/czym-sie-zajmujemy\/biuro-techniczne\/#breadcrumb","itemListElement":[{"@type":"ListItem","position":1,"name":"Portada","item":"https:\/\/www.stac.es\/pl\/"},{"@type":"ListItem","position":2,"name":"Czym si\u0119 zajmujemy?","item":"https:\/\/www.stac.es\/pl\/czym-sie-zajmujemy\/"},{"@type":"ListItem","position":3,"name":"Biuro techniczne"}]},{"@type":"WebSite","@id":"https:\/\/www.stac.es\/pl\/#website","url":"https:\/\/www.stac.es\/pl\/","name":"STAC","description":"Soluciones para sistemas de aluminio","potentialAction":[{"@type":"SearchAction","target":{"@type":"EntryPoint","urlTemplate":"https:\/\/www.stac.es\/pl\/?s={search_term_string}"},"query-input":{"@type":"PropertyValueSpecification","valueRequired":true,"valueName":"search_term_string"}}],"inLanguage":"pl-PL"}]}},"_links":{"self":[{"href":"https:\/\/www.stac.es\/pl\/wp-json\/wp\/v2\/pages\/4259","targetHints":{"allow":["GET"]}}],"collection":[{"href":"https:\/\/www.stac.es\/pl\/wp-json\/wp\/v2\/pages"}],"about":[{"href":"https:\/\/www.stac.es\/pl\/wp-json\/wp\/v2\/types\/page"}],"author":[{"embeddable":true,"href":"https:\/\/www.stac.es\/pl\/wp-json\/wp\/v2\/users\/1"}],"replies":[{"embeddable":true,"href":"https:\/\/www.stac.es\/pl\/wp-json\/wp\/v2\/comments?post=4259"}],"version-history":[{"count":5,"href":"https:\/\/www.stac.es\/pl\/wp-json\/wp\/v2\/pages\/4259\/revisions"}],"predecessor-version":[{"id":6627,"href":"https:\/\/www.stac.es\/pl\/wp-json\/wp\/v2\/pages\/4259\/revisions\/6627"}],"up":[{"embeddable":true,"href":"https:\/\/www.stac.es\/pl\/wp-json\/wp\/v2\/pages\/4264"}],"wp:featuredmedia":[{"embeddable":true,"href":"https:\/\/www.stac.es\/pl\/wp-json\/wp\/v2\/media\/7064"}],"wp:attachment":[{"href":"https:\/\/www.stac.es\/pl\/wp-json\/wp\/v2\/media?parent=4259"}],"curies":[{"name":"wp","href":"https:\/\/api.w.org\/{rel}","templated":true}]}}