{"id":5691,"date":"2021-05-17T06:37:20","date_gmt":"2021-05-17T06:37:20","guid":{"rendered":"https:\/\/www.stac.es\/?page_id=5691"},"modified":"2026-01-21T15:39:39","modified_gmt":"2026-01-21T15:39:39","slug":"noi","status":"publish","type":"page","link":"https:\/\/www.stac.es\/it\/noi\/","title":{"rendered":"Noi"},"content":{"rendered":"\n<figure class=\"wp-block-video\"><video autoplay loop muted poster=\"https:\/\/www.stac.es\/wp-content\/uploads\/2022\/04\/INTRO.jpg\" src=\"\/wp-content\/uploads\/2021\/05\/yt1s.com-EN-INTRO-STAC-BRAND_1080p.mp4\" playsinline><\/video><\/figure>\n\n\n\n<div class=\"wp-block-group wrapper doble-separador-superior\"><div class=\"wp-block-group__inner-container is-layout-flow wp-block-group-is-layout-flow\">\n<h1 class=\"wp-block-heading has-text-align-center\">Chi siamo<\/h1>\n\n\n\n<p class=\"has-text-align-center\">Pi\u00f9 che un\u2019azienda, siamo avanguardia, creativit\u00e0 e responsabilit\u00e0.<\/p>\n<\/div><\/div>\n\n\n\n<div class=\"wp-block-group html wrapper doble-separador-superior\"><div class=\"wp-block-group__inner-container is-layout-flow wp-block-group-is-layout-flow\">\n<div class=\"wp-block-media-text alignwide is-stacked-on-mobile\"><figure class=\"wp-block-media-text__media\"><img loading=\"lazy\" decoding=\"async\" width=\"1000\" height=\"651\" src=\"https:\/\/www.stac.es\/wp-content\/uploads\/2025\/05\/stac-padron-2025-4.jpg\" alt=\"\" class=\"wp-image-74790 size-full\" srcset=\"https:\/\/www.stac.es\/wp-content\/uploads\/2025\/05\/stac-padron-2025-4.jpg 1000w, https:\/\/www.stac.es\/wp-content\/uploads\/2025\/05\/stac-padron-2025-4-300x195.jpg 300w, https:\/\/www.stac.es\/wp-content\/uploads\/2025\/05\/stac-padron-2025-4-768x500.jpg 768w\" sizes=\"auto, (max-width: 1000px) 100vw, 1000px\" \/><\/figure><div class=\"wp-block-media-text__content\">\n<h2 class=\"wp-block-heading\">Progettiamo e fabbrichiamo tutti i nostri prodotti<\/h2>\n\n\n\n<p>Nei nostri centri di produzione di Padr\u00f3n e Catoira, con oltre <strong>72.000 m\u00b2<\/strong>, progettiamo e realizziamo tutti i nostri prodotti di:<\/p>\n\n\n\n<ul class=\"wp-block-list\">\n<li>Ferramenta e accessori.<\/li>\n\n\n\n<li>Profili isolanti in poliammide e PVC.<\/li>\n\n\n\n<li>Tenute di guarnizione di EPDM e tutti i tipi di termoplastiche.<\/li>\n\n\n\n<li>Verniciamo tutti i nostri prodotti.<\/li>\n\n\n\n<li>Disponiamo di un proprio reparto di matrici e macchinari.<\/li>\n<\/ul>\n<\/div><\/div>\n<\/div><\/div>\n\n\n\n<div class=\"wp-block-group html wrapper doble-separador-superior doble-separador-inferior\"><div class=\"wp-block-group__inner-container is-layout-flow wp-block-group-is-layout-flow\">\n<div class=\"wp-block-media-text alignwide has-media-on-the-right is-stacked-on-mobile\"><div class=\"wp-block-media-text__content\">\n<h2 class=\"wp-block-heading\">Come abbiamo iniziato<\/h2>\n\n\n\n<p>La carriera di STAC comincia nel lontano 2001 con la progettazione e la fabbricazione delle nostre prime <strong>guarnizioni di tenuta<\/strong>.<\/p>\n\n\n\n<p>Oggi, dopo oltre 25 anni, abbiamo progettato e fabbricato pi\u00f9 di 4.000 guarnizioni che ci hanno messo alla prova e ci hanno fatto crescere insieme ai nostri clienti.<\/p>\n<\/div><figure class=\"wp-block-media-text__media\"><img loading=\"lazy\" decoding=\"async\" width=\"1024\" height=\"683\" src=\"https:\/\/www.stac.es\/wp-content\/uploads\/2021\/04\/linea-juntas-estanqueidad-1024x683.jpg\" alt=\"\" class=\"wp-image-1401 size-full\" srcset=\"https:\/\/www.stac.es\/wp-content\/uploads\/2021\/04\/linea-juntas-estanqueidad-1024x683.jpg 1024w, https:\/\/www.stac.es\/wp-content\/uploads\/2021\/04\/linea-juntas-estanqueidad-300x200.jpg 300w, https:\/\/www.stac.es\/wp-content\/uploads\/2021\/04\/linea-juntas-estanqueidad-768x512.jpg 768w, https:\/\/www.stac.es\/wp-content\/uploads\/2021\/04\/linea-juntas-estanqueidad.jpg 1188w\" sizes=\"auto, (max-width: 1024px) 100vw, 1024px\" \/><\/figure><\/div>\n\n\n\n<div style=\"height:50px\" aria-hidden=\"true\" class=\"wp-block-spacer\"><\/div>\n\n\n\n<div class=\"wp-block-media-text alignwide is-stacked-on-mobile html\"><figure class=\"wp-block-media-text__media\"><img loading=\"lazy\" decoding=\"async\" width=\"1024\" height=\"1024\" src=\"https:\/\/www.stac.es\/wp-content\/uploads\/2021\/04\/molde-herraje-1024x1024.jpg\" alt=\"\" class=\"wp-image-1395 size-full\" srcset=\"https:\/\/www.stac.es\/wp-content\/uploads\/2021\/04\/molde-herraje-1024x1024.jpg 1024w, https:\/\/www.stac.es\/wp-content\/uploads\/2021\/04\/molde-herraje-300x300.jpg 300w, https:\/\/www.stac.es\/wp-content\/uploads\/2021\/04\/molde-herraje-400x400.jpg 400w, https:\/\/www.stac.es\/wp-content\/uploads\/2021\/04\/molde-herraje-768x768.jpg 768w, https:\/\/www.stac.es\/wp-content\/uploads\/2021\/04\/molde-herraje.jpg 1294w\" sizes=\"auto, (max-width: 1024px) 100vw, 1024px\" \/><\/figure><div class=\"wp-block-media-text__content\">\n<h2 class=\"wp-block-heading\">Come siamo diventati fornitori globali per sistemisti<\/h2>\n\n\n\n<p>Nel 2002 abbiamo cominciato a progettare e a fabbricare <strong>ferramenta <\/strong>per sistemi in alluminio e successivamente anche in PVC. Oggi disponiamo di oltre <strong>15.000 riferimenti<\/strong> in magazzino.<\/p>\n\n\n\n<p>Per\u00f2 non siamo rimasti l\u00ec, nel 2007 abbiamo aperto il nostro stabilimento di produzione di <strong>profili isolanti<\/strong> in poliammide, aggiungendo il PVC nel 2011.<\/p>\n\n\n\n<p>Siamo uno dei pochi produttori con certificazione ATG e dai profili tubolari con cavit\u00e0 interne calibrate.<\/p>\n\n\n\n<p>Riunendo queste tre gamme di prodotto, siamo diventati la prima azienda capace di essere un <strong>fornitore completo per qualsiasi sistemista<\/strong>.<\/p>\n\n\n\n<p>Infine nel 2013 abbiamo lanciato la nostra linea di matrici e macchinari per poter offrirti, oltre a progettare e a fabbricare il nostro prodotto, tempistiche di consegna pi\u00f9 strette.<\/p>\n<\/div><\/div>\n<\/div><\/div>\n\n\n\n<div class=\"wp-block-group html wrapper doble-separador-superior doble-separador-inferior\"><div class=\"wp-block-group__inner-container is-layout-flow wp-block-group-is-layout-flow\">\n<div class=\"wp-block-media-text alignwide has-media-on-the-right is-stacked-on-mobile\"><div class=\"wp-block-media-text__content\">\n<h2 class=\"wp-block-heading\">L\u2019internazionalizzazione \u00e8 nel nostro DNA<\/h2>\n\n\n\n<p>La nostra sede si trova a Padr\u00f3n, per\u00f2 abbiamo sempre avuto la vocazione di oltrepassare i nostri confini.<\/p>\n\n\n\n<p>Disponiamo di 5 unit\u00e0 produttive complessive, tre delle quali localizzate fuori dalla Spagna: <strong>Marocco<\/strong>, <strong>Polonia<\/strong> e <strong>Turchia<\/strong>.<\/p>\n\n\n\n<p>Ad oggi, i nostri prodotti offrono soluzioni in <strong>pi\u00f9 di 70 paesi.<\/strong><\/p>\n<\/div><figure class=\"wp-block-media-text__media\"><img loading=\"lazy\" decoding=\"async\" width=\"1000\" height=\"587\" src=\"https:\/\/www.stac.es\/wp-content\/uploads\/2021\/03\/EXPORT-OFFICE-e.jpg\" alt=\"\" class=\"wp-image-849 size-full\" srcset=\"https:\/\/www.stac.es\/wp-content\/uploads\/2021\/03\/EXPORT-OFFICE-e.jpg 1000w, https:\/\/www.stac.es\/wp-content\/uploads\/2021\/03\/EXPORT-OFFICE-e-300x176.jpg 300w, https:\/\/www.stac.es\/wp-content\/uploads\/2021\/03\/EXPORT-OFFICE-e-768x451.jpg 768w\" sizes=\"auto, (max-width: 1000px) 100vw, 1000px\" \/><\/figure><\/div>\n<\/div><\/div>\n","protected":false},"excerpt":{"rendered":"<p>Chi siamo Pi\u00f9 che un\u2019azienda, siamo avanguardia, creativit\u00e0 e responsabilit\u00e0. Progettiamo e fabbrichiamo tutti i nostri prodotti Nei nostri centri di produzione di Padr\u00f3n e Catoira, con oltre 72.000 m\u00b2, progettiamo e realizziamo tutti i nostri prodotti di: Come abbiamo iniziato La carriera di STAC comincia nel lontano 2001 con la progettazione e la fabbricazione [&hellip;]<\/p>\n","protected":false},"author":1,"featured_media":0,"parent":0,"menu_order":0,"comment_status":"closed","ping_status":"closed","template":"","meta":{"_acf_changed":false,"footnotes":""},"class_list":["post-5691","page","type-page","status-publish","hentry"],"acf":[],"yoast_head":"<!-- This site is optimized with the Yoast SEO plugin v27.5 - https:\/\/yoast.com\/product\/yoast-seo-wordpress\/ -->\n<title>Noi - STAC<\/title>\n<meta name=\"robots\" content=\"index, follow, max-snippet:-1, max-image-preview:large, max-video-preview:-1\" \/>\n<link rel=\"canonical\" href=\"https:\/\/www.stac.es\/it\/noi\/\" \/>\n<meta property=\"og:locale\" content=\"it_IT\" \/>\n<meta property=\"og:type\" content=\"article\" \/>\n<meta property=\"og:title\" content=\"Noi - STAC\" \/>\n<meta property=\"og:description\" content=\"Chi siamo Pi\u00f9 che un\u2019azienda, siamo avanguardia, creativit\u00e0 e responsabilit\u00e0. Progettiamo e fabbrichiamo tutti i nostri prodotti Nei nostri centri di produzione di Padr\u00f3n e Catoira, con oltre 72.000 m\u00b2, progettiamo e realizziamo tutti i nostri prodotti di: Come abbiamo iniziato La carriera di STAC comincia nel lontano 2001 con la progettazione e la fabbricazione [&hellip;]\" \/>\n<meta property=\"og:url\" content=\"https:\/\/www.stac.es\/it\/noi\/\" \/>\n<meta property=\"og:site_name\" content=\"STAC\" \/>\n<meta property=\"article:modified_time\" content=\"2026-01-21T15:39:39+00:00\" \/>\n<meta property=\"og:image\" content=\"https:\/\/www.stac.es\/wp-content\/uploads\/2025\/05\/stac-padron-2025-4.jpg\" \/>\n\t<meta property=\"og:image:width\" content=\"1000\" \/>\n\t<meta property=\"og:image:height\" content=\"651\" \/>\n\t<meta property=\"og:image:type\" content=\"image\/jpeg\" \/>\n<meta name=\"twitter:card\" content=\"summary_large_image\" \/>\n<meta name=\"twitter:label1\" content=\"Tempo di lettura stimato\" \/>\n\t<meta name=\"twitter:data1\" content=\"3 minuti\" \/>\n<script type=\"application\/ld+json\" class=\"yoast-schema-graph\">{\"@context\":\"https:\\\/\\\/schema.org\",\"@graph\":[{\"@type\":\"WebPage\",\"@id\":\"https:\\\/\\\/www.stac.es\\\/it\\\/noi\\\/\",\"url\":\"https:\\\/\\\/www.stac.es\\\/it\\\/noi\\\/\",\"name\":\"Noi - STAC\",\"isPartOf\":{\"@id\":\"https:\\\/\\\/www.stac.es\\\/it\\\/#website\"},\"primaryImageOfPage\":{\"@id\":\"https:\\\/\\\/www.stac.es\\\/it\\\/noi\\\/#primaryimage\"},\"image\":{\"@id\":\"https:\\\/\\\/www.stac.es\\\/it\\\/noi\\\/#primaryimage\"},\"thumbnailUrl\":\"https:\\\/\\\/www.stac.es\\\/wp-content\\\/uploads\\\/2025\\\/05\\\/stac-padron-2025-4.jpg\",\"datePublished\":\"2021-05-17T06:37:20+00:00\",\"dateModified\":\"2026-01-21T15:39:39+00:00\",\"breadcrumb\":{\"@id\":\"https:\\\/\\\/www.stac.es\\\/it\\\/noi\\\/#breadcrumb\"},\"inLanguage\":\"it-IT\",\"potentialAction\":[{\"@type\":\"ReadAction\",\"target\":[\"https:\\\/\\\/www.stac.es\\\/it\\\/noi\\\/\"]}]},{\"@type\":\"ImageObject\",\"inLanguage\":\"it-IT\",\"@id\":\"https:\\\/\\\/www.stac.es\\\/it\\\/noi\\\/#primaryimage\",\"url\":\"https:\\\/\\\/www.stac.es\\\/wp-content\\\/uploads\\\/2025\\\/05\\\/stac-padron-2025-4.jpg\",\"contentUrl\":\"https:\\\/\\\/www.stac.es\\\/wp-content\\\/uploads\\\/2025\\\/05\\\/stac-padron-2025-4.jpg\"},{\"@type\":\"BreadcrumbList\",\"@id\":\"https:\\\/\\\/www.stac.es\\\/it\\\/noi\\\/#breadcrumb\",\"itemListElement\":[{\"@type\":\"ListItem\",\"position\":1,\"name\":\"Portada\",\"item\":\"https:\\\/\\\/www.stac.es\\\/it\\\/\"},{\"@type\":\"ListItem\",\"position\":2,\"name\":\"Noi\"}]},{\"@type\":\"WebSite\",\"@id\":\"https:\\\/\\\/www.stac.es\\\/it\\\/#website\",\"url\":\"https:\\\/\\\/www.stac.es\\\/it\\\/\",\"name\":\"STAC\",\"description\":\"Soluciones para sistemas de aluminio\",\"potentialAction\":[{\"@type\":\"SearchAction\",\"target\":{\"@type\":\"EntryPoint\",\"urlTemplate\":\"https:\\\/\\\/www.stac.es\\\/it\\\/?s={search_term_string}\"},\"query-input\":{\"@type\":\"PropertyValueSpecification\",\"valueRequired\":true,\"valueName\":\"search_term_string\"}}],\"inLanguage\":\"it-IT\"}]}<\/script>\n<!-- \/ Yoast SEO plugin. -->","yoast_head_json":{"title":"Noi - STAC","robots":{"index":"index","follow":"follow","max-snippet":"max-snippet:-1","max-image-preview":"max-image-preview:large","max-video-preview":"max-video-preview:-1"},"canonical":"https:\/\/www.stac.es\/it\/noi\/","og_locale":"it_IT","og_type":"article","og_title":"Noi - STAC","og_description":"Chi siamo Pi\u00f9 che un\u2019azienda, siamo avanguardia, creativit\u00e0 e responsabilit\u00e0. Progettiamo e fabbrichiamo tutti i nostri prodotti Nei nostri centri di produzione di Padr\u00f3n e Catoira, con oltre 72.000 m\u00b2, progettiamo e realizziamo tutti i nostri prodotti di: Come abbiamo iniziato La carriera di STAC comincia nel lontano 2001 con la progettazione e la fabbricazione [&hellip;]","og_url":"https:\/\/www.stac.es\/it\/noi\/","og_site_name":"STAC","article_modified_time":"2026-01-21T15:39:39+00:00","og_image":[{"width":1000,"height":651,"url":"https:\/\/www.stac.es\/wp-content\/uploads\/2025\/05\/stac-padron-2025-4.jpg","type":"image\/jpeg"}],"twitter_card":"summary_large_image","twitter_misc":{"Tempo di lettura stimato":"3 minuti"},"schema":{"@context":"https:\/\/schema.org","@graph":[{"@type":"WebPage","@id":"https:\/\/www.stac.es\/it\/noi\/","url":"https:\/\/www.stac.es\/it\/noi\/","name":"Noi - STAC","isPartOf":{"@id":"https:\/\/www.stac.es\/it\/#website"},"primaryImageOfPage":{"@id":"https:\/\/www.stac.es\/it\/noi\/#primaryimage"},"image":{"@id":"https:\/\/www.stac.es\/it\/noi\/#primaryimage"},"thumbnailUrl":"https:\/\/www.stac.es\/wp-content\/uploads\/2025\/05\/stac-padron-2025-4.jpg","datePublished":"2021-05-17T06:37:20+00:00","dateModified":"2026-01-21T15:39:39+00:00","breadcrumb":{"@id":"https:\/\/www.stac.es\/it\/noi\/#breadcrumb"},"inLanguage":"it-IT","potentialAction":[{"@type":"ReadAction","target":["https:\/\/www.stac.es\/it\/noi\/"]}]},{"@type":"ImageObject","inLanguage":"it-IT","@id":"https:\/\/www.stac.es\/it\/noi\/#primaryimage","url":"https:\/\/www.stac.es\/wp-content\/uploads\/2025\/05\/stac-padron-2025-4.jpg","contentUrl":"https:\/\/www.stac.es\/wp-content\/uploads\/2025\/05\/stac-padron-2025-4.jpg"},{"@type":"BreadcrumbList","@id":"https:\/\/www.stac.es\/it\/noi\/#breadcrumb","itemListElement":[{"@type":"ListItem","position":1,"name":"Portada","item":"https:\/\/www.stac.es\/it\/"},{"@type":"ListItem","position":2,"name":"Noi"}]},{"@type":"WebSite","@id":"https:\/\/www.stac.es\/it\/#website","url":"https:\/\/www.stac.es\/it\/","name":"STAC","description":"Soluciones para sistemas de aluminio","potentialAction":[{"@type":"SearchAction","target":{"@type":"EntryPoint","urlTemplate":"https:\/\/www.stac.es\/it\/?s={search_term_string}"},"query-input":{"@type":"PropertyValueSpecification","valueRequired":true,"valueName":"search_term_string"}}],"inLanguage":"it-IT"}]}},"_links":{"self":[{"href":"https:\/\/www.stac.es\/it\/wp-json\/wp\/v2\/pages\/5691","targetHints":{"allow":["GET"]}}],"collection":[{"href":"https:\/\/www.stac.es\/it\/wp-json\/wp\/v2\/pages"}],"about":[{"href":"https:\/\/www.stac.es\/it\/wp-json\/wp\/v2\/types\/page"}],"author":[{"embeddable":true,"href":"https:\/\/www.stac.es\/it\/wp-json\/wp\/v2\/users\/1"}],"replies":[{"embeddable":true,"href":"https:\/\/www.stac.es\/it\/wp-json\/wp\/v2\/comments?post=5691"}],"version-history":[{"count":10,"href":"https:\/\/www.stac.es\/it\/wp-json\/wp\/v2\/pages\/5691\/revisions"}],"predecessor-version":[{"id":83569,"href":"https:\/\/www.stac.es\/it\/wp-json\/wp\/v2\/pages\/5691\/revisions\/83569"}],"wp:attachment":[{"href":"https:\/\/www.stac.es\/it\/wp-json\/wp\/v2\/media?parent=5691"}],"curies":[{"name":"wp","href":"https:\/\/api.w.org\/{rel}","templated":true}]}}