{"id":5673,"date":"2021-05-14T12:45:06","date_gmt":"2021-05-14T12:45:06","guid":{"rendered":"https:\/\/www.stac.es\/?page_id=5673"},"modified":"2021-05-21T09:43:22","modified_gmt":"2021-05-21T09:43:22","slug":"politiche-in-materia-di-cookie","status":"publish","type":"page","link":"https:\/\/www.stac.es\/it\/politiche-in-materia-di-cookie\/","title":{"rendered":"Politiche in materia di cookie"},"content":{"rendered":"\n<p>Un cookie \u00e8 un piccolo file che viene memorizzato quando si visita una pagina nel browser del proprio computer o dispositivo mobile e che consente di memorizzare e recuperare determinate informazioni sulla navigazione o di riconoscere l\u2019utente per facilitare l\u2019accesso a certi servizi. Alcuni sono tecnicamente indispensabili come quelli che si utilizzano per evitare di inserire il proprio nome utente o password ad ogni passaggio nel caso di un acquisto o per accedere alla propria email. Si chiamano \u201ccookie tecnici\u201d e sono utilizzati mentre sei in rete. Se sono disabilitati \u00e8 probabile che non possa accedere correttamente a tutti i contenuti e ai servizi di questo sito web o che la propria navigazione sia un po\u2019 pi\u00f9 scomoda se accedi a uno spazio in cui sia necessario riconoscere l\u2019utente. Altri sono quelli denominati \u201ccookie analitici\u201d che possono consentire la raccolta di statistiche sulla tua navigazione, consentendo di conoscere i tuoi interessi al fine di offrirti un servizio pi\u00f9 orientato alle tue preferenze ed esigenze. Disabilitare questi cookie non pregiudica la funzionalit\u00e0 della pagina, ma potresti non ricevere contenuti commerciali o pubblicitari specificatamente orientati verso di te. In questa pagina non si fa uso dei cosiddetti \u201ccookie analitici\u201d, n\u00e9 propri, n\u00e9 di terzi.<\/p>\n\n\n\n<h2 class=\"wp-block-heading\">Quali cookie sono utilizzati in Stac, S.L.?<\/h2>\n\n\n\n<h4 class=\"wp-block-heading\">PROPRI:<\/h4>\n\n\n\n<ul class=\"wp-block-list\"><li>Tecnici:<ul><li>PHPSESSID: cookie indispensabile di sessione, impiegato per configurare le variabili delle sessioni automatiche e temporali, relative alla programmazione utilizzata nella pagina. Anche per riconoscerti si accede a un\u2019area privata per accedere alle informazioni personali, a un\u2019area amministrativa o effettui l\u2019accesso per effettuare un acquisto o servizi che richiedono l\u2019autenticazione dell\u2019utente.<\/li><li>cc_cookie_accept, cc_cookie_decline: cookie permanenti per ricordare se l\u2019utente autorizza o meno l\u2019uso dei cookie sul web.<\/li><\/ul><\/li><li>Analitici:<ul><li>In questa pagina NON si usano cookie propri di carattere analitico.<\/li><\/ul><\/li><\/ul>\n\n\n\n<h4 class=\"wp-block-heading\">DI TERZI:<\/h4>\n\n\n\n<ul class=\"wp-block-list\"><li>Tecnici:<ul><li>NID, PREF, khcookie: Di sessione e di propriet\u00e0 di Google. Sono i cookie che ci consentono di inserire una mappa di Google Maps per mostrarne i contenuti. Questi cookie appartengono al relativo fornitore e pertanto sono regolati dalle rispettive politiche in materia di cookie.<\/li><\/ul><\/li><li>Analitici:<ul><li>__utma, __utmb, __utmc, y __utmz: Persistenti e di propriet\u00e0 di Google. Sono i cookie di Google Analytics, che ci consentono di sapere quanti visitatori abbiamo, come sono arrivati fino a Stac, S.L., se utilizzano un cellulare o un computer, la fonte del traffico, distinguere nuove visite e ritorni, ecc. Se lo desideri sono disponibili strumenti per il tuo browser, in modo che Google Analytics non possa raccogliere le tue informazioni: https:\/\/tools.google.com\/dlpage\/gaoptout?hl=None<\/li><li>Questo sito web NON UTILIZZA nessun tipo di cookie analitico per scopi pubblicitari o commerciali.<\/li><\/ul><\/li><\/ul>\n\n\n\n<p>Se nella pagina \u00e8 visualizzata qualsiasi pubblicit\u00e0 o comunicazione commerciale, essa \u00e8 fissa, a rotazione o casuale con gli stessi criteri per tutti i visitatori indipendentemente dalla loro identificazione o navigazione personale. IN NESSUN CASO, SARANNO RACCOLTI DATI PERSONALI, N\u00c9 FORNITI A TERZI OVVIAMENTE.<\/p>\n\n\n\n<h2 class=\"wp-block-heading\">Come posso disabilitare o configurare i cookie dal mio browser?<\/h2>\n\n\n\n<p>Ricordati che in alcuni casi se sono disabilitati, la navigazione di molti siti potrebbe essere ostacolata, in cose come la gestione dei contenuti, il controllo della posta elettronica o per effettuare un acquisto online. Questo processo \u00e8 diverso a seconda del browser utilizzato sul proprio computer o dispositivo mobile, per\u00f2 la maggior parte dispone di strumenti che consentono di eliminare automaticamente, se desiderato, i cookie durante la chiusura dell\u2019applicazione o di disabilitarli permanentemente. Per questo, per una maggiore comodit\u00e0 ti forniamo di seguito alcuni link nei quali potrai imparare a configurare i browser pi\u00f9 frequenti: <\/p>\n\n\n\n<p>Explorer &#8211;\u00a0<a href=\"https:\/\/support.microsoft.com\/es-es\/windows\/eliminar-y-administrar-cookies-168dab11-0753-043d-7c16-ede5947fc64d\">https:\/\/support.microsoft.com\/it-it\/windows\/eliminare-e-gestire-i-cookie-168dab11-0753-043d-7c16-ede5947fc64d<\/a><\/p>\n\n\n\n<p>Firefox &#8211; <a href=\"https:\/\/support.mozilla.org\/it\/kb\/Gestione%20dei%20cookie\">https:\/\/support.mozilla.org\/it\/kb\/Gestione%20dei%20cookie<\/a><\/p>\n\n\n\n<p>Safari &#8211;\u00a0<a href=\"http:\/\/support.apple.com\/kb\/ph5042\">https:\/\/support.apple.com\/it-it\/guide\/safari\/sfri11471\/mac<\/a><\/p>\n\n\n\n<p>Chrome &#8211;\u00a0<a href=\"https:\/\/support.google.com\/chrome\/answer\/95647?hl=es\" target=\"_blank\" rel=\"noreferrer noopener\">https:\/\/support.google.com\/chrome\/answer\/95647?hl=it<\/a><\/p>\n\n\n\n<p>Opera \u2013\u00a0<a href=\"http:\/\/www.opera.com\/helpsearch\/?start=1&amp;end=10&amp;words=cookies\" target=\"_blank\" rel=\"noreferrer noopener\">https:\/\/help.opera.com\/en\/latest\/web-preferences\/#cookies<\/a><\/p>\n","protected":false},"excerpt":{"rendered":"<p>Un cookie \u00e8 un piccolo file che viene memorizzato quando si visita una pagina nel browser del proprio computer o dispositivo mobile e che consente di memorizzare e recuperare determinate informazioni sulla navigazione o di riconoscere l\u2019utente per facilitare l\u2019accesso a certi servizi. Alcuni sono tecnicamente indispensabili come quelli che si utilizzano per evitare di [&hellip;]<\/p>\n","protected":false},"author":1,"featured_media":0,"parent":0,"menu_order":0,"comment_status":"closed","ping_status":"closed","template":"template-texto.php","meta":{"_acf_changed":false,"footnotes":""},"class_list":["post-5673","page","type-page","status-publish","hentry"],"acf":[],"yoast_head":"<!-- This site is optimized with the Yoast SEO plugin v27.5 - https:\/\/yoast.com\/product\/yoast-seo-wordpress\/ -->\n<title>Politiche in materia di cookie - STAC<\/title>\n<meta name=\"robots\" content=\"index, follow, max-snippet:-1, max-image-preview:large, max-video-preview:-1\" \/>\n<link rel=\"canonical\" href=\"https:\/\/www.stac.es\/it\/politiche-in-materia-di-cookie\/\" \/>\n<meta property=\"og:locale\" content=\"it_IT\" \/>\n<meta property=\"og:type\" content=\"article\" \/>\n<meta property=\"og:title\" content=\"Politiche in materia di cookie - STAC\" \/>\n<meta property=\"og:description\" content=\"Un cookie \u00e8 un piccolo file che viene memorizzato quando si visita una pagina nel browser del proprio computer o dispositivo mobile e che consente di memorizzare e recuperare determinate informazioni sulla navigazione o di riconoscere l\u2019utente per facilitare l\u2019accesso a certi servizi. Alcuni sono tecnicamente indispensabili come quelli che si utilizzano per evitare di [&hellip;]\" \/>\n<meta property=\"og:url\" content=\"https:\/\/www.stac.es\/it\/politiche-in-materia-di-cookie\/\" \/>\n<meta property=\"og:site_name\" content=\"STAC\" \/>\n<meta property=\"article:modified_time\" content=\"2021-05-21T09:43:22+00:00\" \/>\n<meta name=\"twitter:card\" content=\"summary_large_image\" \/>\n<meta name=\"twitter:label1\" content=\"Tempo di lettura stimato\" \/>\n\t<meta name=\"twitter:data1\" content=\"3 minuti\" \/>\n<script type=\"application\/ld+json\" class=\"yoast-schema-graph\">{\"@context\":\"https:\\\/\\\/schema.org\",\"@graph\":[{\"@type\":\"WebPage\",\"@id\":\"https:\\\/\\\/www.stac.es\\\/it\\\/politiche-in-materia-di-cookie\\\/\",\"url\":\"https:\\\/\\\/www.stac.es\\\/it\\\/politiche-in-materia-di-cookie\\\/\",\"name\":\"Politiche in materia di cookie - STAC\",\"isPartOf\":{\"@id\":\"https:\\\/\\\/www.stac.es\\\/it\\\/#website\"},\"datePublished\":\"2021-05-14T12:45:06+00:00\",\"dateModified\":\"2021-05-21T09:43:22+00:00\",\"breadcrumb\":{\"@id\":\"https:\\\/\\\/www.stac.es\\\/it\\\/politiche-in-materia-di-cookie\\\/#breadcrumb\"},\"inLanguage\":\"it-IT\",\"potentialAction\":[{\"@type\":\"ReadAction\",\"target\":[\"https:\\\/\\\/www.stac.es\\\/it\\\/politiche-in-materia-di-cookie\\\/\"]}]},{\"@type\":\"BreadcrumbList\",\"@id\":\"https:\\\/\\\/www.stac.es\\\/it\\\/politiche-in-materia-di-cookie\\\/#breadcrumb\",\"itemListElement\":[{\"@type\":\"ListItem\",\"position\":1,\"name\":\"Portada\",\"item\":\"https:\\\/\\\/www.stac.es\\\/it\\\/\"},{\"@type\":\"ListItem\",\"position\":2,\"name\":\"Politiche in materia di cookie\"}]},{\"@type\":\"WebSite\",\"@id\":\"https:\\\/\\\/www.stac.es\\\/it\\\/#website\",\"url\":\"https:\\\/\\\/www.stac.es\\\/it\\\/\",\"name\":\"STAC\",\"description\":\"Soluciones para sistemas de aluminio\",\"potentialAction\":[{\"@type\":\"SearchAction\",\"target\":{\"@type\":\"EntryPoint\",\"urlTemplate\":\"https:\\\/\\\/www.stac.es\\\/it\\\/?s={search_term_string}\"},\"query-input\":{\"@type\":\"PropertyValueSpecification\",\"valueRequired\":true,\"valueName\":\"search_term_string\"}}],\"inLanguage\":\"it-IT\"}]}<\/script>\n<!-- \/ Yoast SEO plugin. -->","yoast_head_json":{"title":"Politiche in materia di cookie - STAC","robots":{"index":"index","follow":"follow","max-snippet":"max-snippet:-1","max-image-preview":"max-image-preview:large","max-video-preview":"max-video-preview:-1"},"canonical":"https:\/\/www.stac.es\/it\/politiche-in-materia-di-cookie\/","og_locale":"it_IT","og_type":"article","og_title":"Politiche in materia di cookie - STAC","og_description":"Un cookie \u00e8 un piccolo file che viene memorizzato quando si visita una pagina nel browser del proprio computer o dispositivo mobile e che consente di memorizzare e recuperare determinate informazioni sulla navigazione o di riconoscere l\u2019utente per facilitare l\u2019accesso a certi servizi. Alcuni sono tecnicamente indispensabili come quelli che si utilizzano per evitare di [&hellip;]","og_url":"https:\/\/www.stac.es\/it\/politiche-in-materia-di-cookie\/","og_site_name":"STAC","article_modified_time":"2021-05-21T09:43:22+00:00","twitter_card":"summary_large_image","twitter_misc":{"Tempo di lettura stimato":"3 minuti"},"schema":{"@context":"https:\/\/schema.org","@graph":[{"@type":"WebPage","@id":"https:\/\/www.stac.es\/it\/politiche-in-materia-di-cookie\/","url":"https:\/\/www.stac.es\/it\/politiche-in-materia-di-cookie\/","name":"Politiche in materia di cookie - STAC","isPartOf":{"@id":"https:\/\/www.stac.es\/it\/#website"},"datePublished":"2021-05-14T12:45:06+00:00","dateModified":"2021-05-21T09:43:22+00:00","breadcrumb":{"@id":"https:\/\/www.stac.es\/it\/politiche-in-materia-di-cookie\/#breadcrumb"},"inLanguage":"it-IT","potentialAction":[{"@type":"ReadAction","target":["https:\/\/www.stac.es\/it\/politiche-in-materia-di-cookie\/"]}]},{"@type":"BreadcrumbList","@id":"https:\/\/www.stac.es\/it\/politiche-in-materia-di-cookie\/#breadcrumb","itemListElement":[{"@type":"ListItem","position":1,"name":"Portada","item":"https:\/\/www.stac.es\/it\/"},{"@type":"ListItem","position":2,"name":"Politiche in materia di cookie"}]},{"@type":"WebSite","@id":"https:\/\/www.stac.es\/it\/#website","url":"https:\/\/www.stac.es\/it\/","name":"STAC","description":"Soluciones para sistemas de aluminio","potentialAction":[{"@type":"SearchAction","target":{"@type":"EntryPoint","urlTemplate":"https:\/\/www.stac.es\/it\/?s={search_term_string}"},"query-input":{"@type":"PropertyValueSpecification","valueRequired":true,"valueName":"search_term_string"}}],"inLanguage":"it-IT"}]}},"_links":{"self":[{"href":"https:\/\/www.stac.es\/it\/wp-json\/wp\/v2\/pages\/5673","targetHints":{"allow":["GET"]}}],"collection":[{"href":"https:\/\/www.stac.es\/it\/wp-json\/wp\/v2\/pages"}],"about":[{"href":"https:\/\/www.stac.es\/it\/wp-json\/wp\/v2\/types\/page"}],"author":[{"embeddable":true,"href":"https:\/\/www.stac.es\/it\/wp-json\/wp\/v2\/users\/1"}],"replies":[{"embeddable":true,"href":"https:\/\/www.stac.es\/it\/wp-json\/wp\/v2\/comments?post=5673"}],"version-history":[{"count":7,"href":"https:\/\/www.stac.es\/it\/wp-json\/wp\/v2\/pages\/5673\/revisions"}],"predecessor-version":[{"id":6472,"href":"https:\/\/www.stac.es\/it\/wp-json\/wp\/v2\/pages\/5673\/revisions\/6472"}],"wp:attachment":[{"href":"https:\/\/www.stac.es\/it\/wp-json\/wp\/v2\/media?parent=5673"}],"curies":[{"name":"wp","href":"https:\/\/api.w.org\/{rel}","templated":true}]}}