{"id":70984,"date":"2025-03-03T09:21:23","date_gmt":"2025-03-03T09:21:23","guid":{"rendered":"https:\/\/www.stac.es\/?page_id=70984"},"modified":"2025-04-04T11:49:32","modified_gmt":"2025-04-04T11:49:32","slug":"politique-de-confidentialite","status":"publish","type":"page","link":"https:\/\/www.stac.es\/fr\/politique-de-confidentialite\/","title":{"rendered":"Politique de confidentialit\u00e9"},"content":{"rendered":"\n<p><strong>Identit\u00e9 du responsable du traitement des donn\u00e9es<\/strong>\u00a0: SISTEMAS T\u00c9CNICOS DEL ACCESORIO Y COMPONENTES S.L. (STAC). Entreprise inscrite au registre du commerce de Santiago, Tome 2\u00a0499, Folio 129, 4e Inscription, Feuille N\u00ba C-27.276<br><strong>NIF :<\/strong> B15799307<br><strong>Adresse postale :<\/strong> Pol\u00edgono Industrial Picusa S\/n 15900 \u2013 (Padr\u00f3n) \u2013 A Coru\u00f1a<br><strong>Adresse \u00e9lectronique :<\/strong><a href=\"mailto:rgpd@stac.es\"> rgpd@stac.es<\/a><br><strong>D\u00e9l\u00e9gu\u00e9 \u00e0 la protection des donn\u00e9es :<\/strong>\u00a0jose.nogueira@sistemius.com<\/p>\n\n\n\n<p><strong>Finalit\u00e9 du traitement<\/strong><\/p>\n\n\n\n<p>Les donn\u00e9es collect\u00e9es par le biais des formulaires inclus dans ce site web sont utilis\u00e9es pour envoyer des informations personnalis\u00e9es de la part du responsable du traitement en fonction des pr\u00e9f\u00e9rences exprim\u00e9es par l\u2019utilisateur.&nbsp;<\/p>\n\n\n\n<p><strong>L\u00e9gitimation<\/strong><\/p>\n\n\n\n<p>La base juridique du traitement des donn\u00e9es personnelles est le consentement donn\u00e9 par l\u2019utilisateur \u00e0 travers les cases ou \u00ab&nbsp;checkbox&nbsp;\u00bb du formulaire web ; ou l\u2019existence d\u2019une relation contractuelle entre les parties ; ou l\u2019existence d\u2019un int\u00e9r\u00eat l\u00e9gitime dans les cas o\u00f9 il est envisag\u00e9 par le RGPD.&nbsp;<\/p>\n\n\n\n<p><strong>Droits des utilisateurs<\/strong><\/p>\n\n\n\n<p>L\u2019utilisateur a le droit de demander l\u2019acc\u00e8s \u00e0 ses donn\u00e9es personnelles, de demander la rectification des donn\u00e9es inexactes ou, le cas \u00e9ch\u00e9ant, de demander leur suppression lorsque, entre autres raisons, les donn\u00e9es ne sont plus n\u00e9cessaires aux fins pour lesquelles elles ont \u00e9t\u00e9 collect\u00e9es, de demander la limitation du traitement de ses donn\u00e9es, auquel cas nous ne les conserverons que pour l\u2019exercice ou la d\u00e9fense de r\u00e9clamations, de s\u2019opposer au traitement de ses donn\u00e9es, auquel cas le responsable du traitement cessera de traiter ses donn\u00e9es, sauf pour des raisons l\u00e9gitimes imp\u00e9rieuses ou pour l\u2019exercice ou la d\u00e9fense d\u2019\u00e9ventuelles r\u00e9clamations et\/ou de demander la portabilit\u00e9 des donn\u00e9es.&nbsp;<\/p>\n\n\n\n<p><strong>Dur\u00e9e de conservation<\/strong><\/p>\n\n\n\n<p>Les donn\u00e9es fournies par les utilisateurs seront conserv\u00e9es pendant la dur\u00e9e strictement n\u00e9cessaire \u00e0 la r\u00e9alisation de la finalit\u00e9 pour laquelle elles ont \u00e9t\u00e9 collect\u00e9es. Par ailleurs, le consentement donn\u00e9 par le biais des formulaires de cette page est r\u00e9vocable, de sorte que vous pouvez \u00e0 tout moment demander l\u2019effacement de vos donn\u00e9es ou exercer l\u2019un des droits mentionn\u00e9s dans la section pr\u00e9c\u00e9dente.&nbsp;<\/p>\n\n\n\n<p><strong>Communication des donn\u00e9es<\/strong><\/p>\n\n\n\n<p>Les donn\u00e9es fournies ne seront pas divulgu\u00e9es ou transf\u00e9r\u00e9es \u00e0 des tiers, sauf en cas d\u2019obligation l\u00e9gale.&nbsp;<\/p>\n\n\n\n<p><strong>Transferts internationaux de donn\u00e9es :<\/strong>&nbsp;<\/p>\n\n\n\n<p>Nous ne stockons vos donn\u00e9es personnelles qu\u2019aupr\u00e8s de sous-traitants qui respectent les dispositions du r\u00e8glement g\u00e9n\u00e9ral sur la protection des donn\u00e9es. Tous les sous-traitants charg\u00e9s du stockage des donn\u00e9es sont situ\u00e9s dans l\u2019Espace \u00c9conomique Europ\u00e9en, dans des \u00c9tats et territoires qui garantissent un niveau de protection ad\u00e9quat en vertu du RGPD.&nbsp;<\/p>\n\n\n\n<p><strong>Loi applicable<\/strong><\/p>\n\n\n\n<p>Le r\u00e8glement g\u00e9n\u00e9ral sur la protection des donn\u00e9es (UE) n\u00b0 2016\/679 et la loi organique 3\/2018 sur la protection des donn\u00e9es personnelles et la garantie des droits num\u00e9riques s\u2019appliquent.&nbsp;<\/p>\n","protected":false},"excerpt":{"rendered":"<p>Identit\u00e9 du responsable du traitement des donn\u00e9es\u00a0: SISTEMAS T\u00c9CNICOS DEL ACCESORIO Y COMPONENTES S.L. (STAC). Entreprise inscrite au registre du commerce de Santiago, Tome 2\u00a0499, Folio 129, 4e Inscription, Feuille N\u00ba C-27.276NIF : B15799307Adresse postale : Pol\u00edgono Industrial Picusa S\/n 15900 \u2013 (Padr\u00f3n) \u2013 A Coru\u00f1aAdresse \u00e9lectronique : rgpd@stac.esD\u00e9l\u00e9gu\u00e9 \u00e0 la protection des donn\u00e9es :\u00a0jose.nogueira@sistemius.com [&hellip;]<\/p>\n","protected":false},"author":5842,"featured_media":0,"parent":0,"menu_order":0,"comment_status":"closed","ping_status":"closed","template":"template-texto.php","meta":{"_acf_changed":false,"footnotes":""},"class_list":["post-70984","page","type-page","status-publish","hentry"],"acf":[],"yoast_head":"<!-- This site is optimized with the Yoast SEO plugin v27.5 - https:\/\/yoast.com\/product\/yoast-seo-wordpress\/ -->\n<title>Politique de confidentialit\u00e9 - STAC<\/title>\n<meta name=\"robots\" content=\"index, follow, max-snippet:-1, max-image-preview:large, max-video-preview:-1\" \/>\n<link rel=\"canonical\" href=\"https:\/\/www.stac.es\/fr\/politique-de-confidentialite\/\" \/>\n<meta property=\"og:locale\" content=\"fr_FR\" \/>\n<meta property=\"og:type\" content=\"article\" \/>\n<meta property=\"og:title\" content=\"Politique de confidentialit\u00e9 - STAC\" \/>\n<meta property=\"og:description\" content=\"Identit\u00e9 du responsable du traitement des donn\u00e9es\u00a0: SISTEMAS T\u00c9CNICOS DEL ACCESORIO Y COMPONENTES S.L. (STAC). Entreprise inscrite au registre du commerce de Santiago, Tome 2\u00a0499, Folio 129, 4e Inscription, Feuille N\u00ba C-27.276NIF : B15799307Adresse postale : Pol\u00edgono Industrial Picusa S\/n 15900 \u2013 (Padr\u00f3n) \u2013 A Coru\u00f1aAdresse \u00e9lectronique : rgpd@stac.esD\u00e9l\u00e9gu\u00e9 \u00e0 la protection des donn\u00e9es :\u00a0jose.nogueira@sistemius.com [&hellip;]\" \/>\n<meta property=\"og:url\" content=\"https:\/\/www.stac.es\/fr\/politique-de-confidentialite\/\" \/>\n<meta property=\"og:site_name\" content=\"STAC\" \/>\n<meta property=\"article:modified_time\" content=\"2025-04-04T11:49:32+00:00\" \/>\n<meta name=\"twitter:card\" content=\"summary_large_image\" \/>\n<meta name=\"twitter:label1\" content=\"Dur\u00e9e de lecture estim\u00e9e\" \/>\n\t<meta name=\"twitter:data1\" content=\"2 minutes\" \/>\n<script type=\"application\/ld+json\" class=\"yoast-schema-graph\">{\"@context\":\"https:\\\/\\\/schema.org\",\"@graph\":[{\"@type\":\"WebPage\",\"@id\":\"https:\\\/\\\/www.stac.es\\\/fr\\\/politique-de-confidentialite\\\/\",\"url\":\"https:\\\/\\\/www.stac.es\\\/fr\\\/politique-de-confidentialite\\\/\",\"name\":\"Politique de confidentialit\u00e9 - STAC\",\"isPartOf\":{\"@id\":\"https:\\\/\\\/www.stac.es\\\/fr\\\/#website\"},\"datePublished\":\"2025-03-03T09:21:23+00:00\",\"dateModified\":\"2025-04-04T11:49:32+00:00\",\"breadcrumb\":{\"@id\":\"https:\\\/\\\/www.stac.es\\\/fr\\\/politique-de-confidentialite\\\/#breadcrumb\"},\"inLanguage\":\"fr-FR\",\"potentialAction\":[{\"@type\":\"ReadAction\",\"target\":[\"https:\\\/\\\/www.stac.es\\\/fr\\\/politique-de-confidentialite\\\/\"]}]},{\"@type\":\"BreadcrumbList\",\"@id\":\"https:\\\/\\\/www.stac.es\\\/fr\\\/politique-de-confidentialite\\\/#breadcrumb\",\"itemListElement\":[{\"@type\":\"ListItem\",\"position\":1,\"name\":\"Portada\",\"item\":\"https:\\\/\\\/www.stac.es\\\/fr\\\/\"},{\"@type\":\"ListItem\",\"position\":2,\"name\":\"Politique de confidentialit\u00e9\"}]},{\"@type\":\"WebSite\",\"@id\":\"https:\\\/\\\/www.stac.es\\\/fr\\\/#website\",\"url\":\"https:\\\/\\\/www.stac.es\\\/fr\\\/\",\"name\":\"STAC\",\"description\":\"Soluciones para sistemas de aluminio\",\"potentialAction\":[{\"@type\":\"SearchAction\",\"target\":{\"@type\":\"EntryPoint\",\"urlTemplate\":\"https:\\\/\\\/www.stac.es\\\/fr\\\/?s={search_term_string}\"},\"query-input\":{\"@type\":\"PropertyValueSpecification\",\"valueRequired\":true,\"valueName\":\"search_term_string\"}}],\"inLanguage\":\"fr-FR\"}]}<\/script>\n<!-- \/ Yoast SEO plugin. -->","yoast_head_json":{"title":"Politique de confidentialit\u00e9 - STAC","robots":{"index":"index","follow":"follow","max-snippet":"max-snippet:-1","max-image-preview":"max-image-preview:large","max-video-preview":"max-video-preview:-1"},"canonical":"https:\/\/www.stac.es\/fr\/politique-de-confidentialite\/","og_locale":"fr_FR","og_type":"article","og_title":"Politique de confidentialit\u00e9 - STAC","og_description":"Identit\u00e9 du responsable du traitement des donn\u00e9es\u00a0: SISTEMAS T\u00c9CNICOS DEL ACCESORIO Y COMPONENTES S.L. (STAC). Entreprise inscrite au registre du commerce de Santiago, Tome 2\u00a0499, Folio 129, 4e Inscription, Feuille N\u00ba C-27.276NIF : B15799307Adresse postale : Pol\u00edgono Industrial Picusa S\/n 15900 \u2013 (Padr\u00f3n) \u2013 A Coru\u00f1aAdresse \u00e9lectronique : rgpd@stac.esD\u00e9l\u00e9gu\u00e9 \u00e0 la protection des donn\u00e9es :\u00a0jose.nogueira@sistemius.com [&hellip;]","og_url":"https:\/\/www.stac.es\/fr\/politique-de-confidentialite\/","og_site_name":"STAC","article_modified_time":"2025-04-04T11:49:32+00:00","twitter_card":"summary_large_image","twitter_misc":{"Dur\u00e9e de lecture estim\u00e9e":"2 minutes"},"schema":{"@context":"https:\/\/schema.org","@graph":[{"@type":"WebPage","@id":"https:\/\/www.stac.es\/fr\/politique-de-confidentialite\/","url":"https:\/\/www.stac.es\/fr\/politique-de-confidentialite\/","name":"Politique de confidentialit\u00e9 - STAC","isPartOf":{"@id":"https:\/\/www.stac.es\/fr\/#website"},"datePublished":"2025-03-03T09:21:23+00:00","dateModified":"2025-04-04T11:49:32+00:00","breadcrumb":{"@id":"https:\/\/www.stac.es\/fr\/politique-de-confidentialite\/#breadcrumb"},"inLanguage":"fr-FR","potentialAction":[{"@type":"ReadAction","target":["https:\/\/www.stac.es\/fr\/politique-de-confidentialite\/"]}]},{"@type":"BreadcrumbList","@id":"https:\/\/www.stac.es\/fr\/politique-de-confidentialite\/#breadcrumb","itemListElement":[{"@type":"ListItem","position":1,"name":"Portada","item":"https:\/\/www.stac.es\/fr\/"},{"@type":"ListItem","position":2,"name":"Politique de confidentialit\u00e9"}]},{"@type":"WebSite","@id":"https:\/\/www.stac.es\/fr\/#website","url":"https:\/\/www.stac.es\/fr\/","name":"STAC","description":"Soluciones para sistemas de aluminio","potentialAction":[{"@type":"SearchAction","target":{"@type":"EntryPoint","urlTemplate":"https:\/\/www.stac.es\/fr\/?s={search_term_string}"},"query-input":{"@type":"PropertyValueSpecification","valueRequired":true,"valueName":"search_term_string"}}],"inLanguage":"fr-FR"}]}},"_links":{"self":[{"href":"https:\/\/www.stac.es\/fr\/wp-json\/wp\/v2\/pages\/70984","targetHints":{"allow":["GET"]}}],"collection":[{"href":"https:\/\/www.stac.es\/fr\/wp-json\/wp\/v2\/pages"}],"about":[{"href":"https:\/\/www.stac.es\/fr\/wp-json\/wp\/v2\/types\/page"}],"author":[{"embeddable":true,"href":"https:\/\/www.stac.es\/fr\/wp-json\/wp\/v2\/users\/5842"}],"replies":[{"embeddable":true,"href":"https:\/\/www.stac.es\/fr\/wp-json\/wp\/v2\/comments?post=70984"}],"version-history":[{"count":5,"href":"https:\/\/www.stac.es\/fr\/wp-json\/wp\/v2\/pages\/70984\/revisions"}],"predecessor-version":[{"id":73052,"href":"https:\/\/www.stac.es\/fr\/wp-json\/wp\/v2\/pages\/70984\/revisions\/73052"}],"wp:attachment":[{"href":"https:\/\/www.stac.es\/fr\/wp-json\/wp\/v2\/media?parent=70984"}],"curies":[{"name":"wp","href":"https:\/\/api.w.org\/{rel}","templated":true}]}}