{"id":38145,"date":"2021-03-30T14:39:58","date_gmt":"2021-03-30T14:39:58","guid":{"rendered":"https:\/\/www.stac.es\/eficiencia-energetica\/"},"modified":"2023-01-23T22:21:26","modified_gmt":"2023-01-23T22:21:26","slug":"energieeffizienz","status":"publish","type":"page","link":"https:\/\/www.stac.es\/de\/energieeffizienz\/","title":{"rendered":"Energieeffizienz"},"content":{"rendered":"\n<div class=\"wp-block-cover is-light separador-inferior\"><span aria-hidden=\"true\" class=\"wp-block-cover__background has-background-dim\"><\/span><img loading=\"lazy\" decoding=\"async\" width=\"2560\" height=\"1062\" class=\"wp-block-cover__image-background wp-image-1364\" alt=\"\" src=\"https:\/\/www.stac.es\/wp-content\/uploads\/2021\/03\/01_perfiles-scaled.jpg\" data-object-fit=\"cover\" srcset=\"https:\/\/www.stac.es\/wp-content\/uploads\/2021\/03\/01_perfiles-scaled.jpg 2560w, https:\/\/www.stac.es\/wp-content\/uploads\/2021\/03\/01_perfiles-300x124.jpg 300w, https:\/\/www.stac.es\/wp-content\/uploads\/2021\/03\/01_perfiles-1024x425.jpg 1024w, https:\/\/www.stac.es\/wp-content\/uploads\/2021\/03\/01_perfiles-768x318.jpg 768w, https:\/\/www.stac.es\/wp-content\/uploads\/2021\/03\/01_perfiles-1536x637.jpg 1536w, https:\/\/www.stac.es\/wp-content\/uploads\/2021\/03\/01_perfiles-2048x849.jpg 2048w\" sizes=\"auto, (max-width: 2560px) 100vw, 2560px\" \/><div class=\"wp-block-cover__inner-container is-layout-flow wp-block-cover-is-layout-flow\">\n<p class=\"has-text-align-center has-large-font-size\"><\/p>\n<\/div><\/div>\n\n\n\n<div class=\"wp-block-group wrapper\"><div class=\"wp-block-group__inner-container is-layout-flow wp-block-group-is-layout-flow\">\n<h1 class=\"has-text-align-center wp-block-heading\">Energieeffizienz<\/h1>\n\n\n\n<p class=\"has-text-align-center\">Bei STAC betrachten wir die Energieeffizienz als Ganzes innerhalb des Fenstersystems und entwerfen und konstruieren Produkte, die als Ganzes effizienter isolieren.<\/p>\n\n\n\n<div class=\"wp-block-group wrapper\"><div class=\"wp-block-group__inner-container is-layout-flow wp-block-group-is-layout-flow\">\n<div class=\"wp-block-columns is-layout-flex wp-container-core-columns-is-layout-9d6595d7 wp-block-columns-is-layout-flex\">\n<div class=\"wp-block-column is-layout-flow wp-block-column-is-layout-flow\">\n<figure class=\"wp-block-image size-large\"><img loading=\"lazy\" decoding=\"async\" width=\"285\" height=\"271\" src=\"https:\/\/www.stac.es\/wp-content\/uploads\/2020\/12\/juntas.jpg\" alt=\"\" class=\"wp-image-42\"\/><\/figure>\n\n\n\n<h3 class=\"wp-block-heading\">Isolierende Profile<\/h3>\n\n\n\n<p>Unsere Polyamid- und ABS-Profile sind der Schl\u00fcssel zu einer erfolgreichen thermischen Trennung.<\/p>\n<\/div>\n\n\n\n<div class=\"wp-block-column is-layout-flow wp-block-column-is-layout-flow\">\n<figure class=\"wp-block-image size-thumbnail is-resized\"><img decoding=\"async\" src=\"https:\/\/www.stac.es\/wp-content\/uploads\/2021\/03\/04_material-EPDM-min-400x400.jpg\" alt=\"\" class=\"wp-image-395\" height=\"271\" srcset=\"https:\/\/www.stac.es\/wp-content\/uploads\/2021\/03\/04_material-EPDM-min-400x400.jpg 400w, https:\/\/www.stac.es\/wp-content\/uploads\/2021\/03\/04_material-EPDM-min-300x300.jpg 300w, https:\/\/www.stac.es\/wp-content\/uploads\/2021\/03\/04_material-EPDM-min-1024x1024.jpg 1024w, https:\/\/www.stac.es\/wp-content\/uploads\/2021\/03\/04_material-EPDM-min-768x768.jpg 768w, https:\/\/www.stac.es\/wp-content\/uploads\/2021\/03\/04_material-EPDM-min-1536x1536.jpg 1536w, https:\/\/www.stac.es\/wp-content\/uploads\/2021\/03\/04_material-EPDM-min-2048x2048.jpg 2048w\" sizes=\"(max-width: 400px) 100vw, 400px\" \/><\/figure>\n\n\n\n<h3 class=\"wp-block-heading\">Dichtungen<\/h3>\n\n\n\n<p>Dank unserer Dichtungen werden Ihre Systeme wesentlich luftdichter, w\u00e4rme- und schallisoliert.<\/p>\n<\/div>\n\n\n\n<div class=\"wp-block-column is-layout-flow wp-block-column-is-layout-flow\">\n<figure class=\"wp-block-image size-large is-resized\"><img loading=\"lazy\" decoding=\"async\" src=\"https:\/\/www.stac.es\/wp-content\/uploads\/2021\/01\/herrajes-1.jpg\" alt=\"\" class=\"wp-image-325\" width=\"285\" height=\"271\"\/><\/figure>\n\n\n\n<h3 class=\"wp-block-heading\">Beschl\u00e4ge und Zubeh\u00f6r<\/h3>\n\n\n\n<p>Und schlie\u00dflich wird Ihr System dank unserer Hardware ordnungsgem\u00e4\u00df abgedichtet und von der Au\u00dfenwelt isoliert.<\/p>\n<\/div>\n<\/div>\n\n\n\n<p id=\"wrapper\"><\/p>\n<\/div><\/div>\n\n\n\n<div class=\"wp-block-columns is-layout-flex wp-container-core-columns-is-layout-9d6595d7 wp-block-columns-is-layout-flex\">\n<div class=\"wp-block-column is-layout-flow wp-block-column-is-layout-flow\"><div class=\"wp-block-image\">\n<figure class=\"alignright size-large is-resized\"><img loading=\"lazy\" decoding=\"async\" src=\"https:\/\/www.stac.es\/wp-content\/uploads\/2021\/03\/eficiencia-energetica-equipo.jpg\" alt=\"\" class=\"wp-image-1368\" width=\"682\" height=\"411\" srcset=\"https:\/\/www.stac.es\/wp-content\/uploads\/2021\/03\/eficiencia-energetica-equipo.jpg 909w, https:\/\/www.stac.es\/wp-content\/uploads\/2021\/03\/eficiencia-energetica-equipo-300x181.jpg 300w, https:\/\/www.stac.es\/wp-content\/uploads\/2021\/03\/eficiencia-energetica-equipo-768x463.jpg 768w\" sizes=\"auto, (max-width: 682px) 100vw, 682px\" \/><\/figure><\/div><\/div>\n\n\n\n<div class=\"wp-block-column is-layout-flow wp-block-column-is-layout-flow\">\n<h2 class=\"wp-block-heading\">Ein engagiertes Team<\/h2>\n\n\n\n<p class=\"has-black-color has-text-color\">Bei STAC bieten wir Ihnen nicht nur unsere besten Produkte f\u00fcr die thermische und akustische Isolierung Ihrer Anlagen, sondern auch ein Team, das sich zu 100 % daf\u00fcr einsetzt, Ihnen die besten L\u00f6sungen zu bieten.<\/p>\n\n\n\n<p class=\"has-black-color has-text-color\">Dank unseres integrierten technischen B\u00fcros k\u00f6nnen wir Ihnen alle Verbesserungen in der Konstruktion von Isolierprofilen, Dichtungen, Beschl\u00e4gen und Zubeh\u00f6r anbieten, um gemeinsam zu verbessern.<\/p>\n\n\n\n<p class=\"has-black-color has-text-color\">Wir verf\u00fcgen \u00fcber 20 Jahre Erfahrung in der Entwicklung von ma\u00dfgeschneiderten L\u00f6sungen f\u00fcr Systemiker und bieten Ihnen unsere gesamte Erfahrung an, um ein H\u00f6chstma\u00df an Qualit\u00e4t und Isolierung zu erreichen.<\/p>\n<\/div>\n<\/div>\n<\/div><\/div>\n\n\n\n<div class=\"wp-block-columns is-layout-flex wp-container-core-columns-is-layout-9d6595d7 wp-block-columns-is-layout-flex\">\n<div class=\"wp-block-column is-layout-flow wp-block-column-is-layout-flow\" style=\"flex-basis:100%\">\n<div class=\"wp-block-column is-layout-flow wp-block-column-is-layout-flow\" style=\"flex-basis:100%\"><\/div>\n<\/div>\n<\/div>\n\n\n\n<p><\/p>\n","protected":false},"excerpt":{"rendered":"<p>Energieeffizienz Bei STAC betrachten wir die Energieeffizienz als Ganzes innerhalb des Fenstersystems und entwerfen und konstruieren Produkte, die als Ganzes effizienter isolieren. Isolierende Profile Unsere Polyamid- und ABS-Profile sind der Schl\u00fcssel zu einer erfolgreichen thermischen Trennung. Dichtungen Dank unserer Dichtungen werden Ihre Systeme wesentlich luftdichter, w\u00e4rme- und schallisoliert. Beschl\u00e4ge und Zubeh\u00f6r Und schlie\u00dflich wird Ihr [&hellip;]<\/p>\n","protected":false},"author":1,"featured_media":0,"parent":0,"menu_order":0,"comment_status":"closed","ping_status":"closed","template":"","meta":{"_acf_changed":false,"footnotes":""},"class_list":["post-38145","page","type-page","status-publish","hentry"],"acf":[],"yoast_head":"<!-- This site is optimized with the Yoast SEO plugin v27.5 - https:\/\/yoast.com\/product\/yoast-seo-wordpress\/ -->\n<title>Energieeffizienz - STAC<\/title>\n<meta name=\"robots\" content=\"index, follow, max-snippet:-1, max-image-preview:large, max-video-preview:-1\" \/>\n<link rel=\"canonical\" href=\"https:\/\/www.stac.es\/de\/energieeffizienz\/\" \/>\n<meta property=\"og:locale\" content=\"de_DE\" \/>\n<meta property=\"og:type\" content=\"article\" \/>\n<meta property=\"og:title\" content=\"Energieeffizienz - STAC\" \/>\n<meta property=\"og:description\" content=\"Energieeffizienz Bei STAC betrachten wir die Energieeffizienz als Ganzes innerhalb des Fenstersystems und entwerfen und konstruieren Produkte, die als Ganzes effizienter isolieren. Isolierende Profile Unsere Polyamid- und ABS-Profile sind der Schl\u00fcssel zu einer erfolgreichen thermischen Trennung. Dichtungen Dank unserer Dichtungen werden Ihre Systeme wesentlich luftdichter, w\u00e4rme- und schallisoliert. Beschl\u00e4ge und Zubeh\u00f6r Und schlie\u00dflich wird Ihr [&hellip;]\" \/>\n<meta property=\"og:url\" content=\"https:\/\/www.stac.es\/de\/energieeffizienz\/\" \/>\n<meta property=\"og:site_name\" content=\"STAC\" \/>\n<meta property=\"article:modified_time\" content=\"2023-01-23T22:21:26+00:00\" \/>\n<meta property=\"og:image\" content=\"https:\/\/www.stac.es\/wp-content\/uploads\/2021\/03\/01_perfiles-scaled.jpg\" \/>\n<meta name=\"twitter:card\" content=\"summary_large_image\" \/>\n<meta name=\"twitter:label1\" content=\"Gesch\u00e4tzte Lesezeit\" \/>\n\t<meta name=\"twitter:data1\" content=\"1\u00a0Minute\" \/>\n<script type=\"application\/ld+json\" class=\"yoast-schema-graph\">{\"@context\":\"https:\\\/\\\/schema.org\",\"@graph\":[{\"@type\":\"WebPage\",\"@id\":\"https:\\\/\\\/www.stac.es\\\/de\\\/energieeffizienz\\\/\",\"url\":\"https:\\\/\\\/www.stac.es\\\/de\\\/energieeffizienz\\\/\",\"name\":\"Energieeffizienz - STAC\",\"isPartOf\":{\"@id\":\"https:\\\/\\\/www.stac.es\\\/de\\\/#website\"},\"primaryImageOfPage\":{\"@id\":\"https:\\\/\\\/www.stac.es\\\/de\\\/energieeffizienz\\\/#primaryimage\"},\"image\":{\"@id\":\"https:\\\/\\\/www.stac.es\\\/de\\\/energieeffizienz\\\/#primaryimage\"},\"thumbnailUrl\":\"https:\\\/\\\/www.stac.es\\\/wp-content\\\/uploads\\\/2021\\\/03\\\/01_perfiles-scaled.jpg\",\"datePublished\":\"2021-03-30T14:39:58+00:00\",\"dateModified\":\"2023-01-23T22:21:26+00:00\",\"breadcrumb\":{\"@id\":\"https:\\\/\\\/www.stac.es\\\/de\\\/energieeffizienz\\\/#breadcrumb\"},\"inLanguage\":\"de\",\"potentialAction\":[{\"@type\":\"ReadAction\",\"target\":[\"https:\\\/\\\/www.stac.es\\\/de\\\/energieeffizienz\\\/\"]}]},{\"@type\":\"ImageObject\",\"inLanguage\":\"de\",\"@id\":\"https:\\\/\\\/www.stac.es\\\/de\\\/energieeffizienz\\\/#primaryimage\",\"url\":\"https:\\\/\\\/www.stac.es\\\/wp-content\\\/uploads\\\/2021\\\/03\\\/01_perfiles-scaled.jpg\",\"contentUrl\":\"https:\\\/\\\/www.stac.es\\\/wp-content\\\/uploads\\\/2021\\\/03\\\/01_perfiles-scaled.jpg\"},{\"@type\":\"BreadcrumbList\",\"@id\":\"https:\\\/\\\/www.stac.es\\\/de\\\/energieeffizienz\\\/#breadcrumb\",\"itemListElement\":[{\"@type\":\"ListItem\",\"position\":1,\"name\":\"Portada\",\"item\":\"https:\\\/\\\/www.stac.es\\\/de\\\/\"},{\"@type\":\"ListItem\",\"position\":2,\"name\":\"Energieeffizienz\"}]},{\"@type\":\"WebSite\",\"@id\":\"https:\\\/\\\/www.stac.es\\\/de\\\/#website\",\"url\":\"https:\\\/\\\/www.stac.es\\\/de\\\/\",\"name\":\"STAC\",\"description\":\"Soluciones para sistemas de aluminio\",\"potentialAction\":[{\"@type\":\"SearchAction\",\"target\":{\"@type\":\"EntryPoint\",\"urlTemplate\":\"https:\\\/\\\/www.stac.es\\\/de\\\/?s={search_term_string}\"},\"query-input\":{\"@type\":\"PropertyValueSpecification\",\"valueRequired\":true,\"valueName\":\"search_term_string\"}}],\"inLanguage\":\"de\"}]}<\/script>\n<!-- \/ Yoast SEO plugin. -->","yoast_head_json":{"title":"Energieeffizienz - STAC","robots":{"index":"index","follow":"follow","max-snippet":"max-snippet:-1","max-image-preview":"max-image-preview:large","max-video-preview":"max-video-preview:-1"},"canonical":"https:\/\/www.stac.es\/de\/energieeffizienz\/","og_locale":"de_DE","og_type":"article","og_title":"Energieeffizienz - STAC","og_description":"Energieeffizienz Bei STAC betrachten wir die Energieeffizienz als Ganzes innerhalb des Fenstersystems und entwerfen und konstruieren Produkte, die als Ganzes effizienter isolieren. Isolierende Profile Unsere Polyamid- und ABS-Profile sind der Schl\u00fcssel zu einer erfolgreichen thermischen Trennung. Dichtungen Dank unserer Dichtungen werden Ihre Systeme wesentlich luftdichter, w\u00e4rme- und schallisoliert. Beschl\u00e4ge und Zubeh\u00f6r Und schlie\u00dflich wird Ihr [&hellip;]","og_url":"https:\/\/www.stac.es\/de\/energieeffizienz\/","og_site_name":"STAC","article_modified_time":"2023-01-23T22:21:26+00:00","og_image":[{"url":"https:\/\/www.stac.es\/wp-content\/uploads\/2021\/03\/01_perfiles-scaled.jpg","type":"","width":"","height":""}],"twitter_card":"summary_large_image","twitter_misc":{"Gesch\u00e4tzte Lesezeit":"1\u00a0Minute"},"schema":{"@context":"https:\/\/schema.org","@graph":[{"@type":"WebPage","@id":"https:\/\/www.stac.es\/de\/energieeffizienz\/","url":"https:\/\/www.stac.es\/de\/energieeffizienz\/","name":"Energieeffizienz - STAC","isPartOf":{"@id":"https:\/\/www.stac.es\/de\/#website"},"primaryImageOfPage":{"@id":"https:\/\/www.stac.es\/de\/energieeffizienz\/#primaryimage"},"image":{"@id":"https:\/\/www.stac.es\/de\/energieeffizienz\/#primaryimage"},"thumbnailUrl":"https:\/\/www.stac.es\/wp-content\/uploads\/2021\/03\/01_perfiles-scaled.jpg","datePublished":"2021-03-30T14:39:58+00:00","dateModified":"2023-01-23T22:21:26+00:00","breadcrumb":{"@id":"https:\/\/www.stac.es\/de\/energieeffizienz\/#breadcrumb"},"inLanguage":"de","potentialAction":[{"@type":"ReadAction","target":["https:\/\/www.stac.es\/de\/energieeffizienz\/"]}]},{"@type":"ImageObject","inLanguage":"de","@id":"https:\/\/www.stac.es\/de\/energieeffizienz\/#primaryimage","url":"https:\/\/www.stac.es\/wp-content\/uploads\/2021\/03\/01_perfiles-scaled.jpg","contentUrl":"https:\/\/www.stac.es\/wp-content\/uploads\/2021\/03\/01_perfiles-scaled.jpg"},{"@type":"BreadcrumbList","@id":"https:\/\/www.stac.es\/de\/energieeffizienz\/#breadcrumb","itemListElement":[{"@type":"ListItem","position":1,"name":"Portada","item":"https:\/\/www.stac.es\/de\/"},{"@type":"ListItem","position":2,"name":"Energieeffizienz"}]},{"@type":"WebSite","@id":"https:\/\/www.stac.es\/de\/#website","url":"https:\/\/www.stac.es\/de\/","name":"STAC","description":"Soluciones para sistemas de aluminio","potentialAction":[{"@type":"SearchAction","target":{"@type":"EntryPoint","urlTemplate":"https:\/\/www.stac.es\/de\/?s={search_term_string}"},"query-input":{"@type":"PropertyValueSpecification","valueRequired":true,"valueName":"search_term_string"}}],"inLanguage":"de"}]}},"_links":{"self":[{"href":"https:\/\/www.stac.es\/de\/wp-json\/wp\/v2\/pages\/38145","targetHints":{"allow":["GET"]}}],"collection":[{"href":"https:\/\/www.stac.es\/de\/wp-json\/wp\/v2\/pages"}],"about":[{"href":"https:\/\/www.stac.es\/de\/wp-json\/wp\/v2\/types\/page"}],"author":[{"embeddable":true,"href":"https:\/\/www.stac.es\/de\/wp-json\/wp\/v2\/users\/1"}],"replies":[{"embeddable":true,"href":"https:\/\/www.stac.es\/de\/wp-json\/wp\/v2\/comments?post=38145"}],"version-history":[{"count":1,"href":"https:\/\/www.stac.es\/de\/wp-json\/wp\/v2\/pages\/38145\/revisions"}],"predecessor-version":[{"id":38147,"href":"https:\/\/www.stac.es\/de\/wp-json\/wp\/v2\/pages\/38145\/revisions\/38147"}],"wp:attachment":[{"href":"https:\/\/www.stac.es\/de\/wp-json\/wp\/v2\/media?parent=38145"}],"curies":[{"name":"wp","href":"https:\/\/api.w.org\/{rel}","templated":true}]}}